{"id":112,"date":"2014-01-26T16:11:31","date_gmt":"2014-01-26T14:11:31","guid":{"rendered":"http:\/\/wordpress.nibis.de\/gsrosche\/?page_id=112"},"modified":"2019-03-10T17:54:24","modified_gmt":"2019-03-10T16:54:24","slug":"vorlesewettbewerb","status":"publish","type":"page","link":"https:\/\/wordpress.nibis.de\/gsrosche\/schulleben\/vorlesewettbewerb\/","title":{"rendered":"Vorlesewettbewerb"},"content":{"rendered":"<p align=\"center\"><b><span style=\"text-decoration: underline\">VORLESEWETTBEWERB<\/span><\/b><\/p>\n<p><b>\u00a0<\/b>Seit dem Schuljahr 2001\/02 findet an unserer Schule ein Vorlesewettbewerb der Jahrgangsstufen 2-4 statt. Dazu treten aus jeder Klasse zwei Sch\u00fcler\/innen in den einzelnen Jahrg\u00e4ngen gegeneinander an. Dabei sind alle Sch\u00fcler\/innen des jeweiligen Jahrgangs in dem sch\u00f6n ausgestatteten Leseraum dabei und dr\u00fccken ihren Klassenkameraden die Daumen. Zuerst lesen die Sch\u00fcler\/innen der Klassen 2, danach folgen in den weiteren Schulstunden die Jahrg\u00e4nge 3+4.<\/p>\n<p>Jede\/r Leser\/in bereitet einen selbst gew\u00e4hlten Text (max. 5 Minuten) zu Hause bzw. in der Schule vor. Dieser wird zuerst vorgetragen. Anschlie\u00dfend erwartet den\/die Vorleser\/in ein fremder Text, welcher von den Deutschlehrkr\u00e4ften ausgesucht wurde.<\/p>\n<p>Die Jury, welche aus ehemaligen Lehrer\/innen unserer Schule und der jetzigen Schulleitung besteht, ermittelt mit Hilfe eines selbst entwickelten Wertungsbogens die Jahrgangsbesten. Die Platzierungen 1-3 erhalten eine Urkunde und einen Buchpreis, welcher von der Sparkasse gestiftet wird. Die weiteren Teilnehmer bekommen eine Urkunde und einen Trostpreis. Der Sieger der Klassenstufe 4 starten beim Kreisvorlesewettbewerb des Landkreises Uelzen.<\/p>\n<p>Mit Hilfe eines Zeitungsberichtes in der Tageszeitung (AZ) pr\u00e4sentieren wir die besten Leser unserer Schule der \u00d6ffentlichkeit.<\/p>\n","protected":false},"excerpt":{"rendered":"<p>VORLESEWETTBEWERB \u00a0Seit dem Schuljahr 2001\/02 findet an unserer Schule ein Vorlesewettbewerb der Jahrgangsstufen 2-4 statt. Dazu treten aus jeder Klasse zwei Sch\u00fcler\/innen in den einzelnen Jahrg\u00e4ngen gegeneinander an. Dabei sind alle Sch\u00fcler\/innen des jeweiligen Jahrgangs in dem sch\u00f6n ausgestatteten Leseraum dabei und dr\u00fccken ihren Klassenkameraden die Daumen. Zuerst lesen die Sch\u00fcler\/innen der Klassen 2, danach &hellip; <a href=\"https:\/\/wordpress.nibis.de\/gsrosche\/schulleben\/vorlesewettbewerb\/\" class=\"more-link\">Weiterlesen <span class=\"screen-reader-text\">Vorlesewettbewerb<\/span><\/a><\/p>\n","protected":false},"author":103,"featured_media":0,"parent":44,"menu_order":0,"comment_status":"closed","ping_status":"closed","template":"","meta":{"footnotes":""},"class_list":["post-112","page","type-page","status-publish","hentry","without-featured-image"],"_links":{"self":[{"href":"https:\/\/wordpress.nibis.de\/gsrosche\/wp-json\/wp\/v2\/pages\/112","targetHints":{"allow":["GET"]}}],"collection":[{"href":"https:\/\/wordpress.nibis.de\/gsrosche\/wp-json\/wp\/v2\/pages"}],"about":[{"href":"https:\/\/wordpress.nibis.de\/gsrosche\/wp-json\/wp\/v2\/types\/page"}],"author":[{"embeddable":true,"href":"https:\/\/wordpress.nibis.de\/gsrosche\/wp-json\/wp\/v2\/users\/103"}],"replies":[{"embeddable":true,"href":"https:\/\/wordpress.nibis.de\/gsrosche\/wp-json\/wp\/v2\/comments?post=112"}],"version-history":[{"count":4,"href":"https:\/\/wordpress.nibis.de\/gsrosche\/wp-json\/wp\/v2\/pages\/112\/revisions"}],"predecessor-version":[{"id":764,"href":"https:\/\/wordpress.nibis.de\/gsrosche\/wp-json\/wp\/v2\/pages\/112\/revisions\/764"}],"up":[{"embeddable":true,"href":"https:\/\/wordpress.nibis.de\/gsrosche\/wp-json\/wp\/v2\/pages\/44"}],"wp:attachment":[{"href":"https:\/\/wordpress.nibis.de\/gsrosche\/wp-json\/wp\/v2\/media?parent=112"}],"curies":[{"name":"wp","href":"https:\/\/api.w.org\/{rel}","templated":true}]}}