{"id":115,"date":"2014-01-26T16:12:50","date_gmt":"2014-01-26T14:12:50","guid":{"rendered":"http:\/\/wordpress.nibis.de\/gsrosche\/?page_id=115"},"modified":"2025-09-01T13:08:26","modified_gmt":"2025-09-01T11:08:26","slug":"leitbild","status":"publish","type":"page","link":"https:\/\/wordpress.nibis.de\/gsrosche\/schulleben\/leitbild\/","title":{"rendered":"Leitbild"},"content":{"rendered":"<p align=\"center\"><b><span style=\"text-decoration: underline\">Unser Leitbild<\/span><\/b><\/p>\n<p>\u00a0<i>\u201eSage es mir und ich werde es vergessen,<\/i><\/p>\n<p><i>Zeige es mir und ich werde mich daran erinnern,<\/i><\/p>\n<p><i>Beteilige mich und ich werde es k\u00f6nnen.\u201c<\/i><\/p>\n<p><i>\u00a0\u00a0\u00a0\u00a0\u00a0\u00a0\u00a0\u00a0\u00a0\u00a0\u00a0\u00a0\u00a0\u00a0\u00a0\u00a0\u00a0\u00a0\u00a0\u00a0\u00a0\u00a0\u00a0\u00a0\u00a0 \u00a0\u00a0\u00a0\u00a0\u00a0\u00a0\u00a0\u00a0\u00a0\u00a0\u00a0\u00a0\u00a0\u00a0\u00a0\u00a0\u00a0\u00a0\u00a0\u00a0\u00a0\u00a0\u00a0\u00a0\u00a0\u00a0\u00a0\u00a0\u00a0\u00a0\u00a0\u00a0\u00a0\u00a0\u00a0\u00a0\u00a0\u00a0\u00a0\u00a0\u00a0\u00a0\u00a0\u00a0\u00a0\u00a0\u00a0\u00a0\u00a0\u00a0\u00a0Lao Tse<\/i><\/p>\n<p>Wir w\u00fcnschen uns unsere Schule als sozialen Lebensraum, den wir gemeinsam gestalten und in dem sich alle Beteiligten wohl f\u00fchlen.<\/p>\n<p>Durch\u00a0 kompetenten und abwechslungsreich gestalteten Unterricht unter Nutzung digitaler Medien sowie durch vielf\u00e4ltige Aktivit\u00e4ten, Bewegungsimpulse und Rituale f\u00f6rdern wir Freude und Neugierde am Lernen und ermutigen alle am Schulleben Beteiligten, selbstbewusst ihre Zukunft zu gestalten. Die Musik spielt dabei eine besondere Rolle: Sie verbindet, st\u00e4rkt das Miteinander und unterst\u00fctzt kreatives Lernen in allen Bereichen.<\/p>\n<p>Als Kinderrechteschule und Umweltschule legen wir einen Grundstein f\u00fcr verantwortungsvolles Denken und Handeln in der Gesellschaft.<\/p>\n","protected":false},"excerpt":{"rendered":"<p>Unser Leitbild \u00a0\u201eSage es mir und ich werde es vergessen, Zeige es mir und ich werde mich daran erinnern, Beteilige mich und ich werde es k\u00f6nnen.\u201c \u00a0\u00a0\u00a0\u00a0\u00a0\u00a0\u00a0\u00a0\u00a0\u00a0\u00a0\u00a0\u00a0\u00a0\u00a0\u00a0\u00a0\u00a0\u00a0\u00a0\u00a0\u00a0\u00a0\u00a0\u00a0 \u00a0\u00a0\u00a0\u00a0\u00a0\u00a0\u00a0\u00a0\u00a0\u00a0\u00a0\u00a0\u00a0\u00a0\u00a0\u00a0\u00a0\u00a0\u00a0\u00a0\u00a0\u00a0\u00a0\u00a0\u00a0\u00a0\u00a0\u00a0\u00a0\u00a0\u00a0\u00a0\u00a0\u00a0\u00a0\u00a0\u00a0\u00a0\u00a0\u00a0\u00a0\u00a0\u00a0\u00a0\u00a0\u00a0\u00a0\u00a0\u00a0\u00a0\u00a0Lao Tse Wir w\u00fcnschen uns unsere Schule als sozialen Lebensraum, den wir gemeinsam gestalten und in dem sich alle Beteiligten wohl f\u00fchlen. Durch\u00a0 kompetenten und abwechslungsreich gestalteten Unterricht &hellip; <a href=\"https:\/\/wordpress.nibis.de\/gsrosche\/schulleben\/leitbild\/\" class=\"more-link\">Weiterlesen <span class=\"screen-reader-text\">Leitbild<\/span><\/a><\/p>\n","protected":false},"author":103,"featured_media":0,"parent":44,"menu_order":0,"comment_status":"closed","ping_status":"closed","template":"","meta":{"footnotes":""},"class_list":["post-115","page","type-page","status-publish","hentry","without-featured-image"],"_links":{"self":[{"href":"https:\/\/wordpress.nibis.de\/gsrosche\/wp-json\/wp\/v2\/pages\/115","targetHints":{"allow":["GET"]}}],"collection":[{"href":"https:\/\/wordpress.nibis.de\/gsrosche\/wp-json\/wp\/v2\/pages"}],"about":[{"href":"https:\/\/wordpress.nibis.de\/gsrosche\/wp-json\/wp\/v2\/types\/page"}],"author":[{"embeddable":true,"href":"https:\/\/wordpress.nibis.de\/gsrosche\/wp-json\/wp\/v2\/users\/103"}],"replies":[{"embeddable":true,"href":"https:\/\/wordpress.nibis.de\/gsrosche\/wp-json\/wp\/v2\/comments?post=115"}],"version-history":[{"count":2,"href":"https:\/\/wordpress.nibis.de\/gsrosche\/wp-json\/wp\/v2\/pages\/115\/revisions"}],"predecessor-version":[{"id":1155,"href":"https:\/\/wordpress.nibis.de\/gsrosche\/wp-json\/wp\/v2\/pages\/115\/revisions\/1155"}],"up":[{"embeddable":true,"href":"https:\/\/wordpress.nibis.de\/gsrosche\/wp-json\/wp\/v2\/pages\/44"}],"wp:attachment":[{"href":"https:\/\/wordpress.nibis.de\/gsrosche\/wp-json\/wp\/v2\/media?parent=115"}],"curies":[{"name":"wp","href":"https:\/\/api.w.org\/{rel}","templated":true}]}}