{"id":199,"date":"2014-02-03T21:38:25","date_gmt":"2014-02-03T19:38:25","guid":{"rendered":"http:\/\/wordpress.nibis.de\/gsrosche\/?page_id=199"},"modified":"2014-02-03T21:38:25","modified_gmt":"2014-02-03T19:38:25","slug":"schulordnung","status":"publish","type":"page","link":"https:\/\/wordpress.nibis.de\/gsrosche\/schulleben\/schulordnung\/","title":{"rendered":"Schulordnung"},"content":{"rendered":"<p>In unserer Schule treffen sich jeden Tag viele Menschen auf engem Raum. Damit sich hier alle wohl f\u00fchlen k\u00f6nnen, wollen wir aufeinander R\u00fccksicht nehmen. Deshalb vereinbaren wir folgende Schulordnung:<\/p>\n<ul>\n<li>Wir gehen alle nach Betreten der Schule in unseren Unterrichtsraum und verhalten uns dort ruhig.\u00a0 Wenn unser Lehrer 10 Minuten nach dem Klingeln noch nicht erschienen ist, geht der Klassensprecher zum\u00a0Lehrerzimmer oder Sekretariat und erkundigt sich.<\/li>\n<li>W\u00e4hrend der Schulzeit verlassen wir <b><span style=\"text-decoration: underline\">nicht<\/span><\/b> das Schulgel\u00e4nde.<\/li>\n<li>Wir rennen nicht im Schulgeb\u00e4ude und klettern oder rutschen nicht auf dem Treppengel\u00e4nder.<\/li>\n<li>Im Schulgeb\u00e4ude verhalten wir uns ruhig.<\/li>\n<li>Wir gehen in der gro\u00dfen Pause alle auf den Schulhof, bei schlechtem Wetter in die Pausenhalle.<\/li>\n<li>Wenn wir in der Pause Probleme haben, wenden wir uns an die Pausenaufsicht und h\u00f6ren auf deren Anweisungen.<\/li>\n<li>Wir halten uns in den Toilettenr\u00e4umen nur so lange wie n\u00f6tig auf und achten dort besonders auf Sauberkeit.<\/li>\n<li>M\u00fcll werfen wir nur in die <b><span style=\"text-decoration: underline\">richtigen<\/span><\/b> Beh\u00e4lter.<\/li>\n<li>Wir helfen mit, Energie zu sparen (Licht, Heizung, Wasser)<\/li>\n<li>Auf dem Schulhof betreten wir keine Gr\u00fcnanlagen und schonen unsere Pflanzen.<\/li>\n<li>Wir nehmen R\u00fccksicht auf unsere Mitsch\u00fcler und werfen <b><span style=\"text-decoration: underline\">nicht<\/span><\/b> mit Schneeb\u00e4llen, Eicheln, Hagebutten und \u00c4hnlichem.<\/li>\n<li>Wir nehmen <b><span style=\"text-decoration: underline\">keine<\/span><\/b> elektronischen Ger\u00e4te (Handy, MP3-Player, Nintendo o.\u00e4.) mit\u00a0 in die Schule, bei Verlust wird keine Entsch\u00e4digung gew\u00e4hrt.<\/li>\n<li>Fahrr\u00e4der stellen wir nur im Fahrradstand unter und schlie\u00dfen sie ab.<\/li>\n<li>Die Fahrsch\u00fcler\/innen warten nach\u00a0 dem Unterricht in der Halle auf ihren Bus.<\/li>\n<li>Wir gehen sorgf\u00e4ltig mit Arbeitsmaterialien, sowie Spielen und Spielger\u00e4ten um.<\/li>\n<\/ul>\n<p>Bei vors\u00e4tzlich herbeigef\u00fchrten Sch\u00e4den haften die Erziehungsberechtigten.<\/p>\n<ul>\n<li>Im Alarmfall halten wir uns an die \u201ebesonderen Bestimmungen\u201c.<\/li>\n<\/ul>\n<p>&nbsp;<\/p>\n<p>&nbsp;<\/p>\n","protected":false},"excerpt":{"rendered":"<p>In unserer Schule treffen sich jeden Tag viele Menschen auf engem Raum. Damit sich hier alle wohl f\u00fchlen k\u00f6nnen, wollen wir aufeinander R\u00fccksicht nehmen. Deshalb vereinbaren wir folgende Schulordnung: Wir gehen alle nach Betreten der Schule in unseren Unterrichtsraum und verhalten uns dort ruhig.\u00a0 Wenn unser Lehrer 10 Minuten nach dem Klingeln noch nicht erschienen &hellip; <a href=\"https:\/\/wordpress.nibis.de\/gsrosche\/schulleben\/schulordnung\/\" class=\"more-link\">Weiterlesen <span class=\"screen-reader-text\">Schulordnung<\/span><\/a><\/p>\n","protected":false},"author":103,"featured_media":0,"parent":44,"menu_order":0,"comment_status":"closed","ping_status":"closed","template":"","meta":{"footnotes":""},"class_list":["post-199","page","type-page","status-publish","hentry","without-featured-image"],"_links":{"self":[{"href":"https:\/\/wordpress.nibis.de\/gsrosche\/wp-json\/wp\/v2\/pages\/199","targetHints":{"allow":["GET"]}}],"collection":[{"href":"https:\/\/wordpress.nibis.de\/gsrosche\/wp-json\/wp\/v2\/pages"}],"about":[{"href":"https:\/\/wordpress.nibis.de\/gsrosche\/wp-json\/wp\/v2\/types\/page"}],"author":[{"embeddable":true,"href":"https:\/\/wordpress.nibis.de\/gsrosche\/wp-json\/wp\/v2\/users\/103"}],"replies":[{"embeddable":true,"href":"https:\/\/wordpress.nibis.de\/gsrosche\/wp-json\/wp\/v2\/comments?post=199"}],"version-history":[{"count":2,"href":"https:\/\/wordpress.nibis.de\/gsrosche\/wp-json\/wp\/v2\/pages\/199\/revisions"}],"predecessor-version":[{"id":201,"href":"https:\/\/wordpress.nibis.de\/gsrosche\/wp-json\/wp\/v2\/pages\/199\/revisions\/201"}],"up":[{"embeddable":true,"href":"https:\/\/wordpress.nibis.de\/gsrosche\/wp-json\/wp\/v2\/pages\/44"}],"wp:attachment":[{"href":"https:\/\/wordpress.nibis.de\/gsrosche\/wp-json\/wp\/v2\/media?parent=199"}],"curies":[{"name":"wp","href":"https:\/\/api.w.org\/{rel}","templated":true}]}}