{"id":206,"date":"2014-02-03T21:56:11","date_gmt":"2014-02-03T19:56:11","guid":{"rendered":"http:\/\/wordpress.nibis.de\/gsrosche\/?page_id=206"},"modified":"2014-02-03T21:56:11","modified_gmt":"2014-02-03T19:56:11","slug":"geschaeftsordnung","status":"publish","type":"page","link":"https:\/\/wordpress.nibis.de\/gsrosche\/schulleben\/schulvorstand\/geschaeftsordnung\/","title":{"rendered":"Gesch\u00e4ftsordnung"},"content":{"rendered":"<p align=\"center\"><i><span style=\"text-decoration: underline\">Gesch\u00e4ftsordnung des Schulvorstandes<\/span><\/i><\/p>\n<p>\u00a01. Die\u00a0Einberufung einer Sitzung erfolgt durch die Schulleitung.<\/p>\n<p>2. Eine\u00a0Sitzung kann beantragt werden, wenn \u00bc der Mitglieder dies w\u00fcnschen.<\/p>\n<p>3. Die Einladungsfrist betr\u00e4gt 10 Tage.<\/p>\n<p>4. Den\u00a0Vorsitz der Sitzung hat die Schulleitung.<\/p>\n<p>5. Antr\u00e4ge\u00a0f\u00fcr zus\u00e4tzliche Punkte zur Tagesordnung m\u00fcssen zwei Tage vor Konferenzbeginn vorliegen.<\/p>\n<p>6. \u00dcber\u00a0die Tagesordnung wird zu Beginn der Sitzung entschieden und abgestimmt.<\/p>\n<p>7. \u00dcber\u00a0die Sitzung wird ein Protokoll angefertigt, das zu Beginn jeder Sitzung \u00a0\u00a0\u00a0\u00a0 genehmigt wird.<\/p>\n<p>8. Die\u00a0Sammlung der Protokolle erfolgt durch die Schulleitung.<\/p>\n<p>9. Die\u00a0Protokolle werden den Mitgliedern des Schulvorstandes innerhalb von drei Wochen zugesandt.<\/p>\n<p>10. Die\u00a0Protokollf\u00fchrung erfolgt abwechselnd.<\/p>\n<p>11. Der\u00a0Schulvorstand tagt mindestens zweimal im Jahr, weitere Sitzungen werden\u00a0nach Bedarf einberufen.<\/p>\n<p>12. Die\u00a0Sitzungen des Schulvorstandes sind nicht \u00f6ffentlich.<\/p>\n<p>13. Es ist\u00a0m\u00f6glich, dass der Schulvorstand zusammen mit der Gesamtkonferenz tagt.<\/p>\n<p>14. Stimmberechtigt\u00a0sind die gew\u00e4hlten Vertreter der Lehrer und der Eltern. Der Vertreter des\u00a0Schultr\u00e4gers nimmt als beratendes Mitglied teil und kann Antr\u00e4ge stellen,\u00a0\u00a0ist jedoch nicht stimmberechtigt.<\/p>\n<p>15. Der Schulvorstand\u00a0w\u00e4hlt mit der Mehrheit der abgegebenen Stimmen. Stimmenenthaltungen sind\u00a0nicht zul\u00e4ssig.<\/p>\n<p>16. Die\u00a0Beschlussf\u00e4higkeit ist hergestellt, wenn die H\u00e4lfte der Mitglieder anwesend\u00a0ist.<\/p>\n<p>17. Bei Stimmengleichheit soll nach M\u00f6glichkeit eine Einigung erzielt werden. Kann\u00a0dies in der Sitzung nicht erreicht werden, werden Entscheidungen durch die\u00a0Schulleitung getroffen.<\/p>\n<p>18. Die\u00a0Schulleitung kann gegen Beschl\u00fcsse Einspruch erheben, wenn sie gegen\u00a0geltende Gesetze oder Anordnungen oder allgemein anerkannte p\u00e4dagogische\u00a0Grunds\u00e4tze versto\u00dfen.<\/p>\n<p>19. Die\u00a0Gesch\u00e4ftsordnung kann auf Antrag zweier Mitglieder \u00fcberarbeitet werden.<\/p>\n","protected":false},"excerpt":{"rendered":"<p>Gesch\u00e4ftsordnung des Schulvorstandes \u00a01. Die\u00a0Einberufung einer Sitzung erfolgt durch die Schulleitung. 2. Eine\u00a0Sitzung kann beantragt werden, wenn \u00bc der Mitglieder dies w\u00fcnschen. 3. Die Einladungsfrist betr\u00e4gt 10 Tage. 4. Den\u00a0Vorsitz der Sitzung hat die Schulleitung. 5. Antr\u00e4ge\u00a0f\u00fcr zus\u00e4tzliche Punkte zur Tagesordnung m\u00fcssen zwei Tage vor Konferenzbeginn vorliegen. 6. \u00dcber\u00a0die Tagesordnung wird zu Beginn der Sitzung &hellip; <a href=\"https:\/\/wordpress.nibis.de\/gsrosche\/schulleben\/schulvorstand\/geschaeftsordnung\/\" class=\"more-link\">Weiterlesen <span class=\"screen-reader-text\">Gesch\u00e4ftsordnung<\/span><\/a><\/p>\n","protected":false},"author":103,"featured_media":0,"parent":88,"menu_order":0,"comment_status":"closed","ping_status":"closed","template":"","meta":{"footnotes":""},"class_list":["post-206","page","type-page","status-publish","hentry","without-featured-image"],"_links":{"self":[{"href":"https:\/\/wordpress.nibis.de\/gsrosche\/wp-json\/wp\/v2\/pages\/206","targetHints":{"allow":["GET"]}}],"collection":[{"href":"https:\/\/wordpress.nibis.de\/gsrosche\/wp-json\/wp\/v2\/pages"}],"about":[{"href":"https:\/\/wordpress.nibis.de\/gsrosche\/wp-json\/wp\/v2\/types\/page"}],"author":[{"embeddable":true,"href":"https:\/\/wordpress.nibis.de\/gsrosche\/wp-json\/wp\/v2\/users\/103"}],"replies":[{"embeddable":true,"href":"https:\/\/wordpress.nibis.de\/gsrosche\/wp-json\/wp\/v2\/comments?post=206"}],"version-history":[{"count":2,"href":"https:\/\/wordpress.nibis.de\/gsrosche\/wp-json\/wp\/v2\/pages\/206\/revisions"}],"predecessor-version":[{"id":208,"href":"https:\/\/wordpress.nibis.de\/gsrosche\/wp-json\/wp\/v2\/pages\/206\/revisions\/208"}],"up":[{"embeddable":true,"href":"https:\/\/wordpress.nibis.de\/gsrosche\/wp-json\/wp\/v2\/pages\/88"}],"wp:attachment":[{"href":"https:\/\/wordpress.nibis.de\/gsrosche\/wp-json\/wp\/v2\/media?parent=206"}],"curies":[{"name":"wp","href":"https:\/\/api.w.org\/{rel}","templated":true}]}}