{"id":38,"date":"2013-11-04T11:16:52","date_gmt":"2013-11-04T09:16:52","guid":{"rendered":"http:\/\/wordpress.nibis.de\/gsrosche\/?page_id=38"},"modified":"2019-03-10T17:30:40","modified_gmt":"2019-03-10T16:30:40","slug":"bundesjugendspiele","status":"publish","type":"page","link":"https:\/\/wordpress.nibis.de\/gsrosche\/schulleben\/bundesjugendspiele\/","title":{"rendered":"Bundesjugendspiele"},"content":{"rendered":"<p>Bundesjugendspiele<\/p>\n<p>Am Ende des Schuljahres finden die Bundesjugendspiele unserer Grundschule auf dem Roscher Sportplatz statt. Der Termin wird auf der ersten Dienstbesprechung zu Schuljahresbeginn festgelegt.<\/p>\n<p>Dauer: 1. und 2. Klassen von 7.50 \u2013 11.20 Uhr<br \/>\n3. und 4. Klassen von 7.50 \u2013 12.20 Uhr<\/p>\n<p>Organisation<\/p>\n<p>Die Schulleitung informiert Herrn Kraushaar \u00fcber den Termin der Spiele und die Nutzung des Sportplatzes.<\/p>\n<p>1. In Absprache mit den Sportlehrer\/innen der Oberschule bauen Sch\u00fclerInnen der 9.bzw.10 Klassen auf dem Sportplatz die Stationen auf. Sie werden auch die Eintragungen in die Wettkampfkarten vornehmen und die Messungen (Zeit, Meter) durchf\u00fchren. Sie bauen am Ende der Spiele die Stationen auch wieder ab.<\/p>\n<p>Stationen sind: Weitsprung 4-6 Sch\u00fclerInnen<br \/>\nWeitwurf 6 Sch\u00fclerInnen<br \/>\nSchnelllauf 4 Sch\u00fclerInnen<\/p>\n<p>2. Die KlassenlehrerInnen erhalten rechtzeitig (1 bis 2 Wochen<br \/>\nvorher) durch die Sportfachkraft die Wettkampfkarten und die<br \/>\nPunktetabelle f\u00fcr die Urkunden. Sie f\u00fcllen die Karten mit den<br \/>\nSch\u00fclerInnen aus. Die Karten werden geordnet nach dem<br \/>\nAlphabet klassenweise in eine Mappe eingeheftet. Diese wird<br \/>\nam Wettkampftag vom Lehrer mit auf den Platz genommen<br \/>\nund an den Stationen zum Eintragen der Punkte vorgelegt.<\/p>\n<p>3. Die KlassenlehrerInnen begleiten die Sch\u00fclerInnen zu Beginn<br \/>\nder Spiele vom Klassenraum \u2013 dort ziehen sich die Kinder um-<br \/>\nzum Sportplatz und am Ende der Veranstaltung wieder zur\u00fcck.<br \/>\nDie Lehrer achten darauf, dass die Kinder Getr\u00e4nke und<br \/>\nFr\u00fchst\u00fcck zum Sportplatz mitnehmen. Je nach Wetterlage<br \/>\nsollen die Sch\u00fclerInnen auch Kleidung zum Aufw\u00e4rmen (z.B.<br \/>\nJogginganzug o.\u00e4.) bzw. Sonnencreme mitbringen.<\/p>\n<p>4. Die Klassenlehrer suchen sich mit ihren Klassen auf dem Platz<br \/>\neinen Ort zum Sammeln und von dort begleiten sie die Sch\u00fclerInnen zu den Stationen.<\/p>\n<p>5. In den Wartezeiten begeben sich die Klassen mit dem Lehrer<br \/>\nzu ihrem Sammelplatz. Dort k\u00f6nnen \u00dcbungen angeboten,<br \/>\nSpiele gespielt oder Ruhepausen eingelegt werden.<br \/>\nDie LehrerInnen nehmen f\u00fcr ihre Klasse\/Gruppe Spielger\u00e4t f\u00fcr<br \/>\nPausen und Wartezeiten mit und\/oder bieten Spiele oder<br \/>\n\u00dcbungen an.<\/p>\n<p>6. Am Ende der Wettk\u00e4mpfe oder, wenn organisatorisch sinnvoll<br \/>\nzwischendurch, laufen nach M\u00f6glichkeit alle Sch\u00fclerInnen den 800-m Lauf f\u00fcr das Sportabzeichen. Die KlassenlehrerInnen kontrollieren und unterst\u00fctzen die L\u00e4uferInnen und notieren die Namen der Kinder, die den Lauf in der vorgegebenen Zeit geschafft haben.<\/p>\n<p>7. Am Ende der Veranstaltung finden je nach vorheriger Absprache durch die KollegInnen in einer Dienstversammlung f\u00fcr die 3.\/4. Klassen entweder Brennballspiele, Gemeinschaftsspiele oder Staffeln statt.<\/p>\n<p>8. Die Urkunden werden durch die Klassenlehrer bei der<br \/>\nSportfachkraft angefordert und ausgef\u00fcllt.<br \/>\nF\u00fcr die 1. Klassen gibt es eine Teilnahmeurkunde, sie<br \/>\nmachen die Spiele ohne Wertung mit.<br \/>\nF\u00fcr Sch\u00fcler, deren Punktezahl nicht ausreicht f\u00fcr eine SU \/<br \/>\nEU gibt es ebenfalls eine Teilnahmeurkunde.<br \/>\nDie KlassenlehrerInnen \u00fcbergeben die Urkunden klassen-<br \/>\nweise der Schulleitung.<\/p>\n<p>9. Die Schulleitung gibt den Termin f\u00fcr die Ausgabe der<br \/>\nEhren-Urkunden an. Wenn m\u00f6glich, sollte es eine gemeinsame Veranstaltung aller Grundsch\u00fcler sein.<\/p>\n","protected":false},"excerpt":{"rendered":"<p>Bundesjugendspiele Am Ende des Schuljahres finden die Bundesjugendspiele unserer Grundschule auf dem Roscher Sportplatz statt. Der Termin wird auf der ersten Dienstbesprechung zu Schuljahresbeginn festgelegt. Dauer: 1. und 2. Klassen von 7.50 \u2013 11.20 Uhr 3. und 4. Klassen von 7.50 \u2013 12.20 Uhr Organisation Die Schulleitung informiert Herrn Kraushaar \u00fcber den Termin der Spiele &hellip; <a href=\"https:\/\/wordpress.nibis.de\/gsrosche\/schulleben\/bundesjugendspiele\/\" class=\"more-link\">Weiterlesen <span class=\"screen-reader-text\">Bundesjugendspiele<\/span><\/a><\/p>\n","protected":false},"author":103,"featured_media":0,"parent":44,"menu_order":0,"comment_status":"closed","ping_status":"closed","template":"","meta":{"footnotes":""},"class_list":["post-38","page","type-page","status-publish","hentry","without-featured-image"],"_links":{"self":[{"href":"https:\/\/wordpress.nibis.de\/gsrosche\/wp-json\/wp\/v2\/pages\/38","targetHints":{"allow":["GET"]}}],"collection":[{"href":"https:\/\/wordpress.nibis.de\/gsrosche\/wp-json\/wp\/v2\/pages"}],"about":[{"href":"https:\/\/wordpress.nibis.de\/gsrosche\/wp-json\/wp\/v2\/types\/page"}],"author":[{"embeddable":true,"href":"https:\/\/wordpress.nibis.de\/gsrosche\/wp-json\/wp\/v2\/users\/103"}],"replies":[{"embeddable":true,"href":"https:\/\/wordpress.nibis.de\/gsrosche\/wp-json\/wp\/v2\/comments?post=38"}],"version-history":[{"count":3,"href":"https:\/\/wordpress.nibis.de\/gsrosche\/wp-json\/wp\/v2\/pages\/38\/revisions"}],"predecessor-version":[{"id":756,"href":"https:\/\/wordpress.nibis.de\/gsrosche\/wp-json\/wp\/v2\/pages\/38\/revisions\/756"}],"up":[{"embeddable":true,"href":"https:\/\/wordpress.nibis.de\/gsrosche\/wp-json\/wp\/v2\/pages\/44"}],"wp:attachment":[{"href":"https:\/\/wordpress.nibis.de\/gsrosche\/wp-json\/wp\/v2\/media?parent=38"}],"curies":[{"name":"wp","href":"https:\/\/api.w.org\/{rel}","templated":true}]}}