{"id":403,"date":"2014-05-16T12:43:12","date_gmt":"2014-05-16T10:43:12","guid":{"rendered":"http:\/\/wordpress.nibis.de\/gsrosche\/?page_id=403"},"modified":"2024-04-08T11:19:08","modified_gmt":"2024-04-08T09:19:08","slug":"impressum","status":"publish","type":"page","link":"https:\/\/wordpress.nibis.de\/gsrosche\/impressum\/","title":{"rendered":"Impressum"},"content":{"rendered":"<p>Impressum<\/p>\n<p>Angaben gem\u00e4\u00df \u00a7 5 TMG:<br \/>\nLand Niedersachsen (Dienstanbieter im Sinne des Telemediengesetzes)<br \/>\nDas Land Niedersachsen ist eine juristische Person des \u00f6ffentlichen Rechts vertreten durch:<\/p>\n<p>Schulleiterin<br \/>\nSusanne Prehm<br \/>\nSchule an der Wipperau<br \/>\nGrundschule Rosche<br \/>\nSchulstra\u00dfe 2-8<br \/>\n29571 Rosche<\/p>\n<p>Sekretariat<\/p>\n<p>Frau Bunge-Schulz<br \/>\nTel.: 05803\/969561<br \/>\nFax: 05803\/ 969563<br \/>\nE-Mail: &#115;&#x65;&#x6b;r&#101;&#x74;a&#114;&#x69;&#x61;&#116;&#x40;&#x67;s&#45;&#x72;o&#115;&#x63;&#x68;&#101;&#x2e;&#x64;e<\/p>\n<p>B\u00fcrozeiten:<br \/>\nMo \u2013 Do\u00a0 7.30 \u2013 12.30 Uhr<\/p>\n<p>Pausenzeiten:<br \/>\n8.35-8.55 Uhr und 10.30-10.45 Uhr<\/p>\n<p>Haftungsausschluss<br \/>\nDiese Webseite beinhaltet externe Links. Deren Inhalte entziehen sich unserer Einflussnahme, sodass eine Gew\u00e4hr f\u00fcr solche Inhalte von uns nicht \u00fcbernommen werden kann.<br \/>\nDie Verantwortung liegt stets beim jeweiligen Betreiber der externen Seiten. Zum Zeitpunkt der Verkn\u00fcpfung der externen Links waren keine Rechtsverst\u00f6\u00dfe ersichtlich. Die permanente \u00dcberwachung fremder Inhalte auf Rechtsverst\u00f6\u00dfe ohne konkrete Hinweise ist uns nicht zumutbar.<br \/>\nSollten wir Kenntnis von Rechtsverletzungen erlangen, werden wir die entsprechenden externen Links unverz\u00fcglich entfernen.<\/p>\n","protected":false},"excerpt":{"rendered":"<p>Impressum Angaben gem\u00e4\u00df \u00a7 5 TMG: Land Niedersachsen (Dienstanbieter im Sinne des Telemediengesetzes) Das Land Niedersachsen ist eine juristische Person des \u00f6ffentlichen Rechts vertreten durch: Schulleiterin Susanne Prehm Schule an der Wipperau Grundschule Rosche Schulstra\u00dfe 2-8 29571 Rosche Sekretariat Frau Bunge-Schulz Tel.: 05803\/969561 Fax: 05803\/ 969563 E-Mail: &#x73;&#x65;&#x6b;&#x72;&#x65;&#x74;&#x61;&#x72;&#x69;&#x61;&#x74;&#x40;&#x67;&#x73;&#45;&#114;&#111;&#115;&#99;&#104;&#101;&#46;&#100;&#101; B\u00fcrozeiten: Mo \u2013 Do\u00a0 7.30 \u2013 12.30 &hellip; <a href=\"https:\/\/wordpress.nibis.de\/gsrosche\/impressum\/\" class=\"more-link\">Weiterlesen <span class=\"screen-reader-text\">Impressum<\/span><\/a><\/p>\n","protected":false},"author":103,"featured_media":0,"parent":0,"menu_order":0,"comment_status":"closed","ping_status":"closed","template":"","meta":{"footnotes":""},"class_list":["post-403","page","type-page","status-publish","hentry","without-featured-image"],"_links":{"self":[{"href":"https:\/\/wordpress.nibis.de\/gsrosche\/wp-json\/wp\/v2\/pages\/403","targetHints":{"allow":["GET"]}}],"collection":[{"href":"https:\/\/wordpress.nibis.de\/gsrosche\/wp-json\/wp\/v2\/pages"}],"about":[{"href":"https:\/\/wordpress.nibis.de\/gsrosche\/wp-json\/wp\/v2\/types\/page"}],"author":[{"embeddable":true,"href":"https:\/\/wordpress.nibis.de\/gsrosche\/wp-json\/wp\/v2\/users\/103"}],"replies":[{"embeddable":true,"href":"https:\/\/wordpress.nibis.de\/gsrosche\/wp-json\/wp\/v2\/comments?post=403"}],"version-history":[{"count":6,"href":"https:\/\/wordpress.nibis.de\/gsrosche\/wp-json\/wp\/v2\/pages\/403\/revisions"}],"predecessor-version":[{"id":1122,"href":"https:\/\/wordpress.nibis.de\/gsrosche\/wp-json\/wp\/v2\/pages\/403\/revisions\/1122"}],"wp:attachment":[{"href":"https:\/\/wordpress.nibis.de\/gsrosche\/wp-json\/wp\/v2\/media?parent=403"}],"curies":[{"name":"wp","href":"https:\/\/api.w.org\/{rel}","templated":true}]}}