{"id":446,"date":"2014-06-10T20:09:12","date_gmt":"2014-06-10T18:09:12","guid":{"rendered":"http:\/\/wordpress.nibis.de\/gsrosche\/?page_id=446"},"modified":"2014-06-10T20:09:12","modified_gmt":"2014-06-10T18:09:12","slug":"erwartungsprofil","status":"publish","type":"page","link":"https:\/\/wordpress.nibis.de\/gsrosche\/schulleben\/erwartungsprofil\/","title":{"rendered":"Erwartungsprofil"},"content":{"rendered":"<p><strong>Erwartungsprofil der GS Rosche an die schulpflichtigen Kinder<\/strong><\/p>\n<p>Der \u00dcbergang vom Kindergarten zur Schule ist ein gro\u00dfer und wichtiger Lebensabschnitt f\u00fcr Kinder. Damit f\u00fcr alle Beteiligten \u2013 insbesondere f\u00fcr die Kinder \u2013 m\u00f6glichst optimale Bedingungen f\u00fcr diesen \u00dcbergang geschaffen werden, ist ein vernetzter Austausch unabdingbar.<\/p>\n<p>Selbstverst\u00e4ndlich wird es immer Kinder geben, die einzelne Kompetenzen nicht zum Zeit-punkt der Einschulung beherrschen, auch wenn sie intensiv gef\u00f6rdert wurden. Die folgenden Ziele stellen in ihrem Umfang eine Zielvorstellung dar.<\/p>\n<p>1. psychisch-emotionale Stabilit\u00e4t<br \/>\nDie Kinder sollten:<br \/>\n\uf0d8 &#8211; sich in der Klasse orientieren und einbringen k\u00f6nnen<br \/>\n\uf0d8\u00a0&#8211; mit Fehlern \/ Misserfolgen umgehen k\u00f6nnen und sich nicht sofort entmutigen lassen<br \/>\n\uf0d8- sich \u00fcber einen Zeitraum von 10 min auf eine Aufgabe konzentrieren k\u00f6nnen<br \/>\n\uf0d8 &#8211; einen Schulvormittag durchhalten k\u00f6nnen<br \/>\n\uf0d8- \u00a0Gef\u00fchle grob benennen k\u00f6nnen (fr\u00f6hlich, traurig, \u00e4ngstlich, w\u00fctend, \u2026)<\/p>\n<p>2. interaktive Kompetenzen<br \/>\nDie Kinder sollten:<br \/>\n\uf0d8 &#8211; den Umgang mit anderen Kindern kennen<br \/>\n\uf0d8 &#8211; in der Lage sein, sich verst\u00e4ndlich zu \u00e4u\u00dfern<br \/>\n\uf0d8 &#8211; in der Lage sein, zuzuh\u00f6ren und zu akzeptieren, dass sie nicht immer aufgerufen werden k\u00f6nnen<br \/>\n\uf0d8 &#8211; Gespr\u00e4chsregeln zumindest kennen<br \/>\n\uf0d8 &#8211; Sozial- und Umgangsformen kennen (\u201eEntschuldigung\u201c &#8211; \u201ebitte\u201c &#8211; \u201edanke\u201c &#8211; \u201eGuten Morgen\u201c &#8211; \u201eAuf Wiedersehen\u201c &#8211; \u201eDarf ich bitte\u2026?\u201c)<br \/>\n\uf0d8 &#8211; die Interessen anderer Kinder wahrnehmen k\u00f6nnen<br \/>\n\uf0d8 &#8211; eigene Interessen auch einmal zur\u00fcckstellen k\u00f6nnen<br \/>\n\uf0d8 &#8211; Auftr\u00e4ge, die der ganzen Gruppe gestellt werden, auch auf sich beziehen k\u00f6nnen<br \/>\n\uf0d8 &#8211; Streit nicht mit dem Einsatz von Gewalt l\u00f6sen wollen<\/p>\n<p>3. kognitive Kompetenzen<br \/>\nDie Kinder sollten:<br \/>\n\uf0d8 &#8211; Unterschiede und Gemeinsamkeiten erkennen und benennen k\u00f6nnen<br \/>\n\uf0d8 &#8211; vollst\u00e4ndige, korrekte S\u00e4tze sprechen k\u00f6nnen<br \/>\n\uf0d8 &#8211; Endsilben sprechen k\u00f6nnen<br \/>\n\uf0d8 &#8211; Begrifflichkeiten (schulische Gegenst\u00e4nde) kennen<br \/>\n\uf0d8 &#8211; Raumbeziehungen angeben k\u00f6nnen<br \/>\n\uf0d8 &#8211; Vergleiche anstellen k\u00f6nnen (gr\u00f6\u00dfer &#8211; kleiner, leichter &#8211; schwerer, ..)<\/p>\n<p>&#8211; Mengen bis 3 simultan erfassen k\u00f6nnen<br \/>\n\uf0d8 &#8211; die Beziehung Menge \u2013 Zahl im Bereich bis 6 kennen<br \/>\n\uf0d8 &#8211; Mengen bis 10 z\u00e4hlen und einkreisen k\u00f6nnen<br \/>\n\uf0d8 &#8211; die Begriffe \u201emehr \u2013 weniger &#8211; gleich viel\u201c kennen und anwenden k\u00f6nnen<br \/>\n\uf0d8 &#8211; den eigenen Namen in Druckschrift schreiben und erkennen k\u00f6nnen<br \/>\n\uf0d8 &#8211; einfache Rhythmen kennen, Echo klatschen k\u00f6nnen<br \/>\n\uf0d8 &#8211; Zeichen und Logos wieder erkennen k\u00f6nnen<br \/>\n\uf0d8 &#8211; phonologische Bewusstheit f\u00fcr Reime und \u00e4hnlich klingende Laute entwickelt haben<br \/>\n\uf0d8 &#8211; Bilder mit mehreren Farben ausmalen k\u00f6nnen<br \/>\n\uf0d8 &#8211; die Grundfarben kennen<br \/>\n\uf0d8 &#8211; Farben erkennen und unterscheiden k\u00f6nnen<br \/>\n\uf0d8 &#8211; die Formen \u201eDreieck, Kreis, Viereck\u201c erkennen und zeichnen k\u00f6nnen<br \/>\n\uf0d8 &#8211; puzzeln k\u00f6nnen, Memory spielen k\u00f6nnen<\/p>\n<p>4. Arbeitshaltung<br \/>\nDie Kinder sollten:<br \/>\n\uf0d8 &#8211; gerne zur Schule gehen wollen<br \/>\n\uf0d8 &#8211; leistungsbereit sein<br \/>\n\uf0d8 &#8211; gespannt sein, Lesen, Rechnen, Schreiben zu lernen<br \/>\n\uf0d8 &#8211; einen \u00dcberblick \u00fcber ihr Arbeitsmaterial behalten k\u00f6nnen<br \/>\n\uf0d8 &#8211; Ordnung halten k\u00f6nnen (Kleidung, Material)<\/p>\n<p>5. motorische Anforderungen<br \/>\nDie Kinder sollten:<br \/>\n\uf0d8 &#8211; einen Stift korrekt halten k\u00f6nnen<br \/>\n\uf0d8 &#8211; den Umgang mit der Schere kennen und einfache Formen zuerst grob und danach ann\u00e4hernd korrekt schneiden k\u00f6nnen<br \/>\n\uf0d8- mit dem Kleber richtig umgehen k\u00f6nnen \/ kleben k\u00f6nnen<br \/>\n\uf0d8- anspitzen k\u00f6nnen<br \/>\n\uf0d8- falten k\u00f6nnen<br \/>\n\uf0d8- Perlen f\u00e4deln k\u00f6nnen (Pinzettengriff)<br \/>\n\uf0d8- sich allein an- und ausziehen k\u00f6nnen<br \/>\n\uf0d8- eine Schleife binden k\u00f6nnen<br \/>\n\uf0d8- sich die Schuhe zubinden \/ Jacke schlie\u00dfen k\u00f6nnen<br \/>\n\uf0d8- allein auf die Toilette gehen k\u00f6nnen<br \/>\n\uf0d8- sich die Nase putzen k\u00f6nnen<br \/>\n\uf0d8- r\u00fcckw\u00e4rts laufen k\u00f6nnen<br \/>\n\uf0d8- einen Ball werfen k\u00f6nnen<\/p>\n","protected":false},"excerpt":{"rendered":"<p>Erwartungsprofil der GS Rosche an die schulpflichtigen Kinder Der \u00dcbergang vom Kindergarten zur Schule ist ein gro\u00dfer und wichtiger Lebensabschnitt f\u00fcr Kinder. Damit f\u00fcr alle Beteiligten \u2013 insbesondere f\u00fcr die Kinder \u2013 m\u00f6glichst optimale Bedingungen f\u00fcr diesen \u00dcbergang geschaffen werden, ist ein vernetzter Austausch unabdingbar. Selbstverst\u00e4ndlich wird es immer Kinder geben, die einzelne Kompetenzen nicht &hellip; <a href=\"https:\/\/wordpress.nibis.de\/gsrosche\/schulleben\/erwartungsprofil\/\" class=\"more-link\">Weiterlesen <span class=\"screen-reader-text\">Erwartungsprofil<\/span><\/a><\/p>\n","protected":false},"author":103,"featured_media":0,"parent":44,"menu_order":0,"comment_status":"closed","ping_status":"closed","template":"","meta":{"footnotes":""},"class_list":["post-446","page","type-page","status-publish","hentry","without-featured-image"],"_links":{"self":[{"href":"https:\/\/wordpress.nibis.de\/gsrosche\/wp-json\/wp\/v2\/pages\/446","targetHints":{"allow":["GET"]}}],"collection":[{"href":"https:\/\/wordpress.nibis.de\/gsrosche\/wp-json\/wp\/v2\/pages"}],"about":[{"href":"https:\/\/wordpress.nibis.de\/gsrosche\/wp-json\/wp\/v2\/types\/page"}],"author":[{"embeddable":true,"href":"https:\/\/wordpress.nibis.de\/gsrosche\/wp-json\/wp\/v2\/users\/103"}],"replies":[{"embeddable":true,"href":"https:\/\/wordpress.nibis.de\/gsrosche\/wp-json\/wp\/v2\/comments?post=446"}],"version-history":[{"count":2,"href":"https:\/\/wordpress.nibis.de\/gsrosche\/wp-json\/wp\/v2\/pages\/446\/revisions"}],"predecessor-version":[{"id":448,"href":"https:\/\/wordpress.nibis.de\/gsrosche\/wp-json\/wp\/v2\/pages\/446\/revisions\/448"}],"up":[{"embeddable":true,"href":"https:\/\/wordpress.nibis.de\/gsrosche\/wp-json\/wp\/v2\/pages\/44"}],"wp:attachment":[{"href":"https:\/\/wordpress.nibis.de\/gsrosche\/wp-json\/wp\/v2\/media?parent=446"}],"curies":[{"name":"wp","href":"https:\/\/api.w.org\/{rel}","templated":true}]}}