{"id":450,"date":"2014-06-10T20:15:24","date_gmt":"2014-06-10T18:15:24","guid":{"rendered":"http:\/\/wordpress.nibis.de\/gsrosche\/?page_id=450"},"modified":"2014-06-10T20:15:24","modified_gmt":"2014-06-10T18:15:24","slug":"elternarbeit","status":"publish","type":"page","link":"https:\/\/wordpress.nibis.de\/gsrosche\/schulleben\/elternarbeit\/","title":{"rendered":"Elternarbeit"},"content":{"rendered":"<p><b>Zur Elternarbeit in der Schule<\/b><\/p>\n<p>Sehr geehrte Eltern,<\/p>\n<p>Elternarbeit und Elterngespr\u00e4che sind ein wesentlicher Bestandteil schulischen Lebens.<\/p>\n<p>Das Elterngespr\u00e4ch sollten Sie nicht nur in \u201eschwierigen Situationen\u201c suchen, es dient auch der Information \u00fcber aktuelle Ereignisse. Alle Gespr\u00e4che sollten immer im Geist der Partnerschaft und ohne Vorw\u00fcrfe durchgef\u00fchrt werden.<\/p>\n<p>Elternarbeit findet dar\u00fcber hinaus durch die Klassenelternschaft statt.<\/p>\n<p>Die Klassenelternschaft w\u00e4hlt zu Beginn der Klasse 1 und 3 aus ihrer Mitte f\u00fcr 2 Jahre einen Klassenelternvertreter\/ -vertreterin und die Stellvertretung. Diese sind auch Mitglied im Schulelternrat.<\/p>\n<p>Die Klassenelternschaft und der Schulelternrat k\u00f6nnen alle die Klasse und Schule betreffenden Fragen und Probleme er\u00f6rtern.<\/p>\n<p>Hierzu z\u00e4hlen Informationen \u00fcber:<\/p>\n<ul>\n<li>Inhalt, Planung und Gestaltung des Unterrichts<\/li>\n<li>Hausaufgaben<\/li>\n<li>Schriftliche Arbeiten<\/li>\n<li>Leistungsbewertung<\/li>\n<li>Schulfahrten<\/li>\n<li>Integrationsklassen<\/li>\n<li>Verkauf von Nahrungsmitteln und Getr\u00e4nken<\/li>\n<li>Bewegliche Ferientage<\/li>\n<li>Einf\u00fchrung von Schulb\u00fcchern u.v.m.<\/li>\n<\/ul>\n<p>Die Gesamtkonferenz ist an Empfehlungen der Klassenelternvertretungen und des Schulelternrates nicht gebunden.<\/p>\n<p>Die Klassenelternschaft w\u00e4hlt neben dem Vorsitz und der Stellvertretung noch<\/p>\n<ul>\n<li>mindestens ein Mitglied f\u00fcr die Klassen-\/Zeugniskonferenz<\/li>\n<li>\u00fcber den Schulelternrat Mitglieder f\u00fcr die Fachkonferenzen<\/li>\n<\/ul>\n<p>Im Einvernehmen mit der jeweiligen Klassenleitung sollte mindestens zweimal im Jahr eine Elternversammlung einberufen werden.<\/p>\n<p>Weitere Informationen k\u00f6nnen \u00fcber das Internet unter <span style=\"text-decoration: underline\"><a href=\"http:\/\/www.elternrat.niedersachsen.info\/\">www.elternrat.niedersachsen.info<\/a><\/span> eingeholt werden.<\/p>\n","protected":false},"excerpt":{"rendered":"<p>Zur Elternarbeit in der Schule Sehr geehrte Eltern, Elternarbeit und Elterngespr\u00e4che sind ein wesentlicher Bestandteil schulischen Lebens. Das Elterngespr\u00e4ch sollten Sie nicht nur in \u201eschwierigen Situationen\u201c suchen, es dient auch der Information \u00fcber aktuelle Ereignisse. Alle Gespr\u00e4che sollten immer im Geist der Partnerschaft und ohne Vorw\u00fcrfe durchgef\u00fchrt werden. Elternarbeit findet dar\u00fcber hinaus durch die Klassenelternschaft &hellip; <a href=\"https:\/\/wordpress.nibis.de\/gsrosche\/schulleben\/elternarbeit\/\" class=\"more-link\">Weiterlesen <span class=\"screen-reader-text\">Elternarbeit<\/span><\/a><\/p>\n","protected":false},"author":103,"featured_media":0,"parent":44,"menu_order":0,"comment_status":"closed","ping_status":"closed","template":"","meta":{"footnotes":""},"class_list":["post-450","page","type-page","status-publish","hentry","without-featured-image"],"_links":{"self":[{"href":"https:\/\/wordpress.nibis.de\/gsrosche\/wp-json\/wp\/v2\/pages\/450","targetHints":{"allow":["GET"]}}],"collection":[{"href":"https:\/\/wordpress.nibis.de\/gsrosche\/wp-json\/wp\/v2\/pages"}],"about":[{"href":"https:\/\/wordpress.nibis.de\/gsrosche\/wp-json\/wp\/v2\/types\/page"}],"author":[{"embeddable":true,"href":"https:\/\/wordpress.nibis.de\/gsrosche\/wp-json\/wp\/v2\/users\/103"}],"replies":[{"embeddable":true,"href":"https:\/\/wordpress.nibis.de\/gsrosche\/wp-json\/wp\/v2\/comments?post=450"}],"version-history":[{"count":2,"href":"https:\/\/wordpress.nibis.de\/gsrosche\/wp-json\/wp\/v2\/pages\/450\/revisions"}],"predecessor-version":[{"id":452,"href":"https:\/\/wordpress.nibis.de\/gsrosche\/wp-json\/wp\/v2\/pages\/450\/revisions\/452"}],"up":[{"embeddable":true,"href":"https:\/\/wordpress.nibis.de\/gsrosche\/wp-json\/wp\/v2\/pages\/44"}],"wp:attachment":[{"href":"https:\/\/wordpress.nibis.de\/gsrosche\/wp-json\/wp\/v2\/media?parent=450"}],"curies":[{"name":"wp","href":"https:\/\/api.w.org\/{rel}","templated":true}]}}