{"id":457,"date":"2014-06-10T20:59:24","date_gmt":"2014-06-10T18:59:24","guid":{"rendered":"http:\/\/wordpress.nibis.de\/gsrosche\/?page_id=457"},"modified":"2019-03-10T17:43:49","modified_gmt":"2019-03-10T16:43:49","slug":"schullebenrituale","status":"publish","type":"page","link":"https:\/\/wordpress.nibis.de\/gsrosche\/schulleben\/schullebenrituale\/","title":{"rendered":"Schulleben\/Rituale"},"content":{"rendered":"<p align=\"center\"><b>Schulleben an der Grundschule Rosche<\/b><\/p>\n<p align=\"center\"><b>Der Schulbesuch an der Grundschule Rosche wird gepr\u00e4gt durch verschiedene, wiederkehrende gemeinsame Veranstaltungen.<\/b><b>\u00a0<\/b><\/p>\n<p>&#8211;\u00a0\u00a0\u00a0\u00a0\u00a0\u00a0 Das Schuljahr beginnt mit der <i>Einschulungsfeier f<\/i>\u00fcr die neuen Erstkl\u00e4ssler: nach einem gemeinsamen Gottesdienst in der St. Johannis-Kirche gibt es eine kleine Feier zur Begr\u00fc\u00dfung mit kleinen Darbietungen \u00e4lterer Sch\u00fcler\/innen. Danach gehen die Klassen mit ihren Lehrerinnen in vorbereitete Klassenr\u00e4ume, w\u00e4hrend die Eltern in der Pausenhalle vom Elternverein umsorgt werden.<\/p>\n<p>&#8211;\u00a0\u00a0\u00a0\u00a0\u00a0\u00a0 Am 11. November ist der <i>Martins-Gottesdienst mit Laternen-Umzug<\/i> durchs Dorf, begleitet vom Spielmannszug, inzwischen Tradition geworden. In den Wochen davor werden Laternen gebastelt. Als Abschluss der Veranstaltung, die wieder mit Unterst\u00fctzung des Elternvereins stattfindet, gibt es Kinderpunsch und Geb\u00e4ck.<\/p>\n<p>&#8211;\u00a0\u00a0\u00a0\u00a0\u00a0\u00a0 Das gemeinsame Singen von <i>Weihnachtsliedern<\/i>, jeweils am Montag nach den Adventssonntagen, stimmt die Sch\u00fcler\/innen auf die Weihnachtszeit ein.<\/p>\n<p>&#8211;\u00a0\u00a0\u00a0\u00a0\u00a0\u00a0 Der Besuch einer <i>Theaterauff\u00fchrung <\/i>in der Vorweihnachtszeit ist seit vielen Jahren Tradition an unserer Schule \u2013 f\u00fcr viele Kinder ein ganz besonderes Erlebnis.<\/p>\n<p>&#8211;\u00a0\u00a0\u00a0\u00a0\u00a0\u00a0 H\u00f6hepunkt des Schuljahres ist die gemeinsame <i>Weihnachtsfeier <\/i>in der Turnhalle an einem der letzten Nachmittage vor Ferienbeginn. Alle teilnehmenden Klassen sowie einige Arbeitsgemeinschaften tragen zum Gelingen des Nachmittags bei \u2013 mit Liedern, Fl\u00f6tenst\u00fccken oder kleinen Theaterauff\u00fchrungen.<\/p>\n<p>&#8211;\u00a0\u00a0\u00a0\u00a0\u00a0\u00a0 Die <i>Faschingsfeier <\/i>am Rosenmontag steht ganz im Zeichen n\u00e4rrischen Tuns. Sowohl in der Klassengemeinschaft als auch mit anderen Klassen zusammen in der Turnhalle wird an diesem Tag ausgelassen gefeiert.<\/p>\n<p>&#8211;\u00a0\u00a0\u00a0\u00a0\u00a0\u00a0 Die <i>Abschiedsfeier <\/i>f\u00fcr die 4. Klassen bildet den Abschluss des Schuljahres: eine fr\u00f6hliche Feier, zu der verschiedene Klassen und Arbeitsgemeinschaften ihren Beitrag leisten.<b>\u00a0<\/b><\/p>\n<p><b>Weitere regelm\u00e4\u00dfig stattfindende Veranstaltungen<\/b><b>\u00a0<\/b><\/p>\n<p>&#8211;\u00a0\u00a0\u00a0\u00a0\u00a0\u00a0 Die <i>Bundesjugendspiele<\/i> im Juni\/Juli stellen den sportlichen Aspekt des Schullebens in den Vordergrund. Zus\u00e4tzlich nehmen (fast) alle Kinder am Lauf teil, um das Sportabzeichen zu erlangen. Im Jahr 2008 sponserte die Sparkasse die Erlangung des Sportabzeichens, wobei die Grundschule Rosche den 3. Platz errang und einen Geldpreis in H\u00f6he von 4.000 Euro in Empfang nehmen durfte. Im Jahr 2009 erzielten wir den 1.Platz und erhielten 2000 Euro zur freien Verf\u00fcgung. Im Jahr 2012 belegten wir den 2. Platz und erhielten 1.500 Euro.<\/p>\n<p>&#8211;\u00a0\u00a0\u00a0\u00a0\u00a0\u00a0 Beim <i>ADAC- Fahrradturnier<\/i> stellen die Sch\u00fclerInnen allj\u00e4hrlich der Klassen 3 und 4 nicht nur ihre Sicherheit und Geschicklichkeit auf dem Fahrrad unter Beweis, sondern m\u00fcssen auch ihre Kenntnisse im theoretischen Bereich nachweisen.<\/p>\n<p>&#8211;\u00a0\u00a0\u00a0\u00a0\u00a0\u00a0 Die <i>Mathe-Olympiade<\/i> ist ebenfalls zu einer festen Gr\u00f6\u00dfe im Lauf des Schuljahres geworden. Im Jahre 2010 wurde sie zum vierten Mal an der Grundschule Rosche durchgef\u00fchrt, zeitgleich mit mittlerweile zehn anderen Grundschulen des Landkreises Uelzen. Dieses wird im Jahr 2014 auch wieder bei uns an der Grundschule Rosche stattfinden.<\/p>\n<p>Am Vormittag beweisen Sch\u00fclerInnen (freiwillig) ihre Denkf\u00e4higkeit und am Abend etliche Eltern, deren Teilnehmerzahl erfreulich zugenommen hat. Eine gemeinsame Siegerehrung stellt die besten Mathematiker vor, die sich einige Tage sp\u00e4ter in einer schul\u00fcbergreifenden Runde mit den Sch\u00fclerInnen der anderen teilnehmenden Schulen messen m\u00fcssen. Auch hier erzielten in den vergangenen Jahren Sch\u00fcler\/Innen unserer Schule vordere Pl\u00e4tze.<\/p>\n<p>&#8211;\u00a0\u00a0\u00a0\u00a0\u00a0\u00a0 Ein <i>Lesetag <\/i>im Herbst soll die Freude am Lesen f\u00f6rdern. Der Klassenverband ist aufgel\u00f6st und jedes Kind hat die Wahl zwischen mehreren Buchvorstellungen, wobei auch kreativ zum vorgestellten Buch gebastelt wird.<\/p>\n<p>Eventuell wird dieser Vormittag durch eine Autorenlesung erg\u00e4nzt. Auch Prominenz aus der Gemeinde wurde schon als Vorleser gewonnen.<\/p>\n<p>&#8211;\u00a0\u00a0\u00a0\u00a0\u00a0\u00a0 Der <i>Vorlesewettbewerb<\/i> findet allj\u00e4hrlich zum \u201eTag des Buches\u201c am 23. April statt. Im Vorhinein wurden in den Klassen die drei besten Vorleser ermittelt, die nun jahrgangsweise miteinander in Wettbewerb treten. Der\/ die beste Vorleserin der 4.Klassen nimmt am Kreisentscheid teil.<\/p>\n<p>&#8211;\u00a0\u00a0\u00a0\u00a0\u00a0\u00a0 In der allj\u00e4hrlich wiederkehrenden <i>Projektwoche<\/i> lernen unsere Sch\u00fclerInnen Unterricht anderer Art kennen. Der Klassenverband ist aufgel\u00f6st und es finden interessante Projekte ihre Teilnehmer. Hierbei werden auch Angebote au\u00dferschulischer Anbieter wahrgenommen, so waren \u00a0z.B. in 2006 und alle weiteren 4 Jahre ein Zirkusprojekt oder in 2009 die \u201eMiniph\u00e4nomenta\u201c zu Gast. Im Jahr 2008 wurde zum Thema \u201eGesunde Ern\u00e4hrung\u201c auch eine Klasse der Berufsbildenden Schulen einbezogen. Im Schuljahr 2009\/10 besch\u00e4ftigten wir uns passend zur Fu\u00dfball \u2013 WM mit \u201eAfrika\u201c. Im Schuljahr 2013\/14 stand unsere Projektwoche unter dem Motto: \u201eSo bunt ist unsere Welt\u201c und im Schuljahr 2014\/15 lautet das Jahresmotto: &#8222;Prima Klima &#8211; Sonne, Wind und Regen&#8220;.<\/p>\n<p>&#8211;\u00a0 Die Teilnahme an den <i>Fu\u00dfballturnieren der Grundschulen (Jungen, M\u00e4dchen) <\/i>\u00a0des Landkreises ist vor allem f\u00fcr die begeisterten Fu\u00dfballspieler unserer Schule von gro\u00dfer Bedeutung, leider k\u00f6nnen nur acht Kinder daran\u00a0teilnehmen.<\/p>\n<p>&#8211; Der <i>Malwettbewerb<\/i> der Volksbank spornt vor allem die kleinen K\u00fcnstler unter unseren Sch\u00fcler\/innen an.<\/p>\n<p>Neben diesen regelm\u00e4\u00dfig stattfindenden Vorhaben nehmen wir auch spontan Angebote au\u00dferschulischer Anbieter wahr, z.B. Kinderkonzerte, \u201eDer Maler\u201c, \u201eDer singende Hans\u201c u.v.m.<\/p>\n<p><b>Vorhaben im Klassenverband<\/b><\/p>\n<p>Zu den Vorhaben im Klassenverband z\u00e4hlen Klassenfahrten\/Wandertage und das Aufsuchen au\u00dferschulischer Lernorte wie zum Beispiel:<\/p>\n<p>&#8211;\u00a0\u00a0\u00a0\u00a0\u00a0\u00a0 Salzmuseum L\u00fcneburg<\/p>\n<p>&#8211;\u00a0\u00a0\u00a0\u00a0\u00a0\u00a0 Burg Bad Bodenteich<\/p>\n<p>&#8211;\u00a0\u00a0\u00a0\u00a0\u00a0\u00a0 Zoo \/ Tierpark<\/p>\n<p>&#8211;\u00a0\u00a0\u00a0\u00a0\u00a0\u00a0 Bauernhof (Kartoffelernte)<\/p>\n<p>&#8211;\u00a0\u00a0\u00a0\u00a0\u00a0\u00a0 Arch\u00e4ologisches Zentrum Hitzacker<\/p>\n<p>&#8211;\u00a0\u00a0\u00a0\u00a0\u00a0\u00a0 Landwirtschaftsmuseum H\u00f6sseringen<\/p>\n<p>&#8211;\u00a0\u00a0\u00a0\u00a0\u00a0\u00a0 Museum Schloss Holdenstedt<\/p>\n<p>&#8211;\u00a0\u00a0\u00a0\u00a0\u00a0\u00a0 Hundertwasserbahnhof<\/p>\n<p>&#8211;\u00a0\u00a0\u00a0\u00a0\u00a0\u00a0 Planetarium<\/p>\n<p>&#8211;\u00a0\u00a0\u00a0\u00a0\u00a0\u00a0 M\u00fchlenmuseum Suhlendorf<\/p>\n<p>&#8211;\u00a0\u00a0\u00a0\u00a0\u00a0\u00a0 Samtgemeindeverwaltung<\/p>\n<p>&#8211;\u00a0\u00a0\u00a0\u00a0\u00a0\u00a0 M\u00fclldeponie<\/p>\n<p>&#8211;\u00a0\u00a0\u00a0\u00a0\u00a0\u00a0 Feuerwehr<\/p>\n<p><b>Rituale im Klassenverband<\/b><b>\u00a0<\/b><\/p>\n<p>Die Rituale im Klassenverband stimmt jede Lehrkraft nach ihren pers\u00f6nlichen Vorstellungen auf ihre jeweilige Klasse ab. Dazu geh\u00f6ren u.a.<\/p>\n<p>&#8211;\u00a0\u00a0\u00a0\u00a0\u00a0\u00a0 die morgendliche Begr\u00fc\u00dfung<\/p>\n<p>&#8211;\u00a0\u00a0\u00a0\u00a0\u00a0\u00a0 die Verabschiedung am Mittag<\/p>\n<p>&#8211;\u00a0\u00a0\u00a0\u00a0\u00a0\u00a0 die Verteilung der Klassen\u00e4mter<\/p>\n<p>&#8211;\u00a0\u00a0\u00a0\u00a0\u00a0\u00a0 das Aufstellen am Bus<\/p>\n<p>&#8211;\u00a0\u00a0\u00a0\u00a0\u00a0\u00a0 die Vergabe von Belohnungen<\/p>\n<p>&#8211;\u00a0\u00a0\u00a0\u00a0\u00a0\u00a0 T\u00fcrchen \u00f6ffnen am Adventskalender<\/p>\n<p>&#8211;\u00a0\u00a0\u00a0\u00a0\u00a0\u00a0 Nikolauss\u00e4ckchen\/Adventskalendergeschenk<\/p>\n<p>&#8211;\u00a0\u00a0\u00a0\u00a0\u00a0\u00a0 das gemeinsame Fr\u00fchst\u00fcck<\/p>\n<p>&#8211;\u00a0\u00a0\u00a0\u00a0\u00a0\u00a0 das Ein\u00fcben von Gedichten, St\u00fccken, T\u00e4nzen, Liedern f\u00fcr Feiern.<\/p>\n","protected":false},"excerpt":{"rendered":"<p>Schulleben an der Grundschule Rosche Der Schulbesuch an der Grundschule Rosche wird gepr\u00e4gt durch verschiedene, wiederkehrende gemeinsame Veranstaltungen.\u00a0 &#8211;\u00a0\u00a0\u00a0\u00a0\u00a0\u00a0 Das Schuljahr beginnt mit der Einschulungsfeier f\u00fcr die neuen Erstkl\u00e4ssler: nach einem gemeinsamen Gottesdienst in der St. Johannis-Kirche gibt es eine kleine Feier zur Begr\u00fc\u00dfung mit kleinen Darbietungen \u00e4lterer Sch\u00fcler\/innen. Danach gehen die Klassen mit ihren &hellip; <a href=\"https:\/\/wordpress.nibis.de\/gsrosche\/schulleben\/schullebenrituale\/\" class=\"more-link\">Weiterlesen <span class=\"screen-reader-text\">Schulleben\/Rituale<\/span><\/a><\/p>\n","protected":false},"author":103,"featured_media":0,"parent":44,"menu_order":0,"comment_status":"closed","ping_status":"closed","template":"","meta":{"footnotes":""},"class_list":["post-457","page","type-page","status-publish","hentry","without-featured-image"],"_links":{"self":[{"href":"https:\/\/wordpress.nibis.de\/gsrosche\/wp-json\/wp\/v2\/pages\/457","targetHints":{"allow":["GET"]}}],"collection":[{"href":"https:\/\/wordpress.nibis.de\/gsrosche\/wp-json\/wp\/v2\/pages"}],"about":[{"href":"https:\/\/wordpress.nibis.de\/gsrosche\/wp-json\/wp\/v2\/types\/page"}],"author":[{"embeddable":true,"href":"https:\/\/wordpress.nibis.de\/gsrosche\/wp-json\/wp\/v2\/users\/103"}],"replies":[{"embeddable":true,"href":"https:\/\/wordpress.nibis.de\/gsrosche\/wp-json\/wp\/v2\/comments?post=457"}],"version-history":[{"count":3,"href":"https:\/\/wordpress.nibis.de\/gsrosche\/wp-json\/wp\/v2\/pages\/457\/revisions"}],"predecessor-version":[{"id":760,"href":"https:\/\/wordpress.nibis.de\/gsrosche\/wp-json\/wp\/v2\/pages\/457\/revisions\/760"}],"up":[{"embeddable":true,"href":"https:\/\/wordpress.nibis.de\/gsrosche\/wp-json\/wp\/v2\/pages\/44"}],"wp:attachment":[{"href":"https:\/\/wordpress.nibis.de\/gsrosche\/wp-json\/wp\/v2\/media?parent=457"}],"curies":[{"name":"wp","href":"https:\/\/api.w.org\/{rel}","templated":true}]}}