{"id":65,"date":"2013-11-04T22:21:56","date_gmt":"2013-11-04T20:21:56","guid":{"rendered":"http:\/\/wordpress.nibis.de\/gsrosche\/?page_id=65"},"modified":"2019-03-10T16:37:27","modified_gmt":"2019-03-10T15:37:27","slug":"arbeitsgemeinschaften","status":"publish","type":"page","link":"https:\/\/wordpress.nibis.de\/gsrosche\/schulleben\/arbeitsgemeinschaften\/","title":{"rendered":"Arbeitsgemeinschaften"},"content":{"rendered":"<p style=\"text-align: left\" align=\"center\">Je nach M\u00f6glichkeit bieten wir allen Sch\u00fcler\/innen in jedem Halbjahr eine Auswahl an freiwilligen Arbeitsgemeinschaften an.<\/p>\n<ul>\n<li>Die Schulleitung erfragt bei allen Eltern der Grundsch\u00fcler die Bereitschaft, eine AG zu leiten.<\/li>\n<li>Den Inhalt der AG legt jeder Leiter in Absprache mit der Schulleitung fest.<\/li>\n<li>Die Schulleitung gibt die zur Auswahl stehenden AG\u2019s den Klassenlehrern zu Beginn des Schuljahres\/ des Halbjahres bekannt.<\/li>\n<li>Die Termine werden gemeinsam im Kollegium festgelegt.<\/li>\n<li>Die Klassenlehrer fragen die Teilnahme an den AG\u2019s bei den Sch\u00fclern ab und geben die R\u00fcckmeldung an die Schulleitung weiter.<\/li>\n<li>Die Schulleitung sorgt f\u00fcr die Nutzung entsprechender R\u00e4ume und f\u00fcr die finanzielle Grundlage.<\/li>\n<li>Die Teilnahme ist f\u00fcr ein Halbjahr verbindlich. Ausnahmen werden mit dem Sch\u00fcler, den Eltern, dem betreffenden Kollegen, dem Klassenlehrer sowie der Schulleitung besprochen.<\/li>\n<li>Nach M\u00f6glichkeit sollen die Sch\u00fcler\/innen im Laufe des Halbjahres ihre erworbenen F\u00e4higkeiten\/Fertigkeiten den anderen Sch\u00fclern in geeigneter Weise pr\u00e4sentieren (Weihnachtsfeier, Abschlussfest, \u2026).<\/li>\n<\/ul>\n<p><b>Arbeitsgemeinschaften 2.Halbjahr\u00a02018\/19<\/b><\/p>\n<ul>\n<li>Fl\u00f6ten<\/li>\n<li>Mannschaftsspiele (Klassen 1-4)<\/li>\n<li>Fu\u00dfball (Klassen3+4)<\/li>\n<li>Gitarre (Musikschule Uelzen-Oldenstadt \u2013 kostenpflichtig)<\/li>\n<li>Posaune<\/li>\n<li>Chor (Klassen 1-4)<\/li>\n<li>Franz\u00f6sisch<\/li>\n<li>Forderkurs Deutsch &#8211; Sch\u00fclerzeitung (Klassen 3+4)<\/li>\n<li>Mathe-Knobeleien (Klassen 3+4)<\/li>\n<\/ul>\n","protected":false},"excerpt":{"rendered":"<p>Je nach M\u00f6glichkeit bieten wir allen Sch\u00fcler\/innen in jedem Halbjahr eine Auswahl an freiwilligen Arbeitsgemeinschaften an. Die Schulleitung erfragt bei allen Eltern der Grundsch\u00fcler die Bereitschaft, eine AG zu leiten. Den Inhalt der AG legt jeder Leiter in Absprache mit der Schulleitung fest. Die Schulleitung gibt die zur Auswahl stehenden AG\u2019s den Klassenlehrern zu Beginn &hellip; <a href=\"https:\/\/wordpress.nibis.de\/gsrosche\/schulleben\/arbeitsgemeinschaften\/\" class=\"more-link\">Weiterlesen <span class=\"screen-reader-text\">Arbeitsgemeinschaften<\/span><\/a><\/p>\n","protected":false},"author":103,"featured_media":0,"parent":44,"menu_order":0,"comment_status":"closed","ping_status":"closed","template":"","meta":{"footnotes":""},"class_list":["post-65","page","type-page","status-publish","hentry","without-featured-image"],"_links":{"self":[{"href":"https:\/\/wordpress.nibis.de\/gsrosche\/wp-json\/wp\/v2\/pages\/65","targetHints":{"allow":["GET"]}}],"collection":[{"href":"https:\/\/wordpress.nibis.de\/gsrosche\/wp-json\/wp\/v2\/pages"}],"about":[{"href":"https:\/\/wordpress.nibis.de\/gsrosche\/wp-json\/wp\/v2\/types\/page"}],"author":[{"embeddable":true,"href":"https:\/\/wordpress.nibis.de\/gsrosche\/wp-json\/wp\/v2\/users\/103"}],"replies":[{"embeddable":true,"href":"https:\/\/wordpress.nibis.de\/gsrosche\/wp-json\/wp\/v2\/comments?post=65"}],"version-history":[{"count":4,"href":"https:\/\/wordpress.nibis.de\/gsrosche\/wp-json\/wp\/v2\/pages\/65\/revisions"}],"predecessor-version":[{"id":749,"href":"https:\/\/wordpress.nibis.de\/gsrosche\/wp-json\/wp\/v2\/pages\/65\/revisions\/749"}],"up":[{"embeddable":true,"href":"https:\/\/wordpress.nibis.de\/gsrosche\/wp-json\/wp\/v2\/pages\/44"}],"wp:attachment":[{"href":"https:\/\/wordpress.nibis.de\/gsrosche\/wp-json\/wp\/v2\/media?parent=65"}],"curies":[{"name":"wp","href":"https:\/\/api.w.org\/{rel}","templated":true}]}}