{"id":70,"date":"2013-11-04T22:27:47","date_gmt":"2013-11-04T20:27:47","guid":{"rendered":"http:\/\/wordpress.nibis.de\/gsrosche\/?page_id=70"},"modified":"2019-03-10T16:33:44","modified_gmt":"2019-03-10T15:33:44","slug":"adac-fahrradturnier","status":"publish","type":"page","link":"https:\/\/wordpress.nibis.de\/gsrosche\/schulleben\/adac-fahrradturnier\/","title":{"rendered":"ADAC-Fahrradturnier"},"content":{"rendered":"<p style=\"text-align: left\" align=\"center\">Jeweils im Mai des\u00a0Schuljahres nimmt die Schulleitung Kontakt zu Herrn Heiko Schulz vom ADAC-Ortsverband auf und spricht einen Termin\u00a0f\u00fcr die Durchf\u00fchrung des Fahrradturniers ab.<\/p>\n<ul>\n<li>An dem Fahrradturnier\u00a0nehmen nach M\u00f6glichkeit alle Sch\u00fcler und Sch\u00fclerinnen der Klassen 3+4\u00a0teil. Au\u00dferdem wird in den 2.Klassen eine Abfrage durchgef\u00fchrt, welche\u00a0Sch\u00fcler\/innen sich beteiligen m\u00f6chten.<\/li>\n<li>Jeder Sch\u00fcler erh\u00e4lt einen\u00a0Anmeldebogen und l\u00e4sst diesen von den Erziehungsberechtigten\u00a0unterschreiben.<\/li>\n<li>Das Fahrradturnier findet\u00a0auf dem Feuerwehrparkplatz statt. Den Aufbau, die Durchf\u00fchrung und die\u00a0Auswertung des Turniers \u00fcbernimmt Herr Schulz mit seinem Team.<\/li>\n<li>Jeder Sch\u00fcler\/ jede Sch\u00fclerin hat beim Fahrradturnier seinen eigenen Fahrradhelm dabei. Es\u00a0besteht die M\u00f6glichkeit, das eigene Fahrrad zu benutzen. Der Transport liegt\u00a0in den H\u00e4nden der Eltern.<\/li>\n<li>Die Schulleitung erstellt\u00a0einen Ablaufplan in Zusammenarbeit mit dem Kollegium.<\/li>\n<li>Bei Bedarf werden\u00a0Sch\u00fcler\/innen aus der Oberschule in Absprache mit der Oberschul-Schulleitung\u00a0und den entsprechenden Kolleg\/innen um Unterst\u00fctzung gebeten.<\/li>\n<li>Die entsprechenden\u00a0Fachlehrer der angesetzten Stunde, nach M\u00f6glichkeit die Klassenlehrer,\u00a0\u00fcbernehmen die Aufsicht w\u00e4hrend des Turniers.<\/li>\n<li>Die Auswertung erfolgt,\u00a0wenn m\u00f6glich, in einer Vollversammlung kurz vor den Ferien. Herr Schulz\u00a0\u00fcbernimmt die Siegerehrung. Die Sch\u00fcler\/innen der Pl\u00e4tze 1-3 erhalten eine\u00a0Einladung zum Bezirksentscheid.<\/li>\n<\/ul>\n","protected":false},"excerpt":{"rendered":"<p>Jeweils im Mai des\u00a0Schuljahres nimmt die Schulleitung Kontakt zu Herrn Heiko Schulz vom ADAC-Ortsverband auf und spricht einen Termin\u00a0f\u00fcr die Durchf\u00fchrung des Fahrradturniers ab. An dem Fahrradturnier\u00a0nehmen nach M\u00f6glichkeit alle Sch\u00fcler und Sch\u00fclerinnen der Klassen 3+4\u00a0teil. Au\u00dferdem wird in den 2.Klassen eine Abfrage durchgef\u00fchrt, welche\u00a0Sch\u00fcler\/innen sich beteiligen m\u00f6chten. Jeder Sch\u00fcler erh\u00e4lt einen\u00a0Anmeldebogen und l\u00e4sst diesen &hellip; <a href=\"https:\/\/wordpress.nibis.de\/gsrosche\/schulleben\/adac-fahrradturnier\/\" class=\"more-link\">Weiterlesen <span class=\"screen-reader-text\">ADAC-Fahrradturnier<\/span><\/a><\/p>\n","protected":false},"author":103,"featured_media":0,"parent":44,"menu_order":0,"comment_status":"closed","ping_status":"closed","template":"","meta":{"footnotes":""},"class_list":["post-70","page","type-page","status-publish","hentry","without-featured-image"],"_links":{"self":[{"href":"https:\/\/wordpress.nibis.de\/gsrosche\/wp-json\/wp\/v2\/pages\/70","targetHints":{"allow":["GET"]}}],"collection":[{"href":"https:\/\/wordpress.nibis.de\/gsrosche\/wp-json\/wp\/v2\/pages"}],"about":[{"href":"https:\/\/wordpress.nibis.de\/gsrosche\/wp-json\/wp\/v2\/types\/page"}],"author":[{"embeddable":true,"href":"https:\/\/wordpress.nibis.de\/gsrosche\/wp-json\/wp\/v2\/users\/103"}],"replies":[{"embeddable":true,"href":"https:\/\/wordpress.nibis.de\/gsrosche\/wp-json\/wp\/v2\/comments?post=70"}],"version-history":[{"count":6,"href":"https:\/\/wordpress.nibis.de\/gsrosche\/wp-json\/wp\/v2\/pages\/70\/revisions"}],"predecessor-version":[{"id":747,"href":"https:\/\/wordpress.nibis.de\/gsrosche\/wp-json\/wp\/v2\/pages\/70\/revisions\/747"}],"up":[{"embeddable":true,"href":"https:\/\/wordpress.nibis.de\/gsrosche\/wp-json\/wp\/v2\/pages\/44"}],"wp:attachment":[{"href":"https:\/\/wordpress.nibis.de\/gsrosche\/wp-json\/wp\/v2\/media?parent=70"}],"curies":[{"name":"wp","href":"https:\/\/api.w.org\/{rel}","templated":true}]}}