{"id":77,"date":"2013-11-04T22:37:20","date_gmt":"2013-11-04T20:37:20","guid":{"rendered":"http:\/\/wordpress.nibis.de\/gsrosche\/?page_id=77"},"modified":"2019-03-10T16:41:45","modified_gmt":"2019-03-10T15:41:45","slug":"buecherei-fahrbuecherei","status":"publish","type":"page","link":"https:\/\/wordpress.nibis.de\/gsrosche\/schulleben\/buecherei-fahrbuecherei\/","title":{"rendered":"B\u00fccherei \/ Fahrb\u00fccherei"},"content":{"rendered":"<p style=\"text-align: left\" align=\"center\">Im Schulgeb\u00e4ude befindet sich eine eigene Schulb\u00fccherei. Im Haushalt gibt es einen entsprechenden Etat, mit dessen Hilfe Anschaffungen get\u00e4tigt werden k\u00f6nnen.<\/p>\n<ul>\n<li>F\u00fcr die Anschaffung (in Absprache mit der Schulleitung) sowie die Ausleihe der B\u00fccher ist die Sekret\u00e4rin Frau Bunge-Schulz \u00a0zust\u00e4ndig.<\/li>\n<li>Sie legt die Klassen-Ausleihzeiten fest und teilt sie den Klassenlehrer\/innen mit.<\/li>\n<li>Jede Klasse hat die M\u00f6glichkeit alle 2 Wochen eine Schulbuchausleihe vorzunehmen.<\/li>\n<li>Zus\u00e4tzlich zu den Klassenzeiten gibt es die M\u00f6glichkeit, an einem Tag der Woche in einer gro\u00dfen Pause, die B\u00fccher auszuleihen. Den Termin legt die Sekret\u00e4rin fest.<\/li>\n<li>Jeder Sch\u00fcler erh\u00e4lt eine Lesekarte, welche in der B\u00fccherei verbleibt.<\/li>\n<li>Bei dreimaligem Vergessen ist eine Geb\u00fchr von 0,25 \u20ac pro Buch zu entrichten.<\/li>\n<li>Verloren gegangene B\u00fccher m\u00fcssen von den Eltern ersetzt werden.<\/li>\n<\/ul>\n<p>Des Weiteren haben vor allem die Sch\u00fcler\/innen der 4. Klassen die M\u00f6glichkeit, die Fahrb\u00fccherei des Landkreises Uelzen zu nutzen. Die Ausleihe findet alle drei Wochen im Bus direkt vor der Schule an der Bushaltestelle statt. Dazu erhalten die Sch\u00fcler\/innen Leseausweise der Fahrb\u00fccherei.<\/p>\n","protected":false},"excerpt":{"rendered":"<p>Im Schulgeb\u00e4ude befindet sich eine eigene Schulb\u00fccherei. Im Haushalt gibt es einen entsprechenden Etat, mit dessen Hilfe Anschaffungen get\u00e4tigt werden k\u00f6nnen. F\u00fcr die Anschaffung (in Absprache mit der Schulleitung) sowie die Ausleihe der B\u00fccher ist die Sekret\u00e4rin Frau Bunge-Schulz \u00a0zust\u00e4ndig. Sie legt die Klassen-Ausleihzeiten fest und teilt sie den Klassenlehrer\/innen mit. Jede Klasse hat die &hellip; <a href=\"https:\/\/wordpress.nibis.de\/gsrosche\/schulleben\/buecherei-fahrbuecherei\/\" class=\"more-link\">Weiterlesen <span class=\"screen-reader-text\">B\u00fccherei \/ Fahrb\u00fccherei<\/span><\/a><\/p>\n","protected":false},"author":103,"featured_media":0,"parent":44,"menu_order":0,"comment_status":"closed","ping_status":"closed","template":"","meta":{"footnotes":""},"class_list":["post-77","page","type-page","status-publish","hentry","without-featured-image"],"_links":{"self":[{"href":"https:\/\/wordpress.nibis.de\/gsrosche\/wp-json\/wp\/v2\/pages\/77","targetHints":{"allow":["GET"]}}],"collection":[{"href":"https:\/\/wordpress.nibis.de\/gsrosche\/wp-json\/wp\/v2\/pages"}],"about":[{"href":"https:\/\/wordpress.nibis.de\/gsrosche\/wp-json\/wp\/v2\/types\/page"}],"author":[{"embeddable":true,"href":"https:\/\/wordpress.nibis.de\/gsrosche\/wp-json\/wp\/v2\/users\/103"}],"replies":[{"embeddable":true,"href":"https:\/\/wordpress.nibis.de\/gsrosche\/wp-json\/wp\/v2\/comments?post=77"}],"version-history":[{"count":2,"href":"https:\/\/wordpress.nibis.de\/gsrosche\/wp-json\/wp\/v2\/pages\/77\/revisions"}],"predecessor-version":[{"id":751,"href":"https:\/\/wordpress.nibis.de\/gsrosche\/wp-json\/wp\/v2\/pages\/77\/revisions\/751"}],"up":[{"embeddable":true,"href":"https:\/\/wordpress.nibis.de\/gsrosche\/wp-json\/wp\/v2\/pages\/44"}],"wp:attachment":[{"href":"https:\/\/wordpress.nibis.de\/gsrosche\/wp-json\/wp\/v2\/media?parent=77"}],"curies":[{"name":"wp","href":"https:\/\/api.w.org\/{rel}","templated":true}]}}