{"id":79,"date":"2013-11-04T22:41:00","date_gmt":"2013-11-04T20:41:00","guid":{"rendered":"http:\/\/wordpress.nibis.de\/gsrosche\/?page_id=79"},"modified":"2019-03-10T16:19:50","modified_gmt":"2019-03-10T15:19:50","slug":"evaluation","status":"publish","type":"page","link":"https:\/\/wordpress.nibis.de\/gsrosche\/schulleben\/evaluation\/","title":{"rendered":"Evaluation"},"content":{"rendered":"<p style=\"text-align: left\" align=\"center\">Evaluation dient grunds\u00e4tzlich der Qualit\u00e4tssicherung und der Qualit\u00e4tsentwicklung. Jede Schule ist zur Evaluation laut Erlass verpflichtet. Mit Hilfe von folgenden Punkten evaluieren wir unsere Arbeit.<\/p>\n<p>Alle zwei Jahre f\u00fchren wir eine Evaluation durch. Den Bereich der Evaluation legt der Schulvorstand fest. Dieser ist auch f\u00fcr die Durchf\u00fchrung der Befragung zust\u00e4ndig. An der Befragung k\u00f6nnen die Sch\u00fcler und Sch\u00fclerinnen aller Klassen, deren Eltern, alle Lehrkr\u00e4fte unserer Grundschule sowie die Mitarbeiter (Hausmeister, Sekret\u00e4rin, p\u00e4dagogische Mitarbeiterinnen) teilnehmen. Die Auswertung \u00fcbernimmt ebenfalls der Schulvorstand. Im Anschluss werden die Eltern in geeigneter Weise informiert..<\/p>\n<p>Die einzelnen Fachbereiche evaluieren stets im Laufe des Schuljahres ihre Arbeitspl\u00e4ne und Bewertungsgrundlagen. Zust\u00e4ndig f\u00fcr die Durchf\u00fchrung der Evaluation ist der Fachkonferenzleiter.<\/p>\n<p>Jede Schulaktion\/Feier\/Veranstaltung unterliegt einer Evaluation. In der darauf folgenden Dienstversammlung wird gemeinsam ein R\u00fcckblick gehalten und eventuelle Verbesserungen schriftlich festgehalten.<\/p>\n","protected":false},"excerpt":{"rendered":"<p>Evaluation dient grunds\u00e4tzlich der Qualit\u00e4tssicherung und der Qualit\u00e4tsentwicklung. Jede Schule ist zur Evaluation laut Erlass verpflichtet. Mit Hilfe von folgenden Punkten evaluieren wir unsere Arbeit. Alle zwei Jahre f\u00fchren wir eine Evaluation durch. Den Bereich der Evaluation legt der Schulvorstand fest. Dieser ist auch f\u00fcr die Durchf\u00fchrung der Befragung zust\u00e4ndig. An der Befragung k\u00f6nnen die &hellip; <a href=\"https:\/\/wordpress.nibis.de\/gsrosche\/schulleben\/evaluation\/\" class=\"more-link\">Weiterlesen <span class=\"screen-reader-text\">Evaluation<\/span><\/a><\/p>\n","protected":false},"author":103,"featured_media":0,"parent":44,"menu_order":0,"comment_status":"closed","ping_status":"closed","template":"","meta":{"footnotes":""},"class_list":["post-79","page","type-page","status-publish","hentry","without-featured-image"],"_links":{"self":[{"href":"https:\/\/wordpress.nibis.de\/gsrosche\/wp-json\/wp\/v2\/pages\/79","targetHints":{"allow":["GET"]}}],"collection":[{"href":"https:\/\/wordpress.nibis.de\/gsrosche\/wp-json\/wp\/v2\/pages"}],"about":[{"href":"https:\/\/wordpress.nibis.de\/gsrosche\/wp-json\/wp\/v2\/types\/page"}],"author":[{"embeddable":true,"href":"https:\/\/wordpress.nibis.de\/gsrosche\/wp-json\/wp\/v2\/users\/103"}],"replies":[{"embeddable":true,"href":"https:\/\/wordpress.nibis.de\/gsrosche\/wp-json\/wp\/v2\/comments?post=79"}],"version-history":[{"count":2,"href":"https:\/\/wordpress.nibis.de\/gsrosche\/wp-json\/wp\/v2\/pages\/79\/revisions"}],"predecessor-version":[{"id":742,"href":"https:\/\/wordpress.nibis.de\/gsrosche\/wp-json\/wp\/v2\/pages\/79\/revisions\/742"}],"up":[{"embeddable":true,"href":"https:\/\/wordpress.nibis.de\/gsrosche\/wp-json\/wp\/v2\/pages\/44"}],"wp:attachment":[{"href":"https:\/\/wordpress.nibis.de\/gsrosche\/wp-json\/wp\/v2\/media?parent=79"}],"curies":[{"name":"wp","href":"https:\/\/api.w.org\/{rel}","templated":true}]}}