{"id":86,"date":"2013-11-04T22:47:24","date_gmt":"2013-11-04T20:47:24","guid":{"rendered":"http:\/\/wordpress.nibis.de\/gsrosche\/?page_id=86"},"modified":"2019-03-10T17:51:51","modified_gmt":"2019-03-10T16:51:51","slug":"verkehrserziehung-gelbe-fuesse","status":"publish","type":"page","link":"https:\/\/wordpress.nibis.de\/gsrosche\/schulleben\/verkehrserziehung-gelbe-fuesse\/","title":{"rendered":"Verkehrserziehung &#8211; Gelbe F\u00fc\u00dfe"},"content":{"rendered":"<p align=\"center\">\n<p>In Kooperation mit der Polizei Rosche wird zu Beginn jedes Schuljahres die Aktion \u201eGelbe F\u00fc\u00dfe\u201c zur Verkehrserziehung durchgef\u00fchrt.<\/p>\n<p>Die Erstklasslehrer spr\u00fchen an den Tagen vor der Einschulung mit einer Schuh-Schablone und gelber Farbe kleine F\u00fc\u00dfe an wichtige Stra\u00dfenverkehrspunkte, wie Kreuzungen, Zebrastreifen oder andere f\u00fcr Kinder gef\u00e4hrliche Abschnitte.<\/p>\n<p>An den ersten Schultagen besucht ein Mitarbeiter der Polizeistation Rosche die beiden ersten Klassen an ihren jeweiligen Standorten und bespricht mit ihnen den Sinn der Aktion \u201eGelbe F\u00fc\u00dfe\u201c. Anschlie\u00dfend f\u00fchrt er eine Ortsbegehung mit ihnen und den Klassenlehrerinnen durch und \u00fcbt das korrekte \u00dcberqueren der Stra\u00dfe. Abschlie\u00dfend bespricht er mit den Kindern im Klassenraum das soeben Gelernte.<\/p>\n<p>Wir freuen uns \u00fcber diese Zusammenarbeit mit der Polizei, erachten diese als wichtig und sehen diese Kooperationsaktion zu den \u201eGelben F\u00fc\u00dfen\u201c als einen wichtigen Bestandteil unseres Schulprogramms an.<\/p>\n","protected":false},"excerpt":{"rendered":"<p>In Kooperation mit der Polizei Rosche wird zu Beginn jedes Schuljahres die Aktion \u201eGelbe F\u00fc\u00dfe\u201c zur Verkehrserziehung durchgef\u00fchrt. Die Erstklasslehrer spr\u00fchen an den Tagen vor der Einschulung mit einer Schuh-Schablone und gelber Farbe kleine F\u00fc\u00dfe an wichtige Stra\u00dfenverkehrspunkte, wie Kreuzungen, Zebrastreifen oder andere f\u00fcr Kinder gef\u00e4hrliche Abschnitte. An den ersten Schultagen besucht ein Mitarbeiter der &hellip; <a href=\"https:\/\/wordpress.nibis.de\/gsrosche\/schulleben\/verkehrserziehung-gelbe-fuesse\/\" class=\"more-link\">Weiterlesen <span class=\"screen-reader-text\">Verkehrserziehung &#8211; Gelbe F\u00fc\u00dfe<\/span><\/a><\/p>\n","protected":false},"author":103,"featured_media":0,"parent":44,"menu_order":0,"comment_status":"closed","ping_status":"closed","template":"","meta":{"footnotes":""},"class_list":["post-86","page","type-page","status-publish","hentry","without-featured-image"],"_links":{"self":[{"href":"https:\/\/wordpress.nibis.de\/gsrosche\/wp-json\/wp\/v2\/pages\/86","targetHints":{"allow":["GET"]}}],"collection":[{"href":"https:\/\/wordpress.nibis.de\/gsrosche\/wp-json\/wp\/v2\/pages"}],"about":[{"href":"https:\/\/wordpress.nibis.de\/gsrosche\/wp-json\/wp\/v2\/types\/page"}],"author":[{"embeddable":true,"href":"https:\/\/wordpress.nibis.de\/gsrosche\/wp-json\/wp\/v2\/users\/103"}],"replies":[{"embeddable":true,"href":"https:\/\/wordpress.nibis.de\/gsrosche\/wp-json\/wp\/v2\/comments?post=86"}],"version-history":[{"count":2,"href":"https:\/\/wordpress.nibis.de\/gsrosche\/wp-json\/wp\/v2\/pages\/86\/revisions"}],"predecessor-version":[{"id":763,"href":"https:\/\/wordpress.nibis.de\/gsrosche\/wp-json\/wp\/v2\/pages\/86\/revisions\/763"}],"up":[{"embeddable":true,"href":"https:\/\/wordpress.nibis.de\/gsrosche\/wp-json\/wp\/v2\/pages\/44"}],"wp:attachment":[{"href":"https:\/\/wordpress.nibis.de\/gsrosche\/wp-json\/wp\/v2\/media?parent=86"}],"curies":[{"name":"wp","href":"https:\/\/api.w.org\/{rel}","templated":true}]}}