{"id":861,"date":"2020-09-01T10:39:01","date_gmt":"2020-09-01T08:39:01","guid":{"rendered":"https:\/\/wordpress.nibis.de\/gsrosche\/?page_id=861"},"modified":"2020-09-01T10:39:01","modified_gmt":"2020-09-01T08:39:01","slug":"ergaenzungen-zum-hygieneplan-bzgl-der-corona-pandemie","status":"publish","type":"page","link":"https:\/\/wordpress.nibis.de\/gsrosche\/ergaenzungen-zum-hygieneplan-bzgl-der-corona-pandemie\/","title":{"rendered":"Erg\u00e4nzungen zum Hygieneplan bzgl. der Corona-Pandemie"},"content":{"rendered":"\n<p>Alle Besch\u00e4ftigten der Schule, Sch\u00fcler\/innen sowie alle Personen, die regelm\u00e4\u00dfig an der Schule arbeiten, sind angehalten, die Hygienehinweise der Gesundheitsbeh\u00f6rden zu beachten.<\/p>\n\n\n\n<p>Die Schulleitung informiert die Lehrkr\u00e4fte und alle Mitarbeitenden sowie die Erziehungsberechtigten \u00fcber die Hygienema\u00dfnahmen der Schule.<\/p>\n\n\n\n<p>Die Hygiene- und Abstandsregeln werden mit allen Sch\u00fcler\/innen altersangemessen durch die Klassenlehrkr\u00e4fte thematisiert. Die Verhaltensregeln m\u00fcssen mit den SuS einge\u00fcbt und kontrolliert werden.<\/p>\n\n\n\n<p>Je nach Infektionsgeschehen legt die Landesschulbeh\u00f6rde in Absprache mit dem Gesundheitsamt die Art des Szenariums A, B oder C fest.<\/p>\n\n\n\n<p><strong>Szenario A \u2013 Eingeschr\u00e4nkter Regelbetrieb<\/strong><\/p>\n\n\n\n<p>Um einen weitgehend normalen Unterrichtsbetrieb zu gew\u00e4hrleisten, wird das Abstandsgebot unter den Sch\u00fclerinnen und Sch\u00fclern zugunsten eines Kohorten-Prinzips aufgehoben. Unter Kohorten werden festgelegte Gruppen \/ Klassen verstanden, die in ihrer Personenzusammensetzung m\u00f6glichst unver\u00e4ndert bleiben. In diesem Szenarium werden alle Sch\u00fcler\/innen im Klassenverband ohne Abstandsgebot unterrichtet. Lehrkr\u00e4fte sowie p\u00e4dagogische Mitarbeiterinnen und Mitarbeiter (PM) sind angehalten, das Abstandsgebot untereinander und zu ihren SuS einzuhalten, wo immer dies m\u00f6glich ist.<\/p>\n\n\n\n<p><strong>Szenario B \u2013 Schule im Wechselmodell<\/strong><\/p>\n\n\n\n<p>Szenario B sieht eine Kombination aus Pr\u00e4senzunterricht und Lernen zu Hause vor. In diesem Fall gilt dann wieder:<\/p>\n\n\n\n<p>\u00b7 maximal 16 Personen in Pr\u00e4senzunterricht<\/p>\n\n\n\n<p>\u00b7 Mindestabstand von 1,5 Metern auch wieder innerhalb der Lerngruppen<\/p>\n\n\n\n<p>\u00b7 Wechsel von Pr\u00e4senzunterricht und verpflichtendem \u201eLernen zu Hause\u201c<\/p>\n\n\n\n<p><strong>Szenario C \u2013 Quarant\u00e4ne und Shutdown<\/strong><\/p>\n\n\n\n<p>Bei lokalen oder landesweiten Schulschlie\u00dfungen bzw. Quarant\u00e4nema\u00dfnahmen tritt das Szenario C in Kraft. Neben regionalen Schlie\u00dfungen ganzer Schulen k\u00f6nnen auch einzelne Jahrg\u00e4nge, Klassen oder Geb\u00e4udenutzer durch das Gesundheitsamt in Quarant\u00e4ne versetzt&nbsp; werden. Die Sch\u00fclerinnen und Sch\u00fcler lernen dann ausschlie\u00dflich zu Hause und die Lehrkr\u00e4fte leiten an und kommunizieren regelm\u00e4\u00dfig mit den Sch\u00fclerinnen und Sch\u00fclern.<\/p>\n\n\n\n<p><strong><u>Zutrittsbeschr\u00e4nkungen in der Schule<\/u><\/strong><\/p>\n\n\n\n<p>Der Zutritt von Personen, die nicht in der Schule unterrichtet werden oder dort nicht regelm\u00e4\u00dfig t\u00e4tig sind, ist nach M\u00f6glichkeit w\u00e4hrend des Schulbetriebs auf ein Minimum zu beschr\u00e4nken und soll <strong>nur nach Anmeldung<\/strong> aus einem wichtigen Grund (z. B. Elternabende) unter Einhaltung des Mindestabstands von 1,5 Metern erfolgen. Die Kontaktdaten dieser Personen werden dokumentiert. Eine <strong>Begleitung<\/strong> von Sch\u00fclerinnen und Sch\u00fclern, z. B. durch Eltern oder Erziehungsberechtigte, <strong>in das Schulgeb\u00e4ude<\/strong> und das <strong>Abholen innerhalb des Schulgeb\u00e4udes<\/strong> sind <strong>grunds\u00e4tzlich untersagt<\/strong> und auf notwendige Ausnahmen zu beschr\u00e4nken.<\/p>\n\n\n\n<p><strong><u>Schulbesuch bei Erkrankung<\/u><\/strong><\/p>\n\n\n\n<p>Personen, die Fieber haben oder eindeutig krank sind, d\u00fcrfen unabh\u00e4ngig von der Ursache die Schule nicht besuchen oder dort t\u00e4tig sein. Abh\u00e4ngig von der Symptomschwere k\u00f6nnen folgende F\u00e4lle unterschieden werden:<\/p>\n\n\n\n<p>\u00b7 Bei einem banalen Infekt ohne deutliche Beeintr\u00e4chtigung des Wohlbefindens (z. B. nur Schnupfen, leichter Husten) kann die Schule besucht werden.<\/p>\n\n\n\n<p>\u00b7 Bei Infekten mit einem ausgepr\u00e4gten Krankheitswert (z. B. Husten, Halsschmerzen, erh\u00f6hte Temperatur) muss die Genesung abgewartet werden. Nach 48 Stunden Symptomfreiheit kann die Schule ohne weitere Auflagen (d. h. ohne \u00e4rztliches Attest, ohne Testung) wieder besucht werden, wenn kein wissentlicher Kontakt zu einer best\u00e4tigten Covid-19 Erkrankung bekannt ist.<\/p>\n\n\n\n<p>\u00b7 Bei schwererer Symptomatik, zum Beispiel mit o Fieber ab 38,5\u00b0C oder o akutem, unerwartet aufgetretenem Infekt (insb. der Atemwege) mit deutlicher Beeintr\u00e4chtigung des Wohlbefindens oder o anhaltendem starken Husten, der nicht durch Vorerkrankung erkl\u00e4rbar ist, sollte \u00e4rztliche Hilfe in Anspruch genommen werden. Die \u00c4rztin oder der Arzt wird dann entscheiden, ob ggf. auch eine Testung auf SARSCoV-2 durchgef\u00fchrt werden soll und welche Aspekte f\u00fcr die Wiederzulassung zum Schulbesuch zu beachten sind.<\/p>\n\n\n\n<p><strong><u>Pers\u00f6nliche Hygiene<\/u><\/strong><\/p>\n\n\n\n<ul class=\"wp-block-list\"><li>Sofort nach Betreten der Schule sind alle Lehrkr\u00e4fte und Sch\u00fcler\/innen angewiesen, sich die H\u00e4nde im eigenen Klassenraum \/ Toilette zu waschen.<\/li><li>au\u00dferhalb des Klassenraumes Einhaltung eines Mindestabstandes von 1,50 m zu anderen Personen<\/li><li>Einhaltung der Husten- und Niesetikette (siehe Verhaltensplakate)<\/li><li>auf regelm\u00e4\u00dfiges H\u00e4ndewaschen hinweisen, vor allem nach dem Betreten des Schulgeb\u00e4udes, nach Toiletteng\u00e4ngen, nach den Pausen, vor dem Essen<\/li><li>H\u00e4ndedesinfektion unter Aufsicht der Lehrkraft nur als Ausnahme und nicht als Regelfall praktizieren<\/li><li>bei Anzeichen von Krankheitszeichen zu Hause bleiben und die Schule informieren<\/li><li>k\u00f6rperlichen Kontakt zu anderen Personen vermeiden<\/li><li>Gegenst\u00e4nde (Stifte, Kleber, icht mit anderen Personen teilen<\/li><li>Kontakt zu h\u00e4ufig genutzten Fl\u00e4chen (T\u00fcrklinken, Lichtschalter etc.) m\u00f6glichst minimieren oder den Ellenbogen benutzen<\/li><li>In den \u00f6ffentlichen Verkehrsmitteln, im Schulgeb\u00e4ude und \u00fcberall dort, wo der Abstand nicht gew\u00e4hrleistet ist, eine Mund-Nasen-Bedeckung tragen<\/li><\/ul>\n\n\n\n<p><strong><u>Raumhygiene<\/u><\/strong><\/p>\n\n\n\n<ul class=\"wp-block-list\"><li>die Sitzordnung wird dauerhaft beibehalten und dokumentiert, jegliche \u00c4nderungen werden dokumentiert und drei Wochen aufbewahrt.<\/li><li>mehrmals t\u00e4glich, mindestens alle 45 Minuten, ist eine Sto\u00dfl\u00fcftung (vollst\u00e4ndig ge\u00f6ffnete Fenster!) vorzunehmen<\/li><li>die Klassenr\u00e4ume sind mit Fl\u00fcssigseife und Papiert\u00fcchern ausgestattet<\/li><\/ul>\n\n\n\n<p><strong><u>Hygiene im Sanit\u00e4rbereich<\/u><\/strong><\/p>\n\n\n\n<ul class=\"wp-block-list\"><li>die Toiletten sind mit Fl\u00fcssigseife, Papiert\u00fcchern und Abfallbeh\u00e4ltern ausgestattet<\/li><li>in den Toiletten nur einzeln aufhalten, bei Belegung ist das WC-Schild an die T\u00fcrklinke zu h\u00e4ngen<\/li><\/ul>\n\n\n\n<p><strong><u>Pausen<\/u><\/strong><\/p>\n\n\n\n<ul class=\"wp-block-list\"><li>Maskenpflicht im Schulgeb\u00e4ude<\/li><li>im Schulgeb\u00e4ude und auf dem Schulhof sind die Abstandsregeln zu beachten<\/li><li>Wegweiser an den T\u00fcren und auf den Fluren beachten<\/li><li>Aufsichten gegebenenfalls verdoppeln<\/li><li>versetzte gro\u00dfe Pausen zur Einschr\u00e4nkung der Personenzahl auf dem Schulhof (nach der 1. + 3. Stunde bzw. nach der 2. + 4. Stunde)<\/li><\/ul>\n\n\n\n<p><strong><u>Konferenzen<\/u><\/strong><\/p>\n\n\n\n<ul class=\"wp-block-list\"><li>Konferenzen finden, wenn m\u00f6glich, m\u00f6glichst in kleinen Gruppen statt<\/li><li>Abstandsregeln und Regeln zur Raumhygiene werden eingehalten<\/li><li>Gegebenenfalls wird auf Videokonferenzen zur\u00fcckgegriffen<\/li><\/ul>\n\n\n\n<p><strong><u>Sportunterricht<\/u><\/strong><\/p>\n\n\n\n<ul class=\"wp-block-list\"><li>Der Sportunterricht findet nach M\u00f6glichkeit drau\u00dfen auf dem Sportplatz statt<\/li><li>In der Turnhalle m\u00fcssen w\u00e4hrend des Unterrichtes die Fenster ge\u00f6ffnet sein<\/li><li>Unmittelbar nach dem Verlassen der Sporthalle muss die Notausgangst\u00fcr und die Eingangst\u00fcr ge\u00f6ffnet werden, um einen 30 min\u00fctigen Luftaustausch zu gew\u00e4hren<\/li><\/ul>\n\n\n\n<p><strong><u>Dokumentation und Nachverfolgung<\/u><\/strong><\/p>\n\n\n\n<p>Zentral in der Bek\u00e4mpfung jeder Pandemie ist das Unterbrechen der Infektionsketten. Um im Falle einer Infektion bzw. eines Verdachtsfalls ein konsequentes Kontaktmanagement durch das \u00f6rtliche Gesundheitsamt zu erm\u00f6glichen, ist vor allem Folgendes zu beachten:<\/p>\n\n\n\n<p>\u00b7 Dokumentation der Zusammensetzung der Kohorten<\/p>\n\n\n\n<p>\u00b7 Dokumentation der Abweichungen vom Kohorten-Prinzip<\/p>\n\n\n\n<p>\u00b7 regelhaftes Dokumentieren der Anwesenheit in den Klassenb\u00fcchern<\/p>\n\n\n\n<p>\u00b7 Die Sitzordnung der Sch\u00fclerinnen und Sch\u00fcler ist f\u00fcr jede Klasse zu dokumentieren (z. B. Sitzplan im Klassenbuch) und bei \u00c4nderungen anzupassen. Eine \u00c4nderung von Sitzordnungen ist m\u00f6glichst zu vermeiden.<\/p>\n\n\n\n<p>&nbsp;\u00b7 Dokumentation der Anwesenheit des regelhaft in der Schule eingesetzten Personals<\/p>\n\n\n\n<p>\u00b7 Dokumentation der Anwesenheit weiterer Personen<\/p>\n\n\n\n<p>Diese Dokumentation ist drei Wochen aufzubewahren und muss dem Gesundheitsamt zur Fallnachverfolgung auf Verlangen unverz\u00fcglich zur Verf\u00fcgung gestellt werden k\u00f6nnen. Zur Dokumentation werden die bestehenden Dokumentationssysteme, wie Klassenb\u00fccher, Vertretungspl\u00e4ne und ein Besucherbuch genutzt. Der Datenschutz ist gew\u00e4hrleistet.<\/p>\n","protected":false},"excerpt":{"rendered":"<p>Alle Besch\u00e4ftigten der Schule, Sch\u00fcler\/innen sowie alle Personen, die regelm\u00e4\u00dfig an der Schule arbeiten, sind angehalten, die Hygienehinweise der Gesundheitsbeh\u00f6rden zu beachten. Die Schulleitung informiert die Lehrkr\u00e4fte und alle Mitarbeitenden sowie die Erziehungsberechtigten \u00fcber die Hygienema\u00dfnahmen der Schule. Die Hygiene- und Abstandsregeln werden mit allen Sch\u00fcler\/innen altersangemessen durch die Klassenlehrkr\u00e4fte thematisiert. Die Verhaltensregeln m\u00fcssen mit &hellip; <a href=\"https:\/\/wordpress.nibis.de\/gsrosche\/ergaenzungen-zum-hygieneplan-bzgl-der-corona-pandemie\/\" class=\"more-link\">Weiterlesen <span class=\"screen-reader-text\">Erg\u00e4nzungen zum Hygieneplan bzgl. der Corona-Pandemie<\/span><\/a><\/p>\n","protected":false},"author":103,"featured_media":0,"parent":0,"menu_order":0,"comment_status":"closed","ping_status":"closed","template":"","meta":{"footnotes":""},"class_list":["post-861","page","type-page","status-publish","hentry","without-featured-image"],"_links":{"self":[{"href":"https:\/\/wordpress.nibis.de\/gsrosche\/wp-json\/wp\/v2\/pages\/861","targetHints":{"allow":["GET"]}}],"collection":[{"href":"https:\/\/wordpress.nibis.de\/gsrosche\/wp-json\/wp\/v2\/pages"}],"about":[{"href":"https:\/\/wordpress.nibis.de\/gsrosche\/wp-json\/wp\/v2\/types\/page"}],"author":[{"embeddable":true,"href":"https:\/\/wordpress.nibis.de\/gsrosche\/wp-json\/wp\/v2\/users\/103"}],"replies":[{"embeddable":true,"href":"https:\/\/wordpress.nibis.de\/gsrosche\/wp-json\/wp\/v2\/comments?post=861"}],"version-history":[{"count":1,"href":"https:\/\/wordpress.nibis.de\/gsrosche\/wp-json\/wp\/v2\/pages\/861\/revisions"}],"predecessor-version":[{"id":862,"href":"https:\/\/wordpress.nibis.de\/gsrosche\/wp-json\/wp\/v2\/pages\/861\/revisions\/862"}],"wp:attachment":[{"href":"https:\/\/wordpress.nibis.de\/gsrosche\/wp-json\/wp\/v2\/media?parent=861"}],"curies":[{"name":"wp","href":"https:\/\/api.w.org\/{rel}","templated":true}]}}