{"id":874,"date":"2020-09-01T11:13:33","date_gmt":"2020-09-01T09:13:33","guid":{"rendered":"https:\/\/wordpress.nibis.de\/gsrosche\/?page_id=874"},"modified":"2022-10-17T13:02:06","modified_gmt":"2022-10-17T11:02:06","slug":"aktuelles","status":"publish","type":"page","link":"https:\/\/wordpress.nibis.de\/gsrosche\/aktuelles\/","title":{"rendered":"Wir sind Kinderrechteschule!!!"},"content":{"rendered":"\n<audio class=\"wp-audio-shortcode\" id=\"audio-874-1\" preload=\"none\" style=\"width: 100%;\" controls=\"controls\"><source type=\"audio\/mpeg\" src=\"https:\/\/wordpress.nibis.de\/gsrosche\/files\/AUD-20221017-WA0003.mp3?_=1\" \/><a href=\"https:\/\/wordpress.nibis.de\/gsrosche\/files\/AUD-20221017-WA0003.mp3\">https:\/\/wordpress.nibis.de\/gsrosche\/files\/AUD-20221017-WA0003.mp3<\/a><\/audio>\n\n\n\n<p><img loading=\"lazy\" decoding=\"async\" class=\"alignnone size-full wp-image-983\" src=\"https:\/\/wordpress.nibis.de\/gsrosche\/files\/20221014_150413-01-1.jpeg\" alt=\"Gemeinsam mit der Liedermacherin Suli Puschban begr\u00fc\u00dfen wir mit unserem Schulsong &quot;Wir sind der Fluss&quot; unsere G\u00e4ste zum Schulfest anl\u00e4sslich der Verleihung des Siegels zur Kinderrechteschule.\" width=\"1823\" height=\"1860\" srcset=\"https:\/\/wordpress.nibis.de\/gsrosche\/files\/20221014_150413-01-1.jpeg 1823w, https:\/\/wordpress.nibis.de\/gsrosche\/files\/20221014_150413-01-1-294x300.jpeg 294w, https:\/\/wordpress.nibis.de\/gsrosche\/files\/20221014_150413-01-1-470x480.jpeg 470w, https:\/\/wordpress.nibis.de\/gsrosche\/files\/20221014_150413-01-1-768x784.jpeg 768w, https:\/\/wordpress.nibis.de\/gsrosche\/files\/20221014_150413-01-1-1505x1536.jpeg 1505w, https:\/\/wordpress.nibis.de\/gsrosche\/files\/20221014_150413-01-1-784x800.jpeg 784w\" sizes=\"auto, (max-width: 1823px) 100vw, 1823px\" \/><\/p>\n\n\n\n<p>Als erste nieders\u00e4chsische Schule erhielten wir am 14.10.2022 das Siegel &#8222;Kinderrechteschule &#8211; Wir leben Kinderrechte&#8220; von UNICEF und dem Nieders\u00e4chsischen Kultusministerium.<\/p>\n","protected":false},"excerpt":{"rendered":"<p>Als erste nieders\u00e4chsische Schule erhielten wir am 14.10.2022 das Siegel &#8222;Kinderrechteschule &#8211; Wir leben Kinderrechte&#8220; von UNICEF und dem Nieders\u00e4chsischen Kultusministerium.<\/p>\n","protected":false},"author":103,"featured_media":0,"parent":0,"menu_order":0,"comment_status":"closed","ping_status":"closed","template":"","meta":{"footnotes":""},"class_list":["post-874","page","type-page","status-publish","hentry","without-featured-image"],"_links":{"self":[{"href":"https:\/\/wordpress.nibis.de\/gsrosche\/wp-json\/wp\/v2\/pages\/874","targetHints":{"allow":["GET"]}}],"collection":[{"href":"https:\/\/wordpress.nibis.de\/gsrosche\/wp-json\/wp\/v2\/pages"}],"about":[{"href":"https:\/\/wordpress.nibis.de\/gsrosche\/wp-json\/wp\/v2\/types\/page"}],"author":[{"embeddable":true,"href":"https:\/\/wordpress.nibis.de\/gsrosche\/wp-json\/wp\/v2\/users\/103"}],"replies":[{"embeddable":true,"href":"https:\/\/wordpress.nibis.de\/gsrosche\/wp-json\/wp\/v2\/comments?post=874"}],"version-history":[{"count":2,"href":"https:\/\/wordpress.nibis.de\/gsrosche\/wp-json\/wp\/v2\/pages\/874\/revisions"}],"predecessor-version":[{"id":988,"href":"https:\/\/wordpress.nibis.de\/gsrosche\/wp-json\/wp\/v2\/pages\/874\/revisions\/988"}],"wp:attachment":[{"href":"https:\/\/wordpress.nibis.de\/gsrosche\/wp-json\/wp\/v2\/media?parent=874"}],"curies":[{"name":"wp","href":"https:\/\/api.w.org\/{rel}","templated":true}]}}