{"id":900,"date":"2022-08-02T15:01:09","date_gmt":"2022-08-02T13:01:09","guid":{"rendered":"https:\/\/wordpress.nibis.de\/gsrosche\/?page_id=900"},"modified":"2022-08-02T15:01:09","modified_gmt":"2022-08-02T13:01:09","slug":"kinderrechte","status":"publish","type":"page","link":"https:\/\/wordpress.nibis.de\/gsrosche\/kinderrechte\/","title":{"rendered":"Kinderrechte"},"content":{"rendered":"\n<p>Mit Beginn des Schuljahres 2021\/22 machte sich unsere Schule auf den Weg, am Kinderrechteschulen-Training von UNICEF teilzunehmen. Dazu m\u00fcssen wir insgesamt 7 Module durchlaufen:<img loading=\"lazy\" decoding=\"async\" class=\"alignnone size-full\" src=\"https:\/\/www.unicef.de\/blob\/235802\/c2423fce7b6d82853ca508e1b4abecbd\/pdf-siebenstufiges-training-data.jpg\" width=\"3000\" height=\"1000\" \/><\/p>\n<ul>\n<li>Modul 1 Einf\u00fchrung (P\u00e4dagogischer Tag)<\/li>\n<li>Modul 2 Beteiligung\n<p><span lang=\"en-us\"><b>Beteiligung, auch Partizipation genannt, ist die wichtigste Grundlage, um Kinderrechte im Schulalltag zu leben. In dieser Stufe werden die Voraussetzungen f\u00fcr echte Beteiligung vertieft, wichtige Artikel der UN-Kinderrechtskonvention erl\u00e4utert und aufgezeigt, wie Beteiligung im Schulalltag konkret aussehen kann.<\/b><\/span><\/p>\n<p><span lang=\"en-us\"><b>Kinder und Jugendlichen m\u00fcssen als Person ernst genommen und respektiert werden. Sie haben nach Artikel 12 der UN-Kinderrechtskonvention das Recht ihre Lebenswelt mitzubestimmen und mitzugestalten. Dies gelingt, wenn sie ihre Meinung mitteilen k\u00f6nnen und Erwachsene diese ernst nehmen. Auch in der Schule m\u00fcssen Sch\u00fcler*innen ihrem Alter und ihrer Reife gem\u00e4\u00df bestm\u00f6glich bei Entscheidungen, die sie selbst betreffen, einbezogen werden.\u00a0<\/b><\/span><\/p>\n<\/li>\n<li>Modul 3 Vielfalt und Nichtdiskriminierung\n<p><b>Woher kommen Vorurteile und Vorannahmen? Welche tragen wir in uns selbst? Welche Formen von Diskriminierung gibt es? Und wie k\u00f6nnen Chancengleichheit und Inklusion eine st\u00e4rkere Bedeutung in der Schulgemeinschaft erhalten?<\/b><\/p>\n<p><b>Diese Fragen werden in Stufe drei gestellt, die sich mit den Themen Vielfalt und Nichtdiskriminierung besch\u00e4ftigt. Die Themen basieren auf Artikel 2 der UN-Kinderrechtskonvention &#8211; dem Recht auf Nichtdiskriminierung. Der Artikel bestimmt, dass die festgelegten Rechte f\u00fcr jedes Kind gelten und dass geeignete Ma\u00dfnahmen ergriffen werden m\u00fcssen, um Kinder und Jugendliche vor allen Formen der Diskriminierung zu sch\u00fctzen. Alle Kinder und Jugendlichen habe die gleichen Rechte &#8211; unabh\u00e4ngig von ihrer Hautfarbe, ihrem Geschlecht oder ihrer Religion.<\/b><\/p>\n<\/li>\n<li>Modul 4 Prozessbegleitung (P\u00e4dagogischer Tag)<\/li>\n<li>Modul 5 Gewaltpr\u00e4vention\n<p><b>In dieser Stufe geht es um das wichtige Thema Gewaltpr\u00e4vention. Jedes Kind hat das Recht, vor physischer und psychischer Gewaltanwendung, Misshandlung und Verwahrlosung gesch\u00fctzt zu werden \u2013 Grundlage hierf\u00fcr bildet Artikel 19 der UN-Kinderrechtskonvention.<\/b><\/p>\n<p><b>Konfliktsituationen und m\u00f6gliche Formen der Gewalt im Schulalltag zu erkennen und sie durch Kommunikationstechniken und Mediation zu entsch\u00e4rfen, ist ein Ziel dieser Stufe.<\/b><\/p>\n<p><b>Das Thema Mobbing gewinnt in vielen Schulen zunehmend an Bedeutung und wird in dieser Stufe ebenfalls behandelt.<\/b><\/p>\n<\/li>\n<li>Modul 6 Kinderrechte global\n<p><b><span lang=\"en-us\" xml:lang=\"en-us\">Stufe sechs soll bei den Sch\u00fcler*innen das Interesse wecken,\u00a0<\/span><span lang=\"de-ch\" xml:lang=\"de-ch\">ihr Lebensumfeld aktiv mitzugestalten<\/span><span lang=\"en-us\" xml:lang=\"en-us\">\u00a0und sich selbst f\u00fcr ihre Rechte und die von Gleichaltrigen stark zu machen &#8211;\u00a0<\/span><span lang=\"de-ch\" xml:lang=\"de-ch\">in Deutschland und weltweit. \u00a0<\/span><\/b><\/p>\n<p><b>Neben der UN-Kinderrechtskonvention werden in dieser Stufe auch die 17 Ziele f\u00fcr nachhaltige Entwicklung der Vereinten Nationen behandelt. Bis 2030 soll durch sie eine gerechtere und zukunftsf\u00e4hige Welt f\u00fcr alle Menschen geschaffen werden. Niemand, auch kein Kind, soll zur\u00fcckgelassen werden. Jedes einzelne Entwicklungsziel hat so eine zentrale Bedeutung f\u00fcr Kinder und ihr Wohl. Gleichzeitig ist die Umsetzung der verbrieften Rechte f\u00fcr Kinder und Jugendliche eine wesentliche Voraussetzung, um diese nachhaltigen Entwicklungsziele zu erreichen.<\/b><\/p>\n<\/li>\n<li>Modul 7 Prozessbegleitung + Zertifizierung<\/li>\n<\/ul>\n<p>Jede Stufe enth\u00e4lt theoretische (Online-Schulung) und praktische Lerninhalte. Wir als Schulgemeinschaft entscheiden selbst, wie wir die Thematik umsetzen und welche Projekte wir an unserer Schule durchf\u00fchren. Mit dem erfolgreichen Abschluss des Kinderrechte-Trainings erhalten wir als Schule das Siegel: &#8222;Kinderrechteschule \u2013 Wir leben Kinderrechte\u201c. Es ist f\u00fcr drei Jahre g\u00fcltig.<\/p>\n","protected":false},"excerpt":{"rendered":"<p>Mit Beginn des Schuljahres 2021\/22 machte sich unsere Schule auf den Weg, am Kinderrechteschulen-Training von UNICEF teilzunehmen. Dazu m\u00fcssen wir insgesamt 7 Module durchlaufen: Modul 1 Einf\u00fchrung (P\u00e4dagogischer Tag) Modul 2 Beteiligung Beteiligung, auch Partizipation genannt, ist die wichtigste Grundlage, um Kinderrechte im Schulalltag zu leben. In dieser Stufe werden die Voraussetzungen f\u00fcr echte Beteiligung &hellip; <a href=\"https:\/\/wordpress.nibis.de\/gsrosche\/kinderrechte\/\" class=\"more-link\">Weiterlesen <span class=\"screen-reader-text\">Kinderrechte<\/span><\/a><\/p>\n","protected":false},"author":103,"featured_media":0,"parent":0,"menu_order":0,"comment_status":"closed","ping_status":"closed","template":"","meta":{"footnotes":""},"class_list":["post-900","page","type-page","status-publish","hentry","without-featured-image"],"_links":{"self":[{"href":"https:\/\/wordpress.nibis.de\/gsrosche\/wp-json\/wp\/v2\/pages\/900","targetHints":{"allow":["GET"]}}],"collection":[{"href":"https:\/\/wordpress.nibis.de\/gsrosche\/wp-json\/wp\/v2\/pages"}],"about":[{"href":"https:\/\/wordpress.nibis.de\/gsrosche\/wp-json\/wp\/v2\/types\/page"}],"author":[{"embeddable":true,"href":"https:\/\/wordpress.nibis.de\/gsrosche\/wp-json\/wp\/v2\/users\/103"}],"replies":[{"embeddable":true,"href":"https:\/\/wordpress.nibis.de\/gsrosche\/wp-json\/wp\/v2\/comments?post=900"}],"version-history":[{"count":1,"href":"https:\/\/wordpress.nibis.de\/gsrosche\/wp-json\/wp\/v2\/pages\/900\/revisions"}],"predecessor-version":[{"id":901,"href":"https:\/\/wordpress.nibis.de\/gsrosche\/wp-json\/wp\/v2\/pages\/900\/revisions\/901"}],"wp:attachment":[{"href":"https:\/\/wordpress.nibis.de\/gsrosche\/wp-json\/wp\/v2\/media?parent=900"}],"curies":[{"name":"wp","href":"https:\/\/api.w.org\/{rel}","templated":true}]}}