{"id":909,"date":"2022-08-02T15:48:03","date_gmt":"2022-08-02T13:48:03","guid":{"rendered":"https:\/\/wordpress.nibis.de\/gsrosche\/?page_id=909"},"modified":"2022-08-02T15:50:41","modified_gmt":"2022-08-02T13:50:41","slug":"meilensteinplanung-kinderrechteschule","status":"publish","type":"page","link":"https:\/\/wordpress.nibis.de\/gsrosche\/kinderrechte\/meilensteinplanung-kinderrechteschule\/","title":{"rendered":"Meilensteinplanung Kinderrechteschule"},"content":{"rendered":"\n<table style=\"width: 85.8333%\" width=\"690\">\n<tbody>\n<tr>\n<td style=\"width: 23.0952%\" width=\"161\">\n<p><strong>Datum \/ Zeitraum<\/strong><\/p>\n<\/td>\n<td style=\"width: 40%\" width=\"279\">\n<p><strong>Was?<\/strong><\/p>\n<\/td>\n<td style=\"width: 21.6667%\" width=\"250\">\n<p><strong>Wer?<\/strong><\/p>\n<\/td>\n<\/tr>\n<tr>\n<td style=\"width: 23.0952%\" width=\"161\">\n<p>30.08.2021<\/p>\n<p>9.00 \u2013 16.00 Uhr<\/p>\n<\/td>\n<td style=\"width: 40%\" width=\"279\">\n<p>P\u00e4dagogischer Tag<\/p>\n<p><strong>Modul 1<\/strong><\/p>\n<\/td>\n<td style=\"width: 21.6667%\" width=\"250\">\n<p>Franziska Just<\/p>\n<p>Kollegium<\/p>\n<\/td>\n<\/tr>\n<tr>\n<td style=\"width: 23.0952%\" width=\"161\">\n<p>20.09.2021<\/p>\n<p>12.30 Uhr<\/p>\n<\/td>\n<td style=\"width: 40%\" width=\"279\">\n<p>Dienstversammlung<\/p>\n<p>&#8211; Einf\u00fchrung<\/p>\n<p>&#8211; Info \u00fcber weiteres Vorgehen<\/p>\n<p>&#8211; Umfrage der Eltern und Sch\u00fcler<\/p>\n<\/td>\n<td style=\"width: 21.6667%\" width=\"250\">\n<p>Kollegium<\/p>\n<\/td>\n<\/tr>\n<tr>\n<td style=\"width: 23.0952%\" width=\"161\">\n<p>14.10.-24.10.21<\/p>\n<\/td>\n<td style=\"width: 40%\" width=\"279\">\n<p>Umfrage der Eltern und Sch\u00fcler<\/p>\n<p>(per QR-Code bzw. Link, ggf. in Papierform)<\/p>\n<\/td>\n<td style=\"width: 21.6667%\" width=\"250\">\n<p>Dirk Neumann, Susanne Prehm<\/p>\n<\/td>\n<\/tr>\n<tr>\n<td style=\"width: 23.0952%\" width=\"161\">\n<p><strong>Oktober <\/strong><\/p>\n<\/td>\n<td style=\"width: 40%\" width=\"279\">\n<p><strong>Modul 2<\/strong><\/p>\n<\/td>\n<td style=\"width: 21.6667%\" width=\"250\">\n<p>\u00a0<\/p>\n<\/td>\n<\/tr>\n<tr>\n<td style=\"width: 23.0952%\" width=\"161\">\n<p>08.11.21<\/p>\n<p>13.30 Uhr<\/p>\n<\/td>\n<td style=\"width: 40%\" width=\"279\">\n<p>Dienstversammlung<\/p>\n<p>&#8211; Sammeln von durchgef\u00fchrten Projekten und Aktionen (Weihnachtsp\u00e4ckchen-Konvoi mit Round Table)<\/p>\n<p>&#8211; Aktionen zum Kinderrechtetag 20.11.21<\/p>\n<p>&#8211; Infos zum Modul 2 \u201eBeteiligung\u201c<\/p>\n<\/td>\n<td style=\"width: 21.6667%\" width=\"250\">\n<p>Alle Lehrkr\u00e4fte<\/p>\n<p>Schulsozialarbeiterin, Vanessa Kuske Grove\u2018<\/p>\n<\/td>\n<\/tr>\n<tr>\n<td style=\"width: 23.0952%\" width=\"161\">\n<p>19.11.21<\/p>\n<\/td>\n<td style=\"width: 40%\" width=\"279\">\n<p>Kinderrechtetag<\/p>\n<\/td>\n<td style=\"width: 21.6667%\" width=\"250\">\n<p>Alle Klassen + Kollegium<\/p>\n<\/td>\n<\/tr>\n<tr>\n<td style=\"width: 23.0952%\" width=\"161\">\n<p>22.11.21<\/p>\n<\/td>\n<td style=\"width: 40%\" width=\"279\">\n<p>Dienstversammlung<\/p>\n<p>&#8211; R\u00fcckmeldung Kinderrechtetag<\/p>\n<p>&#8211; Meilensteinplanung<\/p>\n<\/td>\n<td style=\"width: 21.6667%\" width=\"250\">\n<p>Alle Lehrkr\u00e4fte<\/p>\n<p>Schulsozialarbeiterin, Vanessa Kuske Grove\u2018<\/p>\n<\/td>\n<\/tr>\n<tr>\n<td style=\"width: 23.0952%\" width=\"161\">\n<p>\u00a0<\/p>\n<\/td>\n<td style=\"width: 40%\" width=\"279\">\n<p>Beginn Kinderparlament<\/p>\n<\/td>\n<td style=\"width: 21.6667%\" width=\"250\">\n<p>\u00a0<\/p>\n<\/td>\n<\/tr>\n<tr>\n<td style=\"width: 23.0952%\" width=\"161\">\n<p><strong>Dezember-M\u00e4rz<\/strong><\/p>\n<\/td>\n<td style=\"width: 40%\" width=\"279\">\n<p><strong>Modul 3 \u201eVielfalt und Nichtdiskriminierung\u201c<\/strong><\/p>\n<\/td>\n<td style=\"width: 21.6667%\" width=\"250\">\n<p>Alle Klassen + Kollegium<\/p>\n<\/td>\n<\/tr>\n<tr>\n<td style=\"width: 23.0952%\" width=\"161\">\n<p><strong>\u00a0<\/strong><\/p>\n<\/td>\n<td style=\"width: 40%\" width=\"279\">\n<p>Start \u201eSchulsong\u201c mit Suli Puschban<\/p>\n<\/td>\n<td style=\"width: 21.6667%\" width=\"250\">\n<p>\u00a0<\/p>\n<\/td>\n<\/tr>\n<tr>\n<td style=\"width: 23.0952%\" width=\"161\">\n<p><strong>31.03.22 <\/strong><\/p>\n<\/td>\n<td style=\"width: 40%\" width=\"279\">\n<p><strong>Modul 4 \u201eProzessbegleitung\u201c<\/strong><\/p>\n<\/td>\n<td style=\"width: 21.6667%\" width=\"250\">\n<p>Kollegium , Franziska Just<\/p>\n<\/td>\n<\/tr>\n<tr>\n<td style=\"width: 23.0952%\" width=\"161\">\n<p><strong>M\u00e4rz-Juli<\/strong><\/p>\n<\/td>\n<td style=\"width: 40%\" width=\"279\">\n<p><strong>Modul 5 \u201eGewaltpr\u00e4vention\u201c<\/strong><\/p>\n<\/td>\n<td style=\"width: 21.6667%\" width=\"250\">\n<p>Alle Klassen + Kollegium<\/p>\n<\/td>\n<\/tr>\n<tr>\n<td style=\"width: 23.0952%\" width=\"161\">\n<p>10.07.2022<\/p>\n<\/td>\n<td style=\"width: 40%\" width=\"279\">\n<p>Schulsong \u201eWir sind der Fluss\u201c<\/p>\n<\/td>\n<td style=\"width: 21.6667%\" width=\"250\">\n<p>alle Klassen, Kollegium, Eltern, Suli Puschban&amp;Band<\/p>\n<\/td>\n<\/tr>\n<tr>\n<td style=\"width: 23.0952%\" width=\"161\">\n<p><strong>\u00a0<\/strong><\/p>\n<\/td>\n<td style=\"width: 40%\" width=\"279\">\n<p>Bau der Friedenstreppe + Anleitung<\/p>\n<\/td>\n<td style=\"width: 21.6667%\" width=\"250\">\n<p>Schulsozialarbeiterin, alle Klassen<\/p>\n<\/td>\n<\/tr>\n<tr>\n<td style=\"width: 23.0952%\" width=\"161\">\n<p><strong>Juli-September<\/strong><\/p>\n<\/td>\n<td style=\"width: 40%\" width=\"279\">\n<p><strong>Modul 6 \u201eKinderrechte global\u201c<\/strong><\/p>\n<\/td>\n<td style=\"width: 21.6667%\" width=\"250\">\n<p>Alle Klassen + Kollegium<\/p>\n<\/td>\n<\/tr>\n<tr>\n<td style=\"width: 23.0952%\" width=\"161\">\n<p><strong>\u00a0<\/strong><\/p>\n<\/td>\n<td style=\"width: 40%\" width=\"279\">\n<p><strong>\u00a0<\/strong><\/p>\n<\/td>\n<td style=\"width: 21.6667%\" width=\"250\">\n<p>\u00a0<\/p>\n<\/td>\n<\/tr>\n<tr>\n<td style=\"width: 23.0952%\" width=\"161\">\n<p><strong>September<\/strong><\/p>\n<p>30.09.2022<\/p>\n<\/td>\n<td style=\"width: 40%\" width=\"279\">\n<p><strong>Modul 7 \u201eProzessbegleitung\u201c<\/strong><\/p>\n<\/td>\n<td style=\"width: 21.6667%\" width=\"250\">\n<p>Franziska Just<\/p>\n<p>Kollegium<\/p>\n<\/td>\n<\/tr>\n<tr>\n<td style=\"width: 23.0952%\" width=\"161\">\n<p>14.10.22<\/p>\n<\/td>\n<td style=\"width: 40%\" width=\"279\">\n<p>Schulfest<\/p>\n<\/td>\n<td style=\"width: 21.6667%\" width=\"250\">\n<p>\u00a0<\/p>\n<\/td>\n<\/tr>\n<\/tbody>\n<\/table>\n","protected":false},"excerpt":{"rendered":"<p>Datum \/ Zeitraum Was? Wer? 30.08.2021 9.00 \u2013 16.00 Uhr P\u00e4dagogischer Tag Modul 1 Franziska Just Kollegium 20.09.2021 12.30 Uhr Dienstversammlung &#8211; Einf\u00fchrung &#8211; Info \u00fcber weiteres Vorgehen &#8211; Umfrage der Eltern und Sch\u00fcler Kollegium 14.10.-24.10.21 Umfrage der Eltern und Sch\u00fcler (per QR-Code bzw. Link, ggf. in Papierform) Dirk Neumann, Susanne Prehm Oktober Modul 2 &hellip; <a href=\"https:\/\/wordpress.nibis.de\/gsrosche\/kinderrechte\/meilensteinplanung-kinderrechteschule\/\" class=\"more-link\">Weiterlesen <span class=\"screen-reader-text\">Meilensteinplanung Kinderrechteschule<\/span><\/a><\/p>\n","protected":false},"author":103,"featured_media":0,"parent":900,"menu_order":0,"comment_status":"closed","ping_status":"closed","template":"","meta":{"footnotes":""},"class_list":["post-909","page","type-page","status-publish","hentry","without-featured-image"],"_links":{"self":[{"href":"https:\/\/wordpress.nibis.de\/gsrosche\/wp-json\/wp\/v2\/pages\/909","targetHints":{"allow":["GET"]}}],"collection":[{"href":"https:\/\/wordpress.nibis.de\/gsrosche\/wp-json\/wp\/v2\/pages"}],"about":[{"href":"https:\/\/wordpress.nibis.de\/gsrosche\/wp-json\/wp\/v2\/types\/page"}],"author":[{"embeddable":true,"href":"https:\/\/wordpress.nibis.de\/gsrosche\/wp-json\/wp\/v2\/users\/103"}],"replies":[{"embeddable":true,"href":"https:\/\/wordpress.nibis.de\/gsrosche\/wp-json\/wp\/v2\/comments?post=909"}],"version-history":[{"count":2,"href":"https:\/\/wordpress.nibis.de\/gsrosche\/wp-json\/wp\/v2\/pages\/909\/revisions"}],"predecessor-version":[{"id":912,"href":"https:\/\/wordpress.nibis.de\/gsrosche\/wp-json\/wp\/v2\/pages\/909\/revisions\/912"}],"up":[{"embeddable":true,"href":"https:\/\/wordpress.nibis.de\/gsrosche\/wp-json\/wp\/v2\/pages\/900"}],"wp:attachment":[{"href":"https:\/\/wordpress.nibis.de\/gsrosche\/wp-json\/wp\/v2\/media?parent=909"}],"curies":[{"name":"wp","href":"https:\/\/api.w.org\/{rel}","templated":true}]}}