{"id":935,"date":"2022-09-25T18:13:43","date_gmt":"2022-09-25T16:13:43","guid":{"rendered":"https:\/\/wordpress.nibis.de\/gsrosche\/?page_id=935"},"modified":"2022-09-25T18:13:43","modified_gmt":"2022-09-25T16:13:43","slug":"elternverein","status":"publish","type":"page","link":"https:\/\/wordpress.nibis.de\/gsrosche\/elternverein\/","title":{"rendered":"Elternverein"},"content":{"rendered":"\n<p>Unser Elternverein hat nun einen neuen Vorstand. Dazu geh\u00f6ren Sarah Marks, Sabrina Schlademann, Kirsten Fauteck, Britta Jordan, Melanie Ha\u00df und Andr\u00e9 Seelig. Wir freuen uns sehr, dass Sie sich ehrenamtlich f\u00fcr die Schule engagieren. Vielen Dank!<\/p>\n<p>Im vergangenen Jahr konnten wir mit Hilfe des Elternvereins 2 Mehrzwecktische f\u00fcr den mobilen Transport (Sportplatz, Schulhof) anschaffen. Au\u00dferdem gab der EV noch ca. 500 \u20ac f\u00fcr die Anschaffung der Slackline (Spielger\u00e4t auf dem Schulhof) aus und unterst\u00fctzte einige Eltern bei den Kosten f\u00fcr die Klassenfahrt Ihres Kindes.<\/p>\n<p>Bei der Einschulung wurde durch den Verkauf von Kuchen und Getr\u00e4nken insgesamt <strong>466 \u20ac<\/strong> f\u00fcr den Elternverein eingenommen. Dieses Geld kommt wie immer unseren Sch\u00fcler*innen zu Gute. Somit unterst\u00fctzt uns wieder der Elternverein mit einer Spende von 5 \u20ac pro Sch\u00fcler*in bei der Zirkusprojektwoche. Auch bei den Auff\u00fchrungen in der Zirkuswoche werden wir kulinarisch durch den Elternverein versorgt.<\/p>\n<p>Wir freuen uns \u00fcber jedes neue Mitglied (Jahresbeitrag nur 6 \u20ac!!) und sind nat\u00fcrlich immer dankbar f\u00fcr jede Mithilfe.<\/p>\n","protected":false},"excerpt":{"rendered":"<p>Unser Elternverein hat nun einen neuen Vorstand. Dazu geh\u00f6ren Sarah Marks, Sabrina Schlademann, Kirsten Fauteck, Britta Jordan, Melanie Ha\u00df und Andr\u00e9 Seelig. Wir freuen uns sehr, dass Sie sich ehrenamtlich f\u00fcr die Schule engagieren. Vielen Dank! Im vergangenen Jahr konnten wir mit Hilfe des Elternvereins 2 Mehrzwecktische f\u00fcr den mobilen Transport (Sportplatz, Schulhof) anschaffen. Au\u00dferdem &hellip; <a href=\"https:\/\/wordpress.nibis.de\/gsrosche\/elternverein\/\" class=\"more-link\">Weiterlesen <span class=\"screen-reader-text\">Elternverein<\/span><\/a><\/p>\n","protected":false},"author":103,"featured_media":0,"parent":0,"menu_order":0,"comment_status":"closed","ping_status":"closed","template":"","meta":{"footnotes":""},"class_list":["post-935","page","type-page","status-publish","hentry","without-featured-image"],"_links":{"self":[{"href":"https:\/\/wordpress.nibis.de\/gsrosche\/wp-json\/wp\/v2\/pages\/935","targetHints":{"allow":["GET"]}}],"collection":[{"href":"https:\/\/wordpress.nibis.de\/gsrosche\/wp-json\/wp\/v2\/pages"}],"about":[{"href":"https:\/\/wordpress.nibis.de\/gsrosche\/wp-json\/wp\/v2\/types\/page"}],"author":[{"embeddable":true,"href":"https:\/\/wordpress.nibis.de\/gsrosche\/wp-json\/wp\/v2\/users\/103"}],"replies":[{"embeddable":true,"href":"https:\/\/wordpress.nibis.de\/gsrosche\/wp-json\/wp\/v2\/comments?post=935"}],"version-history":[{"count":1,"href":"https:\/\/wordpress.nibis.de\/gsrosche\/wp-json\/wp\/v2\/pages\/935\/revisions"}],"predecessor-version":[{"id":936,"href":"https:\/\/wordpress.nibis.de\/gsrosche\/wp-json\/wp\/v2\/pages\/935\/revisions\/936"}],"wp:attachment":[{"href":"https:\/\/wordpress.nibis.de\/gsrosche\/wp-json\/wp\/v2\/media?parent=935"}],"curies":[{"name":"wp","href":"https:\/\/api.w.org\/{rel}","templated":true}]}}