{"id":941,"date":"2022-10-17T10:33:30","date_gmt":"2022-10-17T08:33:30","guid":{"rendered":"https:\/\/wordpress.nibis.de\/gsrosche\/?page_id=941"},"modified":"2022-10-17T10:33:31","modified_gmt":"2022-10-17T08:33:31","slug":"siegelung-am-14-10-2022","status":"publish","type":"page","link":"https:\/\/wordpress.nibis.de\/gsrosche\/siegelung-am-14-10-2022\/","title":{"rendered":"Siegelung am 14.10.2022"},"content":{"rendered":"\n<p><strong>Erste Kinderrechteschule in Niedersachsen erh\u00e4lt UNICEF-Siegel \u201eKinderrechteschule \u2013 Wir leben Kinderrechte\u201c<\/strong><\/p>\n<p><strong>Die Grundschule Rosche will Kinderrechte im Schulalltag leben<\/strong><\/p>\n<p>Hannover, den 14.10.2022, 15 Uhr<\/p>\n<p><strong>Die Schule an der Wipperau, Grundschule Rosche erh\u00e4lt heute als erste Schule in Niedersachsen das UNICEF-Siegel \u201eKinderrechteschule \u2013 Wir leben Kinderrechte\u201c. Damit w\u00fcrdigen das Nieders\u00e4chsische Kultusministerium und UNICEF Deutschland das Engagement der Schule, ihren Schulalltag an der UN-Konvention \u00fcber die Rechte des Kindes auszurichten. Mit dem Siegel bekennt sich die Grundschule Rosche dazu, die Rechte von Kindern und Jugendlichen zu st\u00e4rken und sie im Schulalltag bei wichtigen Themen zu beteiligen. <\/strong><\/p>\n<p>Das Siegel vergibt UNICEF Deutschland in Kooperation mit dem Nieders\u00e4chsischen Kultusministerium. Es markiert den erfolgreichen Abschluss eines siebenstufigen Trainings im Rahmen des \u201eKinderrechteschulen Programms\u201c von UNICEF, in welchem die Schule einen individuellen Plan zur Aufnahme der Kinderrechte in ein ganzheitliches Schulkonzept entwickelt hat.<\/p>\n<p>Die Schule an der Wipperau, Grundschule Rosche ist die Erste von 31 Schulen in Niedersachsen, die das Siegel erh\u00e4lt.<\/p>\n<p>Zusammen mit Ihren Sch\u00fcler*innen freut sich Schulleiterin Susanne Prehm, nach eineinhalb Jahren intensiven Trainings das Siegel entgegennehmen zu d\u00fcrfen: \u201eUnser Ziel &#8211; unsere Werte und Vorstellungen von Gemeinschaft nach au\u00dfen zu zeigen und zu vertreten &#8211; haben wir unserer Ansicht nach erreicht. Wir besch\u00e4ftigten uns intensiv mit Kinderrechten, Zusammengeh\u00f6rigkeit und Demokratie. Besonders unsere Sch\u00fcler*innen freuen sich \u00fcber die Wertsch\u00e4tzung durch die Auszeichnung, da sie nun durch den Klassenrat und das gegr\u00fcndete Kinderparlament aktiv das Schulleben mitgestalten k\u00f6nnen.\u201c<\/p>\n<p>Brigitte Kumkar, Referatsleiterin aus dem Nieders\u00e4chsischen Kultusministerium, begl\u00fcckw\u00fcnscht die Grundschule zur Verleihung des Siegels: \u201eEs ist mir eine gro\u00dfe Freude stellvertretend f\u00fcr das Nieders\u00e4chsische Kultusministerium und in Kooperation mit UNICEF heute die Grundschule Rosche, als erste Schule Niedersachsens mit dem Siegel \u201eKinderrechteschule \u2013 Wir leben Kinderrechte\u201c auszuzeichnen. Kinder zu achten, zu ermutigen und aufzurichten, damit sie ihre und unsere Zukunft selbstbestimmt mitgestalten k\u00f6nnen, ist wichtiger denn je.\u201c, so Kumkar.<\/p>\n<p>\u201eGerade in einer Zeit vieler Umbr\u00fcche ist es wichtig, Kinder stark zu machen f\u00fcr ihr Leben. Die UN-Konvention \u00fcber die Rechte des Kindes ist dabei der Kompass. Wir freuen uns mit den Sch\u00fclerinnen und Sch\u00fclern der Kinderrechteschule Rosche! Unser Dank gilt der engagierten Schulleitung und der Schulgemeinschaft sowie dem nieders\u00e4chsischen Bildungsministerium\u201c, sagt Dr. Johannes Meier, Vorstandsmitglied von UNICEF Deutschland.<\/p>\n<p>Passend zum Anlass demonstrieren die Sch\u00fcler*innen der Grundschule Rosche das Motto \u201eWir leben Kinderrechte\u201c bei der Mitgestaltung der Siegel\u00fcbergabe; zusammen mit der Schulleiterin Frau Prehm begr\u00fc\u00dft die Sch\u00fclersprecherin Enya die G\u00e4ste, ein Kinderrechtebaum wird gepflanzt und wichtige Kinderrechte spielerisch erkl\u00e4rt.<\/p>\n<p>Das Siegel \u201eKinderrechteschule \u2013 Wir leben Kinderrechte\u201c wird im ersten Schritt f\u00fcr drei Jahre vergeben und kann anschlie\u00dfend verl\u00e4ngert werden.<\/p>\n<p>Am 09. Februar 2021 ging das Land Niedersachsen mit dem \u201eKinderrechteschulen Programm\u201c von UNICEF an den Start. 31 Schulen werden seitdem von UNICEF Trainer*innen auf ihrem Weg zur Kinderrechteschule begleitet. In Kinderrechteschulen lernen Kinder und Jugendliche ihre Rechte kennen. Sie erleben ihre Schule als einen Lernort, an dem ihre Meinungen ernst genommen und ihre Talente gef\u00f6rdert werden. Wo Kinderrechte gelebt werden, k\u00f6nnen Kinder und Jugendliche ihre Pers\u00f6nlichkeit besser entwickeln. Sie sind selbstbewusster, setzen sich aktiv f\u00fcr ihre Rechte und die von anderen ein und gestalten so ihre Zukunft und die der gesamten Gesellschaft mit.<\/p>\n","protected":false},"excerpt":{"rendered":"<p>Erste Kinderrechteschule in Niedersachsen erh\u00e4lt UNICEF-Siegel \u201eKinderrechteschule \u2013 Wir leben Kinderrechte\u201c Die Grundschule Rosche will Kinderrechte im Schulalltag leben Hannover, den 14.10.2022, 15 Uhr Die Schule an der Wipperau, Grundschule Rosche erh\u00e4lt heute als erste Schule in Niedersachsen das UNICEF-Siegel \u201eKinderrechteschule \u2013 Wir leben Kinderrechte\u201c. Damit w\u00fcrdigen das Nieders\u00e4chsische Kultusministerium und UNICEF Deutschland das Engagement &hellip; <a href=\"https:\/\/wordpress.nibis.de\/gsrosche\/siegelung-am-14-10-2022\/\" class=\"more-link\">Weiterlesen <span class=\"screen-reader-text\">Siegelung am 14.10.2022<\/span><\/a><\/p>\n","protected":false},"author":103,"featured_media":0,"parent":0,"menu_order":0,"comment_status":"closed","ping_status":"closed","template":"","meta":{"footnotes":""},"class_list":["post-941","page","type-page","status-publish","hentry","without-featured-image"],"_links":{"self":[{"href":"https:\/\/wordpress.nibis.de\/gsrosche\/wp-json\/wp\/v2\/pages\/941","targetHints":{"allow":["GET"]}}],"collection":[{"href":"https:\/\/wordpress.nibis.de\/gsrosche\/wp-json\/wp\/v2\/pages"}],"about":[{"href":"https:\/\/wordpress.nibis.de\/gsrosche\/wp-json\/wp\/v2\/types\/page"}],"author":[{"embeddable":true,"href":"https:\/\/wordpress.nibis.de\/gsrosche\/wp-json\/wp\/v2\/users\/103"}],"replies":[{"embeddable":true,"href":"https:\/\/wordpress.nibis.de\/gsrosche\/wp-json\/wp\/v2\/comments?post=941"}],"version-history":[{"count":1,"href":"https:\/\/wordpress.nibis.de\/gsrosche\/wp-json\/wp\/v2\/pages\/941\/revisions"}],"predecessor-version":[{"id":942,"href":"https:\/\/wordpress.nibis.de\/gsrosche\/wp-json\/wp\/v2\/pages\/941\/revisions\/942"}],"wp:attachment":[{"href":"https:\/\/wordpress.nibis.de\/gsrosche\/wp-json\/wp\/v2\/media?parent=941"}],"curies":[{"name":"wp","href":"https:\/\/api.w.org\/{rel}","templated":true}]}}