{"id":979,"date":"2022-10-17T12:10:38","date_gmt":"2022-10-17T10:10:38","guid":{"rendered":"https:\/\/wordpress.nibis.de\/gsrosche\/?page_id=979"},"modified":"2022-10-17T12:20:13","modified_gmt":"2022-10-17T10:20:13","slug":"wir-sind-kinderrechteschule","status":"publish","type":"page","link":"https:\/\/wordpress.nibis.de\/gsrosche\/wir-sind-kinderrechteschule\/","title":{"rendered":"Wir sind Kinderrechteschule!!!"},"content":{"rendered":"\n<p><img loading=\"lazy\" decoding=\"async\" class=\"alignnone size-full wp-image-983\" src=\"https:\/\/wordpress.nibis.de\/gsrosche\/files\/20221014_150413-01-1.jpeg\" alt=\"Gemeinsam mit der Liedermacherin Suli Puschban begr\u00fc\u00dfen wir mit unserem Schulsong &quot;Wir sind der Fluss&quot; unsere G\u00e4ste zum Schulfest anl\u00e4sslich der Verleihung des Siegels zur Kinderrechteschule.\" width=\"1823\" height=\"1860\" srcset=\"https:\/\/wordpress.nibis.de\/gsrosche\/files\/20221014_150413-01-1.jpeg 1823w, https:\/\/wordpress.nibis.de\/gsrosche\/files\/20221014_150413-01-1-294x300.jpeg 294w, https:\/\/wordpress.nibis.de\/gsrosche\/files\/20221014_150413-01-1-470x480.jpeg 470w, https:\/\/wordpress.nibis.de\/gsrosche\/files\/20221014_150413-01-1-768x784.jpeg 768w, https:\/\/wordpress.nibis.de\/gsrosche\/files\/20221014_150413-01-1-1505x1536.jpeg 1505w, https:\/\/wordpress.nibis.de\/gsrosche\/files\/20221014_150413-01-1-784x800.jpeg 784w\" sizes=\"auto, (max-width: 1823px) 100vw, 1823px\" \/><\/p>\n\n\n\n<p>Gemeinsam mit der Liedermacherin Suli Puschban begr\u00fc\u00dften wir unsere G\u00e4ste mit unserem neuen Schulsong &#8222;Wir sind der Fluss&#8220; zur Verleihung des Siegels &#8222;Kinderrechteschule &#8211; Wir leben Kinderrechte&#8220;. <\/p>\n","protected":false},"excerpt":{"rendered":"<p>Gemeinsam mit der Liedermacherin Suli Puschban begr\u00fc\u00dften wir unsere G\u00e4ste mit unserem neuen Schulsong &#8222;Wir sind der Fluss&#8220; zur Verleihung des Siegels &#8222;Kinderrechteschule &#8211; Wir leben Kinderrechte&#8220;.<\/p>\n","protected":false},"author":103,"featured_media":0,"parent":0,"menu_order":0,"comment_status":"closed","ping_status":"closed","template":"","meta":{"footnotes":""},"class_list":["post-979","page","type-page","status-publish","hentry","without-featured-image"],"_links":{"self":[{"href":"https:\/\/wordpress.nibis.de\/gsrosche\/wp-json\/wp\/v2\/pages\/979","targetHints":{"allow":["GET"]}}],"collection":[{"href":"https:\/\/wordpress.nibis.de\/gsrosche\/wp-json\/wp\/v2\/pages"}],"about":[{"href":"https:\/\/wordpress.nibis.de\/gsrosche\/wp-json\/wp\/v2\/types\/page"}],"author":[{"embeddable":true,"href":"https:\/\/wordpress.nibis.de\/gsrosche\/wp-json\/wp\/v2\/users\/103"}],"replies":[{"embeddable":true,"href":"https:\/\/wordpress.nibis.de\/gsrosche\/wp-json\/wp\/v2\/comments?post=979"}],"version-history":[{"count":3,"href":"https:\/\/wordpress.nibis.de\/gsrosche\/wp-json\/wp\/v2\/pages\/979\/revisions"}],"predecessor-version":[{"id":985,"href":"https:\/\/wordpress.nibis.de\/gsrosche\/wp-json\/wp\/v2\/pages\/979\/revisions\/985"}],"wp:attachment":[{"href":"https:\/\/wordpress.nibis.de\/gsrosche\/wp-json\/wp\/v2\/media?parent=979"}],"curies":[{"name":"wp","href":"https:\/\/api.w.org\/{rel}","templated":true}]}}