{"id":134,"date":"2019-07-18T13:57:13","date_gmt":"2019-07-18T11:57:13","guid":{"rendered":"https:\/\/wordpress.nibis.de\/gssande\/?page_id=134"},"modified":"2025-09-24T13:55:42","modified_gmt":"2025-09-24T11:55:42","slug":"schule","status":"publish","type":"page","link":"https:\/\/wordpress.nibis.de\/gssande\/","title":{"rendered":""},"content":{"rendered":"\n<p><\/p>\n\n\n<h1 style=\"text-align: center\">Willkommen!<\/h1>\n<p><strong>Laufabzeichenwettbewerb 2025<\/strong><\/p>\n<p>Am 19. September fand in der Turnhalle der Laufabzeichenwettbewerb statt. Angespornt durch Eltern, Lehrkr\u00e4fte und Mitarbeitende, welche die Kinder lautstark unterst\u00fctzten, wurden beachtliche Leistungen erzielt. Insgesamt konnten 163 Kinder ein Laufabzeichen ablegen, 125 sogar in Stufe 3, das hei\u00dft sie sind eine Stunde durchg\u00e4ngig gelaufen.\u00a0 Nun fiebern die Kinder aller Klassen bereits der noch ausstehenden Verleihung der Laufabzeichen entgegen.<\/p>\n<p>\u00a0<\/p>\n<p><strong>Spende f\u00fcr kluge K\u00f6pfe: LzO unterst\u00fctzt Grundschule Sande<\/strong><\/p>\n<p>Im Rahmen des Schulfests zum 75-j\u00e4hrigen Bestehen der Grundschule Sande gab es weiteren Grund zur Freude: Die Landessparkasse zu Oldenburg (LzO)\u00a0 \u00fcberreichte dem F\u00f6rderverein eine Spende in H\u00f6he von 3.000 Euro. Frau Saurwein als Vertreterin der LzO \u00fcbergab den symbolischen Scheck im Beisein des Schulleiters Herr Kisse und dem Projektleiter Herr Wilken an die Vorsitzende des F\u00f6rdervereins Frau Klein. Herr Wilken nutze die Gelegenheit und stellte kurz den versammelten Eltern das Konzept vor: Die Spiele f\u00f6rdern auf spielerische Weise das r\u00e4umliche und strategische Denken, logisches Kombinieren und kreative Probleml\u00f6sestrategien. Mit der Spende konnten noch am selben Tag erste Lernspiele an die Kinder \u00fcbergeben werden. Die Grundschule Sande bedankt sich herzlich bei der LzO f\u00fcr die gro\u00dfz\u00fcgige F\u00f6rderung sowie beim F\u00f6rderverein f\u00fcr die tolle Unterst\u00fctzung. Die Zuwendung aus der LzO-Spende stammt aus der Lotterie \u201eSparen+Gewinnen\u201c der Sparkasse.<\/p>\n<p><img loading=\"lazy\" decoding=\"async\" class=\"alignnone size-medium wp-image-1068\" src=\"https:\/\/wordpress.nibis.de\/gssande\/files\/2025\/06\/76C2CF57-F9AD-4019-B156-709A4684858D-300x235.jpeg\" alt=\"\" width=\"300\" height=\"235\" srcset=\"https:\/\/wordpress.nibis.de\/gssande\/files\/2025\/06\/76C2CF57-F9AD-4019-B156-709A4684858D-300x235.jpeg 300w, https:\/\/wordpress.nibis.de\/gssande\/files\/2025\/06\/76C2CF57-F9AD-4019-B156-709A4684858D-1024x804.jpeg 1024w, https:\/\/wordpress.nibis.de\/gssande\/files\/2025\/06\/76C2CF57-F9AD-4019-B156-709A4684858D-768x603.jpeg 768w, https:\/\/wordpress.nibis.de\/gssande\/files\/2025\/06\/76C2CF57-F9AD-4019-B156-709A4684858D-1536x1205.jpeg 1536w, https:\/\/wordpress.nibis.de\/gssande\/files\/2025\/06\/76C2CF57-F9AD-4019-B156-709A4684858D-2048x1607.jpeg 2048w\" sizes=\"auto, (max-width: 300px) 100vw, 300px\" \/><\/p>\n<p>\u00a0<\/p>\n\n\n<p><\/p>\n","protected":false},"excerpt":{"rendered":"<p>Willkommen! Laufabzeichenwettbewerb 2025 Am 19. September fand in der Turnhalle der Laufabzeichenwettbewerb statt. Angespornt durch Eltern, Lehrkr\u00e4fte und Mitarbeitende, welche die Kinder lautstark unterst\u00fctzten, wurden beachtliche Leistungen erzielt. Insgesamt konnten 163 Kinder ein Laufabzeichen ablegen, 125 sogar in Stufe 3, das hei\u00dft sie sind eine Stunde durchg\u00e4ngig gelaufen.\u00a0 Nun fiebern die Kinder aller Klassen bereits [&hellip;]<\/p>\n","protected":false},"author":9193190,"featured_media":190,"parent":0,"menu_order":0,"comment_status":"closed","ping_status":"closed","template":"","meta":{"footnotes":""},"class_list":["post-134","page","type-page","status-publish","has-post-thumbnail","hentry"],"_links":{"self":[{"href":"https:\/\/wordpress.nibis.de\/gssande\/wp-json\/wp\/v2\/pages\/134","targetHints":{"allow":["GET"]}}],"collection":[{"href":"https:\/\/wordpress.nibis.de\/gssande\/wp-json\/wp\/v2\/pages"}],"about":[{"href":"https:\/\/wordpress.nibis.de\/gssande\/wp-json\/wp\/v2\/types\/page"}],"author":[{"embeddable":true,"href":"https:\/\/wordpress.nibis.de\/gssande\/wp-json\/wp\/v2\/users\/9193190"}],"replies":[{"embeddable":true,"href":"https:\/\/wordpress.nibis.de\/gssande\/wp-json\/wp\/v2\/comments?post=134"}],"version-history":[{"count":105,"href":"https:\/\/wordpress.nibis.de\/gssande\/wp-json\/wp\/v2\/pages\/134\/revisions"}],"predecessor-version":[{"id":1080,"href":"https:\/\/wordpress.nibis.de\/gssande\/wp-json\/wp\/v2\/pages\/134\/revisions\/1080"}],"wp:featuredmedia":[{"embeddable":true,"href":"https:\/\/wordpress.nibis.de\/gssande\/wp-json\/wp\/v2\/media\/190"}],"wp:attachment":[{"href":"https:\/\/wordpress.nibis.de\/gssande\/wp-json\/wp\/v2\/media?parent=134"}],"curies":[{"name":"wp","href":"https:\/\/api.w.org\/{rel}","templated":true}]}}