{"id":167,"date":"2019-07-18T21:04:26","date_gmt":"2019-07-18T19:04:26","guid":{"rendered":"https:\/\/wordpress.nibis.de\/gssande\/?page_id=167"},"modified":"2020-10-20T17:28:05","modified_gmt":"2020-10-20T15:28:05","slug":"intern","status":"publish","type":"page","link":"https:\/\/wordpress.nibis.de\/gssande\/intern\/","title":{"rendered":"Intern"},"content":{"rendered":"<div class=\"members-access-error\">\n<p style=\"text-align: center\">Dies ist ein gesch\u00fctzter Bereich, f\u00fcr den Sie sich anmelden m\u00fcssen.<\/p>\n<\/div>\n","protected":false},"excerpt":{"rendered":"<div class=\"members-access-error\">\n<p style=\"text-align: center\">Dies ist ein gesch\u00fctzter Bereich, f\u00fcr den Sie sich anmelden m\u00fcssen.<\/p>\n<\/div>\n","protected":false},"author":9193190,"featured_media":0,"parent":0,"menu_order":0,"comment_status":"closed","ping_status":"closed","template":"template-sidebar-right.php","meta":{"footnotes":""},"class_list":["post-167","page","type-page","status-publish","hentry"],"_links":{"self":[{"href":"https:\/\/wordpress.nibis.de\/gssande\/wp-json\/wp\/v2\/pages\/167","targetHints":{"allow":["GET"]}}],"collection":[{"href":"https:\/\/wordpress.nibis.de\/gssande\/wp-json\/wp\/v2\/pages"}],"about":[{"href":"https:\/\/wordpress.nibis.de\/gssande\/wp-json\/wp\/v2\/types\/page"}],"author":[{"embeddable":true,"href":"https:\/\/wordpress.nibis.de\/gssande\/wp-json\/wp\/v2\/users\/9193190"}],"replies":[{"embeddable":true,"href":"https:\/\/wordpress.nibis.de\/gssande\/wp-json\/wp\/v2\/comments?post=167"}],"version-history":[{"count":5,"href":"https:\/\/wordpress.nibis.de\/gssande\/wp-json\/wp\/v2\/pages\/167\/revisions"}],"predecessor-version":[{"id":741,"href":"https:\/\/wordpress.nibis.de\/gssande\/wp-json\/wp\/v2\/pages\/167\/revisions\/741"}],"wp:attachment":[{"href":"https:\/\/wordpress.nibis.de\/gssande\/wp-json\/wp\/v2\/media?parent=167"}],"curies":[{"name":"wp","href":"https:\/\/api.w.org\/{rel}","templated":true}]}}