{"id":235,"date":"2019-07-20T17:40:27","date_gmt":"2019-07-20T15:40:27","guid":{"rendered":"https:\/\/wordpress.nibis.de\/gssande\/?page_id=235"},"modified":"2026-03-19T16:13:53","modified_gmt":"2026-03-19T15:13:53","slug":"team","status":"publish","type":"page","link":"https:\/\/wordpress.nibis.de\/gssande\/team\/","title":{"rendered":"Team im Schuljahr 2025\/2026"},"content":{"rendered":"\n\n<table style=\"width: 67.5506%;height: 777px\">\n<tbody>\n<tr style=\"height: 69px\">\n<td style=\"width: 399.4px;height: 69px;text-align: center\" colspan=\"3\"><strong>\u00a0\u00a0\u00a0\u00a0\u00a0 Schulleitung:\u00a0\u00a0\u00a0\u00a0\u00a0\u00a0\u00a0\u00a0\u00a0\u00a0\u00a0\u00a0\u00a0\u00a0\u00a0 \u00a0 <\/strong>Gregor Kisse<\/td>\n<td style=\"text-align: center;width: 167.6px;height: 69px\">\u00a0<\/td>\n<\/tr>\n<tr style=\"height: 62px\">\n<td style=\"width: 207.733px;text-align: center;height: 10px\"><strong>Klassen:<\/strong><\/td>\n<td style=\"width: 162.583px;text-align: center;height: 10px\"><strong>Lehrkr\u00e4fte:<\/strong><\/td>\n<td style=\"width: 194.683px;text-align: center;height: 10px\" colspan=\"2\">\n<p><strong> P\u00e4d. Mitarbeitende<\/strong><strong>:<\/strong><\/p>\n<\/td>\n<\/tr>\n<tr style=\"height: 24px\">\n<td style=\"width: 207.733px;text-align: center;height: 24px\">Kl. 1a<\/td>\n<td style=\"width: 162.583px;text-align: center;height: 24px\">Sophie R\u00fcbertus<\/td>\n<td style=\"text-align: center;height: 24px\" colspan=\"2\">Elke Eickhoff<\/td>\n<\/tr>\n<tr style=\"height: 27px\">\n<td style=\"width: 207.733px;text-align: center;height: 27px\">Kl. 1b<\/td>\n<td style=\"width: 162.583px;text-align: center;height: 27px\">Elke Jan\u00dfen<\/td>\n<td style=\"text-align: center;height: 27px\" colspan=\"2\">Tanja Noack<\/td>\n<\/tr>\n<tr style=\"height: 27px\">\n<td style=\"width: 207.733px;text-align: center;height: 27px\">Kl. 2a<\/td>\n<td style=\"width: 162.583px;text-align: center;height: 27px\">Anna Filmer<\/td>\n<td style=\"width: 194.683px;text-align: center;height: 27px\" colspan=\"2\">Franca Pohl<\/td>\n<\/tr>\n<tr style=\"height: 33px\">\n<td style=\"width: 207.733px;text-align: center;height: 33px\">Kl. 2b<\/td>\n<td style=\"width: 162.583px;text-align: center;height: 33px\">Gregor Kisse<\/td>\n<td style=\"width: 194.683px;text-align: center;height: 33px\" colspan=\"2\">\u00a0<\/td>\n<\/tr>\n<tr style=\"height: 33px\">\n<td style=\"width: 207.733px;text-align: center;height: 33px\">Kl. 3a<\/td>\n<td style=\"width: 162.583px;text-align: center;height: 33px\">Lennart Wilken<\/td>\n<td style=\"width: 194.683px;text-align: center;height: 33px\" colspan=\"2\">\u00a0<\/td>\n<\/tr>\n<tr style=\"height: 33px\">\n<td style=\"width: 207.733px;text-align: center;height: 33px\">Kl. 3b<\/td>\n<td style=\"width: 162.583px;text-align: center;height: 33px\">Marja Albers<\/td>\n<td style=\"width: 194.683px;text-align: center;height: 33px\" colspan=\"2\">\u00a0<\/td>\n<\/tr>\n<tr style=\"height: 33px\">\n<td style=\"width: 207.733px;text-align: center;height: 33px\">Kl. 3c<\/td>\n<td style=\"width: 162.583px;text-align: center;height: 33px\">Bert Bergner<\/td>\n<td style=\"width: 25.0833px;height: 33px;text-align: center\" colspan=\"2\">\u00a0<\/td>\n<\/tr>\n<tr style=\"height: 33px\">\n<td style=\"width: 207.733px;text-align: center;height: 33px\">Kl. 4a<\/td>\n<td style=\"width: 162.583px;text-align: center;height: 33px\">Astrid Kasjens<\/td>\n<td style=\"width: 25.0833px;text-align: center;height: 33px\">\u00a0<\/td>\n<td style=\"width: 167.6px;text-align: center;height: 33px\">\u00a0<\/td>\n<\/tr>\n<tr style=\"height: 33px\">\n<td style=\"width: 207.733px;text-align: center;height: 33px\">Kl. 4b<\/td>\n<td style=\"width: 162.583px;text-align: center;height: 33px\">Anna Filmer<\/td>\n<td style=\"width: 25.0833px;text-align: center;height: 33px\">\u00a0<\/td>\n<td style=\"width: 167.6px;text-align: center;height: 33px\">\u00a0<\/td>\n<\/tr>\n<tr style=\"height: 32px\">\n<td style=\"width: 207.733px;text-align: center;height: 32px\">\u00a0<\/td>\n<td style=\"width: 162.583px;text-align: center;height: 32px\">Frauke K\u00f6ster<\/td>\n<td style=\"width: 25.0833px;text-align: center;height: 32px\">\u00a0<\/td>\n<td style=\"width: 167.6px;text-align: center;height: 32px\">\u00a0<\/td>\n<\/tr>\n<tr style=\"height: 27px\">\n<td style=\"width: 207.733px;text-align: center;height: 27px\">\u00a0<\/td>\n<td style=\"width: 162.583px;text-align: center;height: 27px\">\u00a0<\/td>\n<td style=\"width: 25.0833px;text-align: center;height: 27px\">\u00a0<\/td>\n<td style=\"width: 167.6px;text-align: center;height: 27px\">\u00a0<\/td>\n<\/tr>\n<tr style=\"height: 27px\">\n<td style=\"width: 207.733px;text-align: center;height: 27px\"><strong> Vertretungslehrkr\u00e4fte<\/strong><\/td>\n<td style=\"width: 162.583px;text-align: center;height: 27px\">Wiebke Eilers<\/td>\n<td style=\"width: 25.0833px;text-align: center;height: 27px\">\u00a0<\/td>\n<td style=\"width: 167.6px;text-align: center;height: 27px\">\u00a0<\/td>\n<\/tr>\n<tr style=\"height: 27px\">\n<td style=\"width: 207.733px;text-align: center;height: 27px\">\u00a0<\/td>\n<td style=\"width: 162.583px;text-align: center;height: 27px\">Nele Schrader<\/td>\n<td style=\"width: 25.0833px;text-align: center;height: 27px\">\u00a0<\/td>\n<td style=\"width: 167.6px;text-align: center;height: 27px\">\u00a0<\/td>\n<\/tr>\n<tr style=\"height: 27px\">\n<td style=\"width: 207.733px;text-align: center;height: 10px\"><strong>\u00a0<\/strong><\/td>\n<td style=\"width: 162.583px;text-align: center;height: 10px\">\u00a0<\/td>\n<td style=\"width: 25.0833px;text-align: center;height: 10px\">\u00a0<\/td>\n<td style=\"width: 167.6px;text-align: center;height: 10px\">\u00a0<\/td>\n<\/tr>\n<tr style=\"height: 27px\">\n<td style=\"width: 207.733px;text-align: center;height: 27px\"><strong>F\u00f6rderschullehrkraft:<\/strong><\/td>\n<td style=\"width: 162.583px;text-align: center;height: 27px\">Janina Metzmacher<\/td>\n<td style=\"width: 25.0833px;text-align: center;height: 27px\">\u00a0<\/td>\n<td style=\"width: 167.6px;text-align: center;height: 27px\">\u00a0<\/td>\n<\/tr>\n<tr style=\"height: 27px\">\n<td style=\"width: 207.733px;text-align: center;height: 27px\"><strong>\u00a0<\/strong><\/td>\n<td style=\"width: 162.583px;text-align: center;height: 27px\">\u00a0<\/td>\n<td style=\"width: 25.0833px;text-align: center;height: 27px\">\u00a0<\/td>\n<td style=\"width: 167.6px;text-align: center;height: 27px\">\u00a0<\/td>\n<\/tr>\n<tr style=\"height: 31px\">\n<td style=\"width: 207.733px;text-align: center;height: 31px\"><strong>Bundesfreiwillige:<\/strong><\/td>\n<td style=\"width: 162.583px;text-align: center;height: 31px\">Youssef Almahrous<\/td>\n<td style=\"width: 25.0833px;text-align: center;height: 31px\">\u00a0<\/td>\n<td style=\"width: 167.6px;text-align: center;height: 31px\">\u00a0<\/td>\n<\/tr>\n<tr style=\"height: 27px\">\n<td style=\"width: 207.733px;text-align: center;height: 27px\"><strong>\u00a0<\/strong><\/td>\n<td style=\"width: 162.583px;text-align: center;height: 27px\">Luca Noack<\/td>\n<td style=\"width: 25.0833px;text-align: center;height: 27px\">\u00a0<\/td>\n<td style=\"width: 167.6px;text-align: center;height: 27px\">\u00a0<\/td>\n<\/tr>\n<tr style=\"height: 27px\">\n<td style=\"width: 207.733px;text-align: center;height: 27px\"><strong>\u00a0<\/strong><\/td>\n<td style=\"width: 162.583px;text-align: center;height: 27px\">Laura Redenius<\/td>\n<td style=\"width: 25.0833px;text-align: center;height: 27px\">\u00a0<\/td>\n<td style=\"width: 167.6px;text-align: center;height: 27px\">\u00a0<\/td>\n<\/tr>\n<tr style=\"height: 27px\">\n<td style=\"width: 207.733px;text-align: center;height: 27px\"><strong>\u00a0<\/strong><\/td>\n<td style=\"width: 162.583px;text-align: center;height: 27px\">\u00a0<\/td>\n<td style=\"width: 25.0833px;text-align: center;height: 27px\">\u00a0<\/td>\n<td style=\"width: 167.6px;text-align: center;height: 27px\">\u00a0<\/td>\n<\/tr>\n<tr style=\"height: 24px\">\n<td style=\"width: 207.733px;text-align: center;height: 24px\"><strong>Sekret\u00e4rin:<br \/><\/strong><\/td>\n<td style=\"width: 162.583px;text-align: center;height: 24px\">Gabriele Immerthal<\/td>\n<td style=\"width: 25.0833px;text-align: center;height: 24px\">\u00a0<\/td>\n<td style=\"width: 167.6px;text-align: center;height: 24px\">\u00a0<\/td>\n<\/tr>\n<tr style=\"height: 32px\">\n<td style=\"width: 207.733px;text-align: center;height: 32px\"><strong>Hausmeister:<\/strong><\/td>\n<td style=\"width: 162.583px;text-align: center;height: 32px\">Harald Eichler<\/td>\n<td style=\"width: 25.0833px;text-align: center;height: 32px\">\u00a0<\/td>\n<td style=\"width: 167.6px;text-align: center;height: 32px\">(akt. 03\/2026)<\/td>\n<\/tr>\n<tr style=\"height: 27px\">\n<td style=\"width: 207.733px;text-align: center;height: 27px\"><strong>\u00a0<\/strong><\/td>\n<td style=\"width: 162.583px;text-align: center;height: 27px\">\u00a0<\/td>\n<td style=\"width: 25.0833px;text-align: center;height: 27px\">\u00a0<\/td>\n<td style=\"width: 167.6px;text-align: center;height: 27px\">\u00a0<\/td>\n<\/tr>\n<tr style=\"height: 50px\">\n<td style=\"width: 207.733px;text-align: center;height: 50px\" colspan=\"4\">Desweiteren unterst\u00fctzen uns weitere Mitarbeitende des Schultr\u00e4gers und von Kooperationspartnern sowie Ehrenamtliche.<strong><br \/><\/strong><\/td>\n<\/tr>\n<\/tbody>\n<\/table>\n\n\n\n\n<p><\/p>\n","protected":false},"excerpt":{"rendered":"<p>\u00a0\u00a0\u00a0\u00a0\u00a0 Schulleitung:\u00a0\u00a0\u00a0\u00a0\u00a0\u00a0\u00a0\u00a0\u00a0\u00a0\u00a0\u00a0\u00a0\u00a0\u00a0 \u00a0 Gregor Kisse \u00a0 Klassen: Lehrkr\u00e4fte: P\u00e4d. Mitarbeitende: Kl. 1a Sophie R\u00fcbertus Elke Eickhoff Kl. 1b Elke Jan\u00dfen Tanja Noack Kl. 2a Anna Filmer Franca Pohl Kl. 2b Gregor Kisse \u00a0 Kl. 3a Lennart Wilken \u00a0 Kl. 3b Marja Albers \u00a0 Kl. 3c Bert Bergner \u00a0 Kl. 4a Astrid Kasjens \u00a0 \u00a0 Kl. [&hellip;]<\/p>\n","protected":false},"author":9193190,"featured_media":0,"parent":0,"menu_order":0,"comment_status":"closed","ping_status":"closed","template":"template-full-width.php","meta":{"footnotes":""},"class_list":["post-235","page","type-page","status-publish","hentry"],"_links":{"self":[{"href":"https:\/\/wordpress.nibis.de\/gssande\/wp-json\/wp\/v2\/pages\/235","targetHints":{"allow":["GET"]}}],"collection":[{"href":"https:\/\/wordpress.nibis.de\/gssande\/wp-json\/wp\/v2\/pages"}],"about":[{"href":"https:\/\/wordpress.nibis.de\/gssande\/wp-json\/wp\/v2\/types\/page"}],"author":[{"embeddable":true,"href":"https:\/\/wordpress.nibis.de\/gssande\/wp-json\/wp\/v2\/users\/9193190"}],"replies":[{"embeddable":true,"href":"https:\/\/wordpress.nibis.de\/gssande\/wp-json\/wp\/v2\/comments?post=235"}],"version-history":[{"count":71,"href":"https:\/\/wordpress.nibis.de\/gssande\/wp-json\/wp\/v2\/pages\/235\/revisions"}],"predecessor-version":[{"id":1110,"href":"https:\/\/wordpress.nibis.de\/gssande\/wp-json\/wp\/v2\/pages\/235\/revisions\/1110"}],"wp:attachment":[{"href":"https:\/\/wordpress.nibis.de\/gssande\/wp-json\/wp\/v2\/media?parent=235"}],"curies":[{"name":"wp","href":"https:\/\/api.w.org\/{rel}","templated":true}]}}