{"id":259,"date":"2019-07-20T18:28:05","date_gmt":"2019-07-20T16:28:05","guid":{"rendered":"https:\/\/wordpress.nibis.de\/gssande\/?page_id=259"},"modified":"2026-01-08T11:10:22","modified_gmt":"2026-01-08T10:10:22","slug":"offener-ganztag","status":"publish","type":"page","link":"https:\/\/wordpress.nibis.de\/gssande\/offener-ganztag\/","title":{"rendered":"Offener Ganztag"},"content":{"rendered":"<p><strong>Seit dem Schuljahr 2013\/2014 ist unsere Schule eine Offene Ganztagsschule.<\/strong><br \/>\nOffen bedeutet, dass das Angebot angenommen werden kann, aber nicht muss. An vier Tagen in der Woche von Montag bis Donnerstag k\u00f6nnen die Kinder bis 15:00 Uhr in der Schule betreut werden. Sie nehmen ein Mittagessen ein, k\u00f6nnen ihre Hausaufgaben erledigen und anschlie\u00dfend an einer Arbeitsgemeinschaft (AG) teilnehmen.<\/p>\n<p>Einzelheiten finden Sie im <a href=\"https:\/\/wordpress.nibis.de\/gssande\/files\/2020\/06\/Konzept-Ganztagsschule-2020.pdf\">Ganztagskonzept<\/a>.<\/p>\n<p><a href=\"https:\/\/wordpress.nibis.de\/gssande\/files\/2026\/01\/GT-Angebote-Kurzform-2526-2.pdf\" target=\"_blank\" rel=\"noopener\">GT Angebote Kurzform 2526-2<\/a><\/p>\n<p><a href=\"https:\/\/wordpress.nibis.de\/gssande\/files\/2026\/01\/Anmeldung-Ganztagsschule-2526-2.pdf\" target=\"_blank\" rel=\"noopener\">Anmeldung Ganztagsschule 2526-2<\/a><\/p>\n<p><span style=\"text-decoration: underline\">Bitte die Anmeldung ausdrucken, ausf\u00fcllen und bis sp\u00e4testens Mittwoch, den 30.06.2025 bei der Klassenlehrkraft abgeben oder einscannen und als E-Mail schicken an &#71;&#x53;&#x2e;&#83;&#x61;&#x6e;d&#x65;&#x40;e&#119;&#x65;t&#101;&#x6c;&#46;&#110;&#x65;t.<br \/>\n<\/span><\/p>\n<p><strong>Mittagessen in der Ganztagsschule<\/strong><br \/>\nAlle f\u00fcr den Ganztagsschulbetrieb angemeldeten Kinder gehen in die Mensa der Oberschule am Falkenweg. F\u00fcr das Mittagessen dort werden aktuell t\u00e4glich zwei verschiedene Gerichte angeboten. Sie k\u00f6nnen das Essen online \u00fcber die Firma Men\u00fcpartner bestellen.<br \/>\nWenn Ihr Kind am dort angebotenen Mittagessen teilnehmen soll, m\u00fcssen Sie es anmelden.<\/p>\n<p><strong>\u00a0<span style=\"text-decoration: underline\">Online-Anmeldung<\/span> \u00fcber <a href=\"http:\/\/www.meinibs.de\">www.meinibs.de<\/a><\/strong><br \/>\n<strong>Bitte geben Sie bei der Anmeldung unsere zehnstellige Schul-Kundennummer: 68942097 ein.<\/strong><\/p>\n<p>Eine Verpflichtung zur Bestellung\/ Einnahme eines der dort angebotenen Gerichte besteht jedoch nicht. In der Zeit des Mittagessens kann auch von den Kindern mitgebrachte Verpflegung in der Mensa verzehrt werden.<\/p>\n","protected":false},"excerpt":{"rendered":"<p>Seit dem Schuljahr 2013\/2014 ist unsere Schule eine Offene Ganztagsschule. Offen bedeutet, dass das Angebot angenommen werden kann, aber nicht muss. An vier Tagen in der Woche von Montag bis Donnerstag k\u00f6nnen die Kinder bis 15:00 Uhr in der Schule betreut werden. Sie nehmen ein Mittagessen ein, k\u00f6nnen ihre Hausaufgaben erledigen und anschlie\u00dfend an einer [&hellip;]<\/p>\n","protected":false},"author":9193190,"featured_media":0,"parent":0,"menu_order":0,"comment_status":"closed","ping_status":"closed","template":"template-full-width.php","meta":{"footnotes":""},"class_list":["post-259","page","type-page","status-publish","hentry"],"_links":{"self":[{"href":"https:\/\/wordpress.nibis.de\/gssande\/wp-json\/wp\/v2\/pages\/259","targetHints":{"allow":["GET"]}}],"collection":[{"href":"https:\/\/wordpress.nibis.de\/gssande\/wp-json\/wp\/v2\/pages"}],"about":[{"href":"https:\/\/wordpress.nibis.de\/gssande\/wp-json\/wp\/v2\/types\/page"}],"author":[{"embeddable":true,"href":"https:\/\/wordpress.nibis.de\/gssande\/wp-json\/wp\/v2\/users\/9193190"}],"replies":[{"embeddable":true,"href":"https:\/\/wordpress.nibis.de\/gssande\/wp-json\/wp\/v2\/comments?post=259"}],"version-history":[{"count":61,"href":"https:\/\/wordpress.nibis.de\/gssande\/wp-json\/wp\/v2\/pages\/259\/revisions"}],"predecessor-version":[{"id":1103,"href":"https:\/\/wordpress.nibis.de\/gssande\/wp-json\/wp\/v2\/pages\/259\/revisions\/1103"}],"wp:attachment":[{"href":"https:\/\/wordpress.nibis.de\/gssande\/wp-json\/wp\/v2\/media?parent=259"}],"curies":[{"name":"wp","href":"https:\/\/api.w.org\/{rel}","templated":true}]}}