{"id":29,"date":"2019-07-17T10:31:11","date_gmt":"2019-07-17T08:31:11","guid":{"rendered":"https:\/\/wordpress.nibis.de\/gssande\/?page_id=29"},"modified":"2019-10-27T16:01:05","modified_gmt":"2019-10-27T15:01:05","slug":"schulprogramm","status":"publish","type":"page","link":"https:\/\/wordpress.nibis.de\/gssande\/schule\/schulprogramm\/","title":{"rendered":"Schulprogramm"},"content":{"rendered":"\n<p><strong>Das Schulprogramm besteht aus folgenden Konzepten und Regelungen<\/strong><\/p>\n<p><strong>Schule<\/strong><br \/><a href=\"https:\/\/wordpress.nibis.de\/gssande\/files\/2019\/10\/Leitlinien-.pdf\">Leitlinien<\/a><br \/><a href=\"https:\/\/wordpress.nibis.de\/gssande\/files\/2019\/10\/Schulordnung-.pdf\">Schulordnung<\/a><br \/><a href=\"https:\/\/wordpress.nibis.de\/gssande\/files\/2019\/10\/Soziales-Klassenbuch-und-Ma\u00dfnahmenkatalog.pdf\">Soziales Klassenbuch und Ma\u00dfnahmenkatalog<\/a><\/p>\n<p><strong>Unterricht<\/strong><br \/><a href=\"https:\/\/wordpress.nibis.de\/gssande\/files\/2019\/10\/Sicherung-Leistungsstandards.pdf\">Ma\u00dfnahmen zur Sicherung der Leistungsstandards<\/a><br \/><a href=\"https:\/\/wordpress.nibis.de\/gssande\/files\/2019\/10\/Sicherung-Unterrichtsqualit\u00e4t.pdf\">Ma\u00dfnahmen zur Sicherung der Unterrichtsqualit\u00e4t<\/a><br \/><a href=\"https:\/\/wordpress.nibis.de\/gssande\/files\/2019\/10\/Dokumentation-Lernstands\u00fcberpr\u00fcfungen.pdf\">Dokumentation der Lernstands\u00fcberpr\u00fcfungen<\/a><br \/><a href=\"https:\/\/wordpress.nibis.de\/gssande\/files\/2019\/10\/Inklusion.pdf\">Inklusion<\/a><br \/><a href=\"https:\/\/wordpress.nibis.de\/gssande\/files\/2019\/10\/Integration.pdf\">Integration<\/a><br \/><a href=\"https:\/\/wordpress.nibis.de\/gssande\/files\/2019\/10\/Sprachf\u00f6rderung.pdf\">Sprachf\u00f6rderung<\/a><br \/><a href=\"https:\/\/wordpress.nibis.de\/gssande\/files\/2019\/10\/Hausaufgaben.pdf\">Hausaufgaben<\/a><br \/><a href=\"https:\/\/wordpress.nibis.de\/gssande\/files\/2019\/10\/Vertretung.pdf\">Vertretung<\/a><br \/><a href=\"https:\/\/wordpress.nibis.de\/gssande\/files\/2019\/10\/Medien.pdf\">Medien<\/a><\/p>\n<p><strong>Verl\u00e4ssliche Grundschule<\/strong><br \/><a href=\"https:\/\/wordpress.nibis.de\/gssande\/files\/2019\/10\/Betreuung.pdf\">Betreuung<\/a><br \/><a href=\"https:\/\/wordpress.nibis.de\/gssande\/files\/2019\/10\/Offene-Ganztagsschule.pdf\">Offener Ganztag<\/a><\/p>\n<p><strong>Fort- und Weiterbildung<\/strong><br \/><a href=\"https:\/\/wordpress.nibis.de\/gssande\/files\/2019\/10\/Fortbildung.pdf\">Fortbildung<\/a><br \/><a href=\"https:\/\/wordpress.nibis.de\/gssande\/files\/2019\/10\/Hospitationen.pdf\">Hospitationen<\/a><\/p>\n<p><strong>Sicherheit<\/strong><br \/>Alarmplan<br \/><a href=\"https:\/\/wordpress.nibis.de\/gssande\/files\/2019\/10\/Gewaltpr\u00e4vention.pdf\">Gewaltpr\u00e4vention<\/a><br \/><a href=\"https:\/\/wordpress.nibis.de\/gssande\/files\/2019\/10\/Regelm\u00e4\u00dfige-Belehrungen.pdf\">Regelm\u00e4\u00dfige Belehrungen (im Klassenbuch)<\/a><\/p>\n<p><strong>Sport<\/strong><br \/><a href=\"https:\/\/wordpress.nibis.de\/gssande\/files\/2019\/10\/Bundesjugendspiele.pdf\">Bundesjugendspiele<\/a><br \/><a href=\"https:\/\/wordpress.nibis.de\/gssande\/files\/2019\/10\/Sportabzeichen.pdf\">Sportabzeichen<\/a><\/p>\n<p><strong><a href=\"https:\/\/wordpress.nibis.de\/gssande\/files\/2019\/10\/Zusammenarbeit-au\u00dferschulische-Partner.pdf\">Zusammenarbeit mit au\u00dferschulischen Partnern<\/a><\/strong><\/p>\n","protected":false},"excerpt":{"rendered":"<p>Das Schulprogramm besteht aus folgenden Konzepten und Regelungen SchuleLeitlinienSchulordnungSoziales Klassenbuch und Ma\u00dfnahmenkatalog UnterrichtMa\u00dfnahmen zur Sicherung der LeistungsstandardsMa\u00dfnahmen zur Sicherung der Unterrichtsqualit\u00e4tDokumentation der Lernstands\u00fcberpr\u00fcfungenInklusionIntegrationSprachf\u00f6rderungHausaufgabenVertretungMedien Verl\u00e4ssliche GrundschuleBetreuungOffener Ganztag Fort- und WeiterbildungFortbildungHospitationen SicherheitAlarmplanGewaltpr\u00e4ventionRegelm\u00e4\u00dfige Belehrungen (im Klassenbuch) SportBundesjugendspieleSportabzeichen Zusammenarbeit mit au\u00dferschulischen Partnern<\/p>\n","protected":false},"author":9193190,"featured_media":0,"parent":134,"menu_order":0,"comment_status":"closed","ping_status":"closed","template":"","meta":{"footnotes":""},"class_list":["post-29","page","type-page","status-publish","hentry"],"_links":{"self":[{"href":"https:\/\/wordpress.nibis.de\/gssande\/wp-json\/wp\/v2\/pages\/29","targetHints":{"allow":["GET"]}}],"collection":[{"href":"https:\/\/wordpress.nibis.de\/gssande\/wp-json\/wp\/v2\/pages"}],"about":[{"href":"https:\/\/wordpress.nibis.de\/gssande\/wp-json\/wp\/v2\/types\/page"}],"author":[{"embeddable":true,"href":"https:\/\/wordpress.nibis.de\/gssande\/wp-json\/wp\/v2\/users\/9193190"}],"replies":[{"embeddable":true,"href":"https:\/\/wordpress.nibis.de\/gssande\/wp-json\/wp\/v2\/comments?post=29"}],"version-history":[{"count":12,"href":"https:\/\/wordpress.nibis.de\/gssande\/wp-json\/wp\/v2\/pages\/29\/revisions"}],"predecessor-version":[{"id":524,"href":"https:\/\/wordpress.nibis.de\/gssande\/wp-json\/wp\/v2\/pages\/29\/revisions\/524"}],"up":[{"embeddable":true,"href":"https:\/\/wordpress.nibis.de\/gssande\/wp-json\/wp\/v2\/pages\/134"}],"wp:attachment":[{"href":"https:\/\/wordpress.nibis.de\/gssande\/wp-json\/wp\/v2\/media?parent=29"}],"curies":[{"name":"wp","href":"https:\/\/api.w.org\/{rel}","templated":true}]}}