{"id":40,"date":"2019-07-17T10:48:07","date_gmt":"2019-07-17T08:48:07","guid":{"rendered":"https:\/\/wordpress.nibis.de\/gssande\/?page_id=40"},"modified":"2024-10-22T21:15:10","modified_gmt":"2024-10-22T19:15:10","slug":"impressum","status":"publish","type":"page","link":"https:\/\/wordpress.nibis.de\/gssande\/impressum\/","title":{"rendered":"Impressum"},"content":{"rendered":"\n<p>Gregor Kisse<\/p>\n<p>Am Markt 27<\/p>\n<p>26452 Sande<\/p>\n<p>\u00a0<\/p>\n<p><strong>Haftungshinweis:<\/strong><br \/>Trotz sorgf\u00e4ltiger inhaltlicher Kontrolle wird keine Haftung f\u00fcr die Inhalte externer Links \u00fcbernommen. F\u00fcr den Inhalt der verlinkten Seiten sind ausschlie\u00dflich deren Betreiber verantwortlich.<\/p>\n<p>Bei Fragen zum Datenschutz:<\/p>\n<p>Anna Filmer (Datenschutzbeauftragte) <a href=\"&#x6d;a&#x69;&#108;t&#x6f;&#58;&#x64;&#x61;t&#x65;&#110;s&#x63;&#104;&#x75;&#116;z&#x40;&#103;s&#x73;&#97;&#x6e;&#100;e&#x2e;&#100;&#x65;\">d&#97;&#x74;&#x65;n&#115;&#99;&#x68;&#x75;t&#122;&#64;&#x67;&#x73;s&#97;&#x6e;&#x64;&#x65;&#46;&#100;&#x65;<\/a><\/p>\n<p><a href=\"https:\/\/wordpress.nibis.de\/gssande\/files\/2019\/07\/ElternmitteilungDatenschutz.pdf\">Elternmitteilung Datenschutz<\/a><\/p>\n\n\n\n<p><\/p>\n","protected":false},"excerpt":{"rendered":"<p>Gregor Kisse Am Markt 27 26452 Sande \u00a0 Haftungshinweis:Trotz sorgf\u00e4ltiger inhaltlicher Kontrolle wird keine Haftung f\u00fcr die Inhalte externer Links \u00fcbernommen. F\u00fcr den Inhalt der verlinkten Seiten sind ausschlie\u00dflich deren Betreiber verantwortlich. Bei Fragen zum Datenschutz: Anna Filmer (Datenschutzbeauftragte) d&#97;&#x74;&#x65;&#x6e;s&#99;&#104;&#x75;&#x74;z&#64;&#103;&#x73;&#x73;an&#100;&#x65;&#x2e;&#x64;e Elternmitteilung Datenschutz<\/p>\n","protected":false},"author":9193190,"featured_media":0,"parent":0,"menu_order":0,"comment_status":"closed","ping_status":"closed","template":"template-full-width.php","meta":{"footnotes":""},"class_list":["post-40","page","type-page","status-publish","hentry"],"_links":{"self":[{"href":"https:\/\/wordpress.nibis.de\/gssande\/wp-json\/wp\/v2\/pages\/40","targetHints":{"allow":["GET"]}}],"collection":[{"href":"https:\/\/wordpress.nibis.de\/gssande\/wp-json\/wp\/v2\/pages"}],"about":[{"href":"https:\/\/wordpress.nibis.de\/gssande\/wp-json\/wp\/v2\/types\/page"}],"author":[{"embeddable":true,"href":"https:\/\/wordpress.nibis.de\/gssande\/wp-json\/wp\/v2\/users\/9193190"}],"replies":[{"embeddable":true,"href":"https:\/\/wordpress.nibis.de\/gssande\/wp-json\/wp\/v2\/comments?post=40"}],"version-history":[{"count":9,"href":"https:\/\/wordpress.nibis.de\/gssande\/wp-json\/wp\/v2\/pages\/40\/revisions"}],"predecessor-version":[{"id":996,"href":"https:\/\/wordpress.nibis.de\/gssande\/wp-json\/wp\/v2\/pages\/40\/revisions\/996"}],"wp:attachment":[{"href":"https:\/\/wordpress.nibis.de\/gssande\/wp-json\/wp\/v2\/media?parent=40"}],"curies":[{"name":"wp","href":"https:\/\/api.w.org\/{rel}","templated":true}]}}