{"id":78,"date":"2019-07-17T11:39:46","date_gmt":"2019-07-17T09:39:46","guid":{"rendered":"https:\/\/wordpress.nibis.de\/gssande\/?page_id=78"},"modified":"2025-01-22T10:58:19","modified_gmt":"2025-01-22T09:58:19","slug":"elternleitfaden","status":"publish","type":"page","link":"https:\/\/wordpress.nibis.de\/gssande\/elternleitfaden\/","title":{"rendered":"Elternleitfaden"},"content":{"rendered":"\n<p style=\"text-align: left\"><strong>Informationen &amp; praktische Tipps \u00fcber Elternarbeit an unserer Schule<\/strong><br \/>Elternmitarbeit in der Schule ist wichtig! Es geht um die Zukunft Ihrer Kinder.<br \/>Die Schule nimmt sich der Entwicklung und F\u00f6rderung unserer Kinder an.<br \/>Wir stehen der Schule und all ihren Mitarbeitern dabei zu Hause und in der Schule unterst\u00fctzend und hilfreich zur Seite.<\/p>\n<p><strong>Die Ebenen der Elternmitarbeit<\/strong><\/p>\n<p>Durch die Elternvertreter besteht eine Verbindung zwischen Elternhaus und Schule. Sie tr\u00e4gt dazu bei, Kontakte zu kn\u00fcpfen, Schulleben mitzugestalten und im fr\u00fchen Stadium Probleme und Konflikte der Sch\u00fcler\/-innen bew\u00e4ltigen zu helfen.<br \/>Alle Erziehungsberechtigten einer Klasse treffen sich auf Elternabenden zur Er\u00f6rterung aller schulischen Fragen. Die Klassenlehrerinnen informieren \u00fcber Inhalt, Planung und Gestaltung des Unterrichts, Fragen der Organisation und der Leistungsbewertung. Die Eltern w\u00e4hlen f\u00fcr je zwei Jahre einen Vorsitzenden und einen Stellvertreter sowie drei Vertreter f\u00fcr die Klassenkonferenz.<br \/>Der Vorsitzende der Klassenelternschaft plant und leitet mindestens zwei Elternabende pro Schuljahr. Beide Elternvertreter halten Kontakt zur Klassenlehrerin und nehmen an den Sitzungen des <strong>Schulelternrates (SER)<\/strong> teil.<br \/>Ausl\u00e4ndische Eltern k\u00f6nnen eine eigene Vertretung in den SER w\u00e4hlen (unerl\u00e4sslich zur Integrationsvermittlung in Gremien wie z.B. Gesamtkonferenz u. SER)<\/p>\n<p>Die <strong>Klassenkonferenz<\/strong> setzt sich zusammen aus den in der Klasse unterrichtenden Lehrkr\u00e4ften und drei gew\u00e4hlten Elternvertretern. Sie entscheidet \u00fcber Angelegenheiten, die ausschlie\u00dflich die Klasse oder einen einzelnen Sch\u00fcler betreffen.<br \/>Es ist sinnvoll, wenn mindestens einer der Elternvertreter auch Mitglied der Klassenkonferenz ist!<br \/>Die Vorsitzenden aller Klassenelternschaften und deren Stellvertreter bilden zusammen den Schulelternrat. Der SER tritt mindestens zweimal im Jahr zusammen und er\u00f6rtert alle die Sch\u00fclerschaft und die Schule betreffenden Fragen und vertritt die Interessen der Elternschaft gegen\u00fcber der Schulleitung und dem Schultr\u00e4ger.<\/p>\n<p>Der Schulelternrat w\u00e4hlt aus seiner Mitte f\u00fcr zwei Jahre <br \/>&#8211; einen Vorsitzenden, <br \/>&#8211; einen stellvertretenden Vorsitzenden, <br \/>&#8211; Vertreter f\u00fcr <br \/>&#8211; den Schulvorstand, <br \/>&#8211; die Gesamtkonferenz, <br \/>&#8211; die Fachkonferenzen und <br \/>&#8211; den Gemeinde- und Kreiselternrat.<\/p>\n<p>Der Vorsitzende des Schulelternrates arbeitet mit seiner Stellvertretung zusammen. Sie organisieren und leiten die Sitzungen des SER.<\/p>\n<p>Den Vorsitz hat <br \/><strong>Jana Dumke-Waldschmidt (Tel.: 0176-10368748)<\/strong>, <br \/>Stellvertreterin ist <br \/><strong>Anja Sieper.<\/strong><\/p>\n<p>Sie sind Ansprechpartner f\u00fcr die Elternvertreter und unterst\u00fctzen diese bei der Wahrnehmung ihrer Aufgaben. Au\u00dferdem stehen sie in regelm\u00e4\u00dfigem Kontakt zur Schulleitung.<br \/>In der <strong>Gesamtkonferenz<\/strong> sind vier Elternvertreter stimmberechtigte Mitglieder, in den Fachkonferenzen jeweils zwei. <br \/>Der <strong>Schulvorstand<\/strong> besteht an unserer Schule aus der Schulleiterin, drei Vertreterinnen der Lehrkr\u00e4fte und p\u00e4dagogischen Mitarbeiterinnen und vier aus der gesamten Elternschaft frei w\u00e4hlbaren Eltern.<\/p>\n<p><strong>Kontakte<\/strong><br \/>Grundschule Sande: \u00a0\u00a0\u00a0\u00a0\u00a0\u00a0\u00a0\u00a0\u00a0 <a href=\"&#109;&#x61;&#x69;l&#116;&#x6f;&#x3a;G&#83;&#x2e;S&#97;&#x6e;&#x64;e&#64;&#x65;w&#101;&#x74;&#x65;l&#46;&#x6e;&#x65;&#116;\">&#71;&#x53;&#46;&#x53;a&#110;&#x64;&#101;&#x40;e&#x77;e&#116;&#x65;&#108;&#x2e;n&#x65;&#x74;<\/a><\/p>\n<p><strong>Praktische Tipps<\/strong><br \/>Was tue ich, wenn&#8230;<br \/>&#8230;mein Kind einen Unfall in der Schule oder auf dem Heimweg hatte?<br \/>Sie melden den Unfall der Schule und geben bei einem Arztbesuch an, dass es sich um einen Schulunfall handelt.<\/p>\n<p>&#8230;meinem Kind in der Schule Sachen besch\u00e4digt oder gestohlen werden?<br \/>Sie melden das unbedingt der Lehrkraft und dem Sekretariat, da sie ggf. den kommunalen Schadensausgleich in Anspruch nehmen k\u00f6nnen.<\/p>\n<p>&#8230;sich die famili\u00e4ren Umst\u00e4nde \u00e4ndern?<br \/>Sie informieren die Klassenleitung ggf. das Sekretariat z.B. \u00fcber Adressen- oder Telefonnummer\u00e4nderungen.<\/p>\n<p>&#8230;mein Kind Lernschwierigkeiten oder Verhaltensauff\u00e4lligkeiten zeigt?<br \/>Sie sprechen zuerst mit der Klassenleitung. An unserer Schule erhalten Sie Informationen \u00fcber Beratungsstellen (z.B. bei der Hyperaktivit\u00e4t, Legasthenie oder Konzentrationsst\u00f6rungen).<\/p>\n<p>&#8230;ich Probleme mit einer Lehrkraft habe, die ich alleine im Gespr\u00e4ch nicht l\u00f6sen kann?<br \/>Sie setzen sich mit den Elternvertretern in Verbindung. Diese gelten als Bindeglied zwischen Sch\u00fclern, Eltern und Lehrern.<\/p>\n<p>&#8230;mein Kind aufgrund eines finanziellen Engpasses nicht an einer Klassenveranstaltung (z.B. Ausflug, Klassenfahrt) teilnehmen kann?<br \/>Sprechen Sie mit der Klassenlehrkraft (Antrag auf Unterst\u00fctzung aus dem H\u00e4rtefond des Schultr\u00e4gers) und\/oder wenden sich an den F\u00f6rderverein und beantragen dort finanzielle Hilfe f\u00fcr Ihr Kind.<\/p>\n<p>Im <a href=\"https:\/\/wordpress.nibis.de\/gssande\/foerderverein\/\"><strong>F\u00f6rderverein<\/strong><\/a> k\u00f6nnen Sie Mitglied oder Sponsor werden und dadurch die Schule unterst\u00fctzen. (Infos hierzu erhalten Sie auf dem ersten Elternabend.)<\/p>\n<p>Elternmitarbeit \u2013 gute Ideen &amp; Hilfsbereitschaft w\u00fcnschen wir uns u.a. bei Klassen- &amp; Schulfesten, Projektwochen, Sportfest, Ausfl\u00fcgen, etc.<\/p>\n<p>Wir freuen uns, wenn wir Ihnen einige Fragen beantworten konnten und Ihr Interesse an der Elternmitarbeit geweckt haben.<\/p>\n<p>Ihr Schulelternrat<\/p>\n","protected":false},"excerpt":{"rendered":"<p>Informationen &amp; praktische Tipps \u00fcber Elternarbeit an unserer SchuleElternmitarbeit in der Schule ist wichtig! Es geht um die Zukunft Ihrer Kinder.Die Schule nimmt sich der Entwicklung und F\u00f6rderung unserer Kinder an.Wir stehen der Schule und all ihren Mitarbeitern dabei zu Hause und in der Schule unterst\u00fctzend und hilfreich zur Seite. Die Ebenen der Elternmitarbeit Durch [&hellip;]<\/p>\n","protected":false},"author":9193190,"featured_media":0,"parent":0,"menu_order":0,"comment_status":"closed","ping_status":"closed","template":"template-full-width.php","meta":{"footnotes":""},"class_list":["post-78","page","type-page","status-publish","hentry"],"_links":{"self":[{"href":"https:\/\/wordpress.nibis.de\/gssande\/wp-json\/wp\/v2\/pages\/78","targetHints":{"allow":["GET"]}}],"collection":[{"href":"https:\/\/wordpress.nibis.de\/gssande\/wp-json\/wp\/v2\/pages"}],"about":[{"href":"https:\/\/wordpress.nibis.de\/gssande\/wp-json\/wp\/v2\/types\/page"}],"author":[{"embeddable":true,"href":"https:\/\/wordpress.nibis.de\/gssande\/wp-json\/wp\/v2\/users\/9193190"}],"replies":[{"embeddable":true,"href":"https:\/\/wordpress.nibis.de\/gssande\/wp-json\/wp\/v2\/comments?post=78"}],"version-history":[{"count":19,"href":"https:\/\/wordpress.nibis.de\/gssande\/wp-json\/wp\/v2\/pages\/78\/revisions"}],"predecessor-version":[{"id":1022,"href":"https:\/\/wordpress.nibis.de\/gssande\/wp-json\/wp\/v2\/pages\/78\/revisions\/1022"}],"wp:attachment":[{"href":"https:\/\/wordpress.nibis.de\/gssande\/wp-json\/wp\/v2\/media?parent=78"}],"curies":[{"name":"wp","href":"https:\/\/api.w.org\/{rel}","templated":true}]}}