{"id":85,"date":"2019-07-17T11:41:54","date_gmt":"2019-07-17T09:41:54","guid":{"rendered":"https:\/\/wordpress.nibis.de\/gssande\/?page_id=85"},"modified":"2021-07-13T16:26:14","modified_gmt":"2021-07-13T14:26:14","slug":"foerderverein","status":"publish","type":"page","link":"https:\/\/wordpress.nibis.de\/gssande\/eltern\/foerderverein\/","title":{"rendered":"F\u00f6rderverein"},"content":{"rendered":"<p>Die Schule wird regelm\u00e4\u00dfig durch den\u00a0<strong>&#8222;F\u00f6rderverein der Grundschule Sande e.V.&#8220;<\/strong> unterst\u00fctzt.<br \/>\nZu den gef\u00f6rderten Projekten\u00a0geh\u00f6ren neben dem\u00a0zur\u00a0Pr\u00e4vention gegen den sexuellen Missbrauch von Kindern\u00a0durchgef\u00fchrten\u00a0Projekts des Vereins \u201cSchl\u00fcsselblume\u201d aus Wilhelmshaven, die Aktionstage\u00a0der Frauen des Landfrauenverbandes, die gemeinsam mit den Kindern\u00a0themenbezogenes Kochen durchf\u00fchren.<br \/>\nEin weiterer Schwerpunkt der F\u00f6rderarbeit ist die\u00a0Verbesserung der Ausstattung der Schule.<br \/>\nDiese Aktivit\u00e4ten sind\u00a0jedoch nur umsetzbar, wenn\u00a0viele Mitglieder den Verein durch\u00a0ihren Beitrag unterst\u00fctzen.<\/p>\n<p>Bitte werden\u00a0Sie Mitglied im F\u00f6rderverein der Grundschule Sande e.V.<br \/>\nAnsprechpartner f\u00fcr unsere Schule sind:<br \/>\n<strong>Elvira Klein (1. Vorsitzende), Tel. 991827<\/strong><br \/>\n<strong>Melanie Abrahams (2. Vorsitzende und Kassenwartin), Tel. 999200<\/strong><\/p>\n<p>E-Mail: <a href=\"&#109;&#x61;&#105;&#x6c;&#116;&#x6f;&#58;&#x66;o&#x65;r&#x64;e&#x72;v&#101;&#x72;&#101;&#x69;&#110;&#x2d;&#103;&#x73;&#46;&#x73;a&#x6e;d&#x65;&#64;&#x77;e&#98;&#x2e;&#100;&#x65;\">&#102;o&#101;r&#100;e&#x72;v&#x65;r&#x65;i&#x6e;-&#x67;s&#x2e;s&#x61;n&#x64;e&#x40;w&#x65;&#98;&#x2e;&#100;&#x65;<\/a><\/p>\n<p><a href=\"https:\/\/wordpress.nibis.de\/gssande\/files\/2021\/07\/Foerderverein_Mitgliedsantrag_2021.pdf\">Mitgliedsantrag<\/a><\/p>\n<p><a href=\"https:\/\/wordpress.nibis.de\/gssande\/files\/2020\/09\/Satzung-F\u00f6rderverein.pdf\">Satzung F\u00f6rderverein<\/a><\/p>\n","protected":false},"excerpt":{"rendered":"<p>Die Schule wird regelm\u00e4\u00dfig durch den\u00a0&#8222;F\u00f6rderverein der Grundschule Sande e.V.&#8220; unterst\u00fctzt. Zu den gef\u00f6rderten Projekten\u00a0geh\u00f6ren neben dem\u00a0zur\u00a0Pr\u00e4vention gegen den sexuellen Missbrauch von Kindern\u00a0durchgef\u00fchrten\u00a0Projekts des Vereins \u201cSchl\u00fcsselblume\u201d aus Wilhelmshaven, die Aktionstage\u00a0der Frauen des Landfrauenverbandes, die gemeinsam mit den Kindern\u00a0themenbezogenes Kochen durchf\u00fchren. Ein weiterer Schwerpunkt der F\u00f6rderarbeit ist die\u00a0Verbesserung der Ausstattung der Schule. Diese Aktivit\u00e4ten sind\u00a0jedoch nur [&hellip;]<\/p>\n","protected":false},"author":9193190,"featured_media":0,"parent":38,"menu_order":0,"comment_status":"closed","ping_status":"closed","template":"template-full-width.php","meta":{"footnotes":""},"class_list":["post-85","page","type-page","status-publish","hentry"],"_links":{"self":[{"href":"https:\/\/wordpress.nibis.de\/gssande\/wp-json\/wp\/v2\/pages\/85","targetHints":{"allow":["GET"]}}],"collection":[{"href":"https:\/\/wordpress.nibis.de\/gssande\/wp-json\/wp\/v2\/pages"}],"about":[{"href":"https:\/\/wordpress.nibis.de\/gssande\/wp-json\/wp\/v2\/types\/page"}],"author":[{"embeddable":true,"href":"https:\/\/wordpress.nibis.de\/gssande\/wp-json\/wp\/v2\/users\/9193190"}],"replies":[{"embeddable":true,"href":"https:\/\/wordpress.nibis.de\/gssande\/wp-json\/wp\/v2\/comments?post=85"}],"version-history":[{"count":12,"href":"https:\/\/wordpress.nibis.de\/gssande\/wp-json\/wp\/v2\/pages\/85\/revisions"}],"predecessor-version":[{"id":810,"href":"https:\/\/wordpress.nibis.de\/gssande\/wp-json\/wp\/v2\/pages\/85\/revisions\/810"}],"up":[{"embeddable":true,"href":"https:\/\/wordpress.nibis.de\/gssande\/wp-json\/wp\/v2\/pages\/38"}],"wp:attachment":[{"href":"https:\/\/wordpress.nibis.de\/gssande\/wp-json\/wp\/v2\/media?parent=85"}],"curies":[{"name":"wp","href":"https:\/\/api.w.org\/{rel}","templated":true}]}}