{"id":1153,"date":"2021-10-01T02:39:09","date_gmt":"2021-10-01T00:39:09","guid":{"rendered":"https:\/\/wordpress.nibis.de\/gssandhorst\/?page_id=1153"},"modified":"2021-10-11T18:47:59","modified_gmt":"2021-10-11T16:47:59","slug":"sportfreundliche-schule","status":"publish","type":"page","link":"https:\/\/wordpress.nibis.de\/gssandhorst\/sportfreundliche-schule\/","title":{"rendered":"Sportfreundliche Schule"},"content":{"rendered":"\n<p>Die Sandhorstschule wurde m<span class=\"c1\" lang=\"DE\">it der Landesauszeichnung \u201eSportfreundliche Schule\u201c ausgezeichnet, da sie Sport und Fitness in ihrem Schulprogramm fest verankert hat und mit vielf\u00e4ltigen Bewegungsangeboten und gesunder Ern\u00e4hrung die Entwicklung von Kindern und Jugendlichen f\u00f6rdert. Das Nieders\u00e4chsische Kultusministerium und der Landessportbund Niedersachsen unterst\u00fctzen mit dieser Auszeichnung sowohl das sportfreundliche Klima an der Sandhorstschule als auch die Arbeit der Schulleitung, der Lehrkr\u00e4fte sowie aller Personen, die sich f\u00fcr Sportlichkeit und Fitness der Kinder und Jugendlichen einsetzen.<\/span><\/p>\n<h3>\u00a0<\/h3>\n<h4><strong>Bewegungsm\u00f6glichkeiten und Angebote auf dem Schulgel\u00e4nde<\/strong><\/h4>\n<p>Im Bereich des Schulhofs sind gro\u00dfe Freifl\u00e4chen zum Laufen und Spielen. Hier befinden sich auch zwei Tischtennisplatten und ein Korb f\u00fcr das Basketballspiel.\u00a0<\/p>\n<p>Um die Kastanie, die in der Mitte des Schulhofs steht, gibt es eine bunte Bank, die vom F\u00f6rderverein gespendet wurde. Sie wird gerne zum Ausruhen, Erz\u00e4hlen und Spielen genutzt.<\/p>\n<p>An den asphaltierten Schulhof, auf dem sich ein Trainingsparcour f\u00fcr die Verkehrserziehung befindet, schlie\u00dft sich ein Spielgel\u00e4nde an. Hier stehen viele Spielger\u00e4te, wie eine Kletterwand, ein Zwei-Stufenreck, Schaukeln, H\u00fcpfpilze, eie Rutsche, eine H\u00e4ngebr\u00fccke und ein Hangelger\u00fcst. Auch ein Sandkasten l\u00e4dt zum Spielen ein. Ganz besonders beliebt ist ein Fu\u00dfballfeld mit zwei Toren..<\/p>\n<p>Das \u201egr\u00fcne Klassenzimmer\u201c, das mit Hilfe der Eltern gestaltet wurde und zum Lernen an der frischen Luft genutzt wird, wird von den Kindern in den Pausen gern zum Spielen angenommen.<\/p>\n<h3>\u00a0<\/h3>\n<h4><strong>Aktive Pause<\/strong><\/h4>\n<p>Seit vielen Jahren haben die Kinder Spielekisten, die der F\u00f6rderverein anschaffte, damit sich die Sch\u00fclerInnen in den Pausen im Freien, sowie in der Regenpause innerhalb der Klassen, sinnvoll besch\u00e4ftigen und bewegen k\u00f6nnen.<\/p>\n<p>\u00a0<\/p>\n<h4><strong>Gesundheitserziehung<\/strong><\/h4>\n<p>Das Thema: \u201eWas macht uns gesund und stark?\u201c, wird im Sachunterricht und in den Fr\u00fchst\u00fcckspausen h\u00e4ufig thematisiert. Die Sandhorstschule nimmt auch am Programm \u201eKlasse 2000\u201c teil, indem besonders der Zusammenhang von\u00a0 Bewegung und gesunder Ern\u00e4hrung thematisiert wird.<\/p>\n<p>\u00a0<\/p>\n<h4><strong>Sport- und Schwimmunterricht<\/strong><\/h4>\n<p>Neben unserer Schule gibt es eine Turnhalle und einen Sportplatz. Die zwei Stunden Sport, die den Kindern w\u00f6chentlich zur Verf\u00fcgung stehen, werden also nicht durch weite Wege gek\u00fcrzt. Zus\u00e4tzlich haben die Sch\u00fclerInnen der 3. und 4. Klassen die M\u00f6glichkeit, eine AG-Stunde Sport zu belegen. Da ein Wald in unmittelbarer N\u00e4he liegt, bietet es sich an, dort mit den Sch\u00fclerInnen zu joggen.<\/p>\n<p>Alle 3. Schuljahre haben w\u00f6chentlich eine Doppelstunde f\u00fcr den Schwimmunterricht und zus\u00e4tzlich eine weitere Sportstunde pro Woche.<\/p>\n<p>\u00a0<\/p>\n<h4><strong>Teilnahme an Schulwettk\u00e4mpfen und au\u00dferschulischen Sportveranstaltungen<\/strong><\/h4>\n<p>J\u00e4hrlich finden im Sommer oder im Winter die Bundesjugendspiele statt. Im Sommer wird neben dem Vierkampf noch ein Fu\u00dfballspiel zwischen den 3. und 4. Klassen durchgef\u00fchrt. Die Sch\u00fcler der 1. und 2. Klassen nehmen an einem Geschicklichkeitswettkampf teil.<\/p>\n<p>J\u00e4hrlich nimmt die Schule am Tischtennis-Rundlaufturnier des Nieders\u00e4chsischen Tischtennis-Verbandes sowie im zwei Jahresrhythmus am Tennis-Schul-Cup des Nieders\u00e4chsischen Tennis-Bundes teil.<\/p>\n<p>Alle Schulklassen beteiligen sich am Laufabzeichen. In einem schulnahen Wald haben wir eine von uns ausgemessene Laufrunde, die f\u00fcr das Ausdauertraining genutzt\u00a0 wird.\u00a0<\/p>\n<p>Seit einigen Jahren nimmt unsere Schule erfolgreich am Meller Stadtlauf teil.<\/p>\n<p>\u00a0<\/p>\n<h4><strong>Bewegungs\u00fcbungen im Klassenzimmer<\/strong><\/h4>\n<p>Bewegung f\u00f6rdert nicht nur die motorischen, sondern auch die kognitiven F\u00e4higkeiten. Kleine Spiele bieten sich hervorragend an, um den Unterricht aktiv zu beginnen, zwischendurch mal eine Denkpause einzulegen oder die Sinne spielerisch zu schulen.<\/p>\n<p>Bei Wochenplanarbeit bzw. Freiarbeit wechseln die Sch\u00fclerInnen h\u00e4ufig die Pl\u00e4tze bzw. den Raum. Beim Bilden eines Kreises k\u00f6nnen die Kinder statt auf St\u00fchlen auch auf Teppichfliesen oder kleinen Kissen sitzen.<\/p>\n<p><strong>\u00a0<\/strong><\/p>\n<h4><strong>Zusammenarbeit der Sandhorstschule mit Vereinen und Verb\u00e4nden<\/strong><\/h4>\n<p>F\u00fcr das AG-Angebot im Nachmittagsbereich bereichern vielf\u00e4ltige Sportangebote das Schulleben. Mit folgenden Vereinen und Verb\u00e4nden kooperieren wir bereits erfolgreich:<\/p>\n<p>TSV Riemsloh e.V. in den Bereichen Tennis, Psychomotorik und Kindertanz<\/p>\n<p>TUS Bruchm\u00fchlen e.V. im Bereich Fu\u00dfball<\/p>\n<p>Nieders\u00e4chsischer Tischtennis Verband: Tischtennis-Rundlauf-Cup mit allen 3. und 4. Klassen.<\/p>\n<p>Nieders\u00e4chsischer Tennis-Bund: Tennis-Schul-Cup mit allen Klassen.<\/p>\n<p>Nieders\u00e4chsischer Turner-Bund: Kooperation mit der Landesturnschule Melle.<\/p>\n<p>\u00a0<\/p>\n<h4><strong>Anerkennung und W\u00fcrdigung sportlicher Leistungen<\/strong><\/h4>\n<p>Die Anerkennung der sportlichen Leistungen erfolgt stets im Anschluss an Schulveranstaltungen vor der gesamten Sch\u00fcler- und Lehrerschaft.<\/p>\n<p>\u00a0<\/p>\n<h4><strong>Fortbildungen<\/strong><\/h4>\n<p>Die SportkollegInnen nehmen regelm\u00e4\u00dfig an Fortbildungen teil. Hierbei spielen die Fortbildungen der Landesturnschule Melle eine gro\u00dfe Rolle. Der Austausch der Kolleginnen findet bei Fachkonferenzen statt.<\/p>\n<p>\u00a0<\/p>\n<h4><strong>Klassenfahrten<\/strong><\/h4>\n<p>Am Ende der 3. Klasse, bzw. zu Beginn der 4. Klasse findet eine mehrt\u00e4gige Klassenfahrt statt. Auch hier wird viel Wert auf Bewegung an der frischen Luft gelegt. Neben Ausfl\u00fcgen und Besichtigungen werden sportliche Wettk\u00e4mpfe und Turniere durchgef\u00fchrt, wie z.B. Rallys, Brennball-, Fu\u00dfball- und Tischtennisspiele.<\/p>\n","protected":false},"excerpt":{"rendered":"<p>Die Sandhorstschule wurde mit der Landesauszeichnung \u201eSportfreundliche Schule\u201c ausgezeichnet, da sie Sport und Fitness in ihrem Schulprogramm fest verankert hat und mit vielf\u00e4ltigen Bewegungsangeboten und gesunder Ern\u00e4hrung die Entwicklung von Kindern und Jugendlichen f\u00f6rdert. Das Nieders\u00e4chsische Kultusministerium und der Landessportbund Niedersachsen unterst\u00fctzen mit dieser Auszeichnung sowohl das sportfreundliche Klima an der Sandhorstschule als auch die Arbeit der Schulleitung, der Lehrkr\u00e4fte sowie aller Personen, die sich f\u00fcr Sportlichkeit und Fitness der Kinder und Jugendlichen einsetzen. \u00a0 Bewegungsm\u00f6glichkeiten und Angebote auf dem&#8230;<\/p>\n<p class=\"read-more\"><a class=\"btn btn-default\" href=\"https:\/\/wordpress.nibis.de\/gssandhorst\/sportfreundliche-schule\/\">Weiterlesen<span class=\"screen-reader-text\"> Weiterlesen<\/span><\/a><\/p>\n","protected":false},"author":671,"featured_media":0,"parent":0,"menu_order":0,"comment_status":"closed","ping_status":"closed","template":"","meta":{"footnotes":""},"class_list":["post-1153","page","type-page","status-publish","hentry"],"_links":{"self":[{"href":"https:\/\/wordpress.nibis.de\/gssandhorst\/wp-json\/wp\/v2\/pages\/1153","targetHints":{"allow":["GET"]}}],"collection":[{"href":"https:\/\/wordpress.nibis.de\/gssandhorst\/wp-json\/wp\/v2\/pages"}],"about":[{"href":"https:\/\/wordpress.nibis.de\/gssandhorst\/wp-json\/wp\/v2\/types\/page"}],"author":[{"embeddable":true,"href":"https:\/\/wordpress.nibis.de\/gssandhorst\/wp-json\/wp\/v2\/users\/671"}],"replies":[{"embeddable":true,"href":"https:\/\/wordpress.nibis.de\/gssandhorst\/wp-json\/wp\/v2\/comments?post=1153"}],"version-history":[{"count":5,"href":"https:\/\/wordpress.nibis.de\/gssandhorst\/wp-json\/wp\/v2\/pages\/1153\/revisions"}],"predecessor-version":[{"id":1323,"href":"https:\/\/wordpress.nibis.de\/gssandhorst\/wp-json\/wp\/v2\/pages\/1153\/revisions\/1323"}],"wp:attachment":[{"href":"https:\/\/wordpress.nibis.de\/gssandhorst\/wp-json\/wp\/v2\/media?parent=1153"}],"curies":[{"name":"wp","href":"https:\/\/api.w.org\/{rel}","templated":true}]}}