{"id":1155,"date":"2021-10-01T02:39:10","date_gmt":"2021-10-01T00:39:10","guid":{"rendered":"https:\/\/wordpress.nibis.de\/gssandhorst\/?page_id=1155"},"modified":"2021-10-04T17:12:18","modified_gmt":"2021-10-04T15:12:18","slug":"klasse-2000","status":"publish","type":"page","link":"https:\/\/wordpress.nibis.de\/gssandhorst\/klasse-2000\/","title":{"rendered":"Klasse2000"},"content":{"rendered":"\n<header>\n<h2>GESUNDHEITSF\u00d6RDERUNG UND PR\u00c4VENTION MIT KLASSE2000<\/h2>\n<\/header>\n<p>Gesund, stark und selbstbewusst \u2013 so sollen Kinder aufwachsen. Dahin gehend bietet das Programm Klasse2000, das in Deutschland am weitesten verbreitete Unterrichtsprogramm zur Gesundheitsf\u00f6rderung, Sucht- und Gewaltvorbeugung in der Grundschule, vielf\u00e4ltige Unterrichtssequenzen an.<\/p>\n<p>Mit Klasse2000 und seiner Symbolfigur KLARO erfahren die Kinder, was sie selbst tun k\u00f6nnen, damit es ihnen gut geht und sie sich wohlf\u00fchlen. Fr\u00fchzeitig und kontinuierlich von Klasse 1 bis 4 lernen die Kinder mit Klasse2000 das 1&#215;1 des gesunden Lebens \u2013 aktiv, anschaulich und mit viel Spa\u00df. Lehrkr\u00e4fte und speziell geschulte Gesundheitsf\u00f6rderer gestalten rund 15 Klasse2000-Stunden pro Schuljahr zu den wichtigsten Gesundheits- und Lebenskompetenzen. So entwickeln Kinder Kenntnisse, Haltungen und Fertigkeiten, mit denen sie ihren Alltag so bew\u00e4ltigen k\u00f6nnen, dass sie sich wohlf\u00fchlen und gesund bleiben.\u00a0<\/p>\n<p>\u00a0<\/p>\n<h4>Ziele<\/h4>\n<ul>\n<li>Kindern ist es wichtig, gesund zu sein und sie sind \u00fcberzeugt, selbst etwas daf\u00fcr tun zu k\u00f6nnen.\u00a0<\/li>\n<li>Kinder kennen ihren K\u00f6rper und wissen, was sie tun k\u00f6nnen, damit er gesund bleibt und sie sich wohl f\u00fchlen<\/li>\n<li>Kinder besitzen wichtige Lebenskompetenzen: z.B. mit Gef\u00fchlen und Stress umgehen, mit anderen kooperieren, Konflikte l\u00f6sen und kritisch denken.<\/li>\n<\/ul>\n<p>\u00a0<\/p>\n<h4>Themen<\/h4>\n<ul>\n<li>Gesund essen &amp; trinken<\/li>\n<li>Bewegen &amp; entspannen<\/li>\n<li>Sich selbst m\u00f6gen &amp; Freunde haben<\/li>\n<li>Probleme &amp; Konflikte l\u00f6sen<\/li>\n<li>Kritisch denken &amp; Nein sagen<\/li>\n<\/ul>\n<p>\u00a0<\/p>\n<figure class=\"wp-block-embed wp-block-embed-youtube is-type-video is-provider-youtube epyt-figure\"><div class=\"wp-block-embed__wrapper\"><iframe loading=\"lazy\"  id=\"_ytid_12063\"  width=\"640\" height=\"360\"  data-origwidth=\"640\" data-origheight=\"360\" src=\"https:\/\/www.youtube.com\/embed\/1RPl0NpyoVY?enablejsapi=1&autoplay=0&cc_load_policy=0&cc_lang_pref=&iv_load_policy=1&loop=0&rel=1&fs=1&playsinline=0&autohide=2&theme=dark&color=red&controls=1&disablekb=0&\" class=\"__youtube_prefs__  no-lazyload\" title=\"YouTube player\"  allow=\"fullscreen; accelerometer; autoplay; clipboard-write; encrypted-media; gyroscope; picture-in-picture; web-share\" referrerpolicy=\"strict-origin-when-cross-origin\" allowfullscreen data-no-lazy=\"1\" data-skipgform_ajax_framebjll=\"\"><\/iframe><\/div><\/figure>\n","protected":false},"excerpt":{"rendered":"<p>GESUNDHEITSF\u00d6RDERUNG UND PR\u00c4VENTION MIT KLASSE2000 Gesund, stark und selbstbewusst \u2013 so sollen Kinder aufwachsen. Dahin gehend bietet das Programm Klasse2000, das in Deutschland am weitesten verbreitete Unterrichtsprogramm zur Gesundheitsf\u00f6rderung, Sucht- und Gewaltvorbeugung in der Grundschule, vielf\u00e4ltige Unterrichtssequenzen an. Mit Klasse2000 und seiner Symbolfigur KLARO erfahren die Kinder, was sie selbst tun k\u00f6nnen, damit es ihnen gut geht und sie sich wohlf\u00fchlen. Fr\u00fchzeitig und kontinuierlich von Klasse 1 bis 4 lernen die Kinder mit Klasse2000 das 1&#215;1 des gesunden Lebens \u2013&#8230;<\/p>\n<p class=\"read-more\"><a class=\"btn btn-default\" href=\"https:\/\/wordpress.nibis.de\/gssandhorst\/klasse-2000\/\">Weiterlesen<span class=\"screen-reader-text\"> Weiterlesen<\/span><\/a><\/p>\n","protected":false},"author":671,"featured_media":0,"parent":0,"menu_order":0,"comment_status":"closed","ping_status":"closed","template":"","meta":{"footnotes":""},"class_list":["post-1155","page","type-page","status-publish","hentry"],"_links":{"self":[{"href":"https:\/\/wordpress.nibis.de\/gssandhorst\/wp-json\/wp\/v2\/pages\/1155","targetHints":{"allow":["GET"]}}],"collection":[{"href":"https:\/\/wordpress.nibis.de\/gssandhorst\/wp-json\/wp\/v2\/pages"}],"about":[{"href":"https:\/\/wordpress.nibis.de\/gssandhorst\/wp-json\/wp\/v2\/types\/page"}],"author":[{"embeddable":true,"href":"https:\/\/wordpress.nibis.de\/gssandhorst\/wp-json\/wp\/v2\/users\/671"}],"replies":[{"embeddable":true,"href":"https:\/\/wordpress.nibis.de\/gssandhorst\/wp-json\/wp\/v2\/comments?post=1155"}],"version-history":[{"count":5,"href":"https:\/\/wordpress.nibis.de\/gssandhorst\/wp-json\/wp\/v2\/pages\/1155\/revisions"}],"predecessor-version":[{"id":1247,"href":"https:\/\/wordpress.nibis.de\/gssandhorst\/wp-json\/wp\/v2\/pages\/1155\/revisions\/1247"}],"wp:attachment":[{"href":"https:\/\/wordpress.nibis.de\/gssandhorst\/wp-json\/wp\/v2\/media?parent=1155"}],"curies":[{"name":"wp","href":"https:\/\/api.w.org\/{rel}","templated":true}]}}