{"id":1166,"date":"2021-10-01T02:46:40","date_gmt":"2021-10-01T00:46:40","guid":{"rendered":"https:\/\/wordpress.nibis.de\/gssandhorst\/?page_id=1166"},"modified":"2026-02-11T10:42:13","modified_gmt":"2026-02-11T09:42:13","slug":"herzlich-willkommen-auf-der-homepage-der-sandhorstschule","status":"publish","type":"page","link":"https:\/\/wordpress.nibis.de\/gssandhorst\/","title":{"rendered":"Herzlich Willkommen auf der Homepage der Sandhorstschule"},"content":{"rendered":"\n<p style=\"text-align: center\"><span style=\"color: #000000\">Sch\u00f6n, dass Sie da sind und sich f\u00fcr unsere Schule interessieren!<\/span><\/p>\n<p style=\"text-align: center\"><span style=\"color: #000000\">Auf unseren Seiten finden Sie viele Informationen, Bilder und Eindr\u00fccke,<\/span><\/p>\n<p style=\"text-align: center\"><span style=\"color: #000000\">die einen Einblick in unser Schulleben geben sollen.<\/span><\/p>\n<p>\u00a0<\/p>\n<p style=\"text-align: center\">Wir w\u00fcnschen Ihnen viel Spa\u00df beim St\u00f6bern auf unserer Homepage.<\/p>\n<p style=\"text-align: center\"><span style=\"color: #00ff00\"><em>Das Team der Sandhorstschule<\/em><\/span><\/p>\n<p>\u00a0<\/p>\n<h3 style=\"text-align: center\"><span style=\"color: #000000\">Kontakt:<\/span><\/h3>\n<h4 style=\"text-align: center\">GS Sandhorstschule<\/h4>\n<p style=\"text-align: center\">Sandhorstweg 60<br \/>49328 Melle<\/p>\n<p style=\"text-align: center\">Telefon (Sekretariat): 05226 &#8211; 757<br \/>Telefon (Betreuung): 05226 &#8211; 5928818<br \/>E-Mail: s&#101;&#107;&#x72;&#x65;&#x74;&#x61;r&#105;&#97;&#116;&#x40;&#x73;&#x61;nd&#104;&#111;&#x72;&#x73;&#x74;sc&#104;&#117;&#x6c;&#x65;&#x2e;de<\/p>\n","protected":false},"excerpt":{"rendered":"<p>Sch\u00f6n, dass Sie da sind und sich f\u00fcr unsere Schule interessieren! Auf unseren Seiten finden Sie viele Informationen, Bilder und Eindr\u00fccke, die einen Einblick in unser Schulleben geben sollen. \u00a0 Wir w\u00fcnschen Ihnen viel Spa\u00df beim St\u00f6bern auf unserer Homepage. Das Team der Sandhorstschule \u00a0 Kontakt: GS Sandhorstschule Sandhorstweg 6049328 Melle Telefon (Sekretariat): 05226 &#8211; 757Telefon (Betreuung): 05226 &#8211; 5928818E-Mail: &#x73;&#x65;&#x6b;&#114;&#101;&#116;ar&#x69;&#x61;&#x74;&#x40;&#115;&#97;nd&#x68;&#x6f;&#x72;&#x73;&#116;&#115;ch&#x75;&#x6c;&#x65;&#x2e;&#100;&#101;<\/p>\n","protected":false},"author":671,"featured_media":0,"parent":0,"menu_order":0,"comment_status":"closed","ping_status":"closed","template":"","meta":{"footnotes":""},"class_list":["post-1166","page","type-page","status-publish","hentry"],"_links":{"self":[{"href":"https:\/\/wordpress.nibis.de\/gssandhorst\/wp-json\/wp\/v2\/pages\/1166","targetHints":{"allow":["GET"]}}],"collection":[{"href":"https:\/\/wordpress.nibis.de\/gssandhorst\/wp-json\/wp\/v2\/pages"}],"about":[{"href":"https:\/\/wordpress.nibis.de\/gssandhorst\/wp-json\/wp\/v2\/types\/page"}],"author":[{"embeddable":true,"href":"https:\/\/wordpress.nibis.de\/gssandhorst\/wp-json\/wp\/v2\/users\/671"}],"replies":[{"embeddable":true,"href":"https:\/\/wordpress.nibis.de\/gssandhorst\/wp-json\/wp\/v2\/comments?post=1166"}],"version-history":[{"count":9,"href":"https:\/\/wordpress.nibis.de\/gssandhorst\/wp-json\/wp\/v2\/pages\/1166\/revisions"}],"predecessor-version":[{"id":1912,"href":"https:\/\/wordpress.nibis.de\/gssandhorst\/wp-json\/wp\/v2\/pages\/1166\/revisions\/1912"}],"wp:attachment":[{"href":"https:\/\/wordpress.nibis.de\/gssandhorst\/wp-json\/wp\/v2\/media?parent=1166"}],"curies":[{"name":"wp","href":"https:\/\/api.w.org\/{rel}","templated":true}]}}