{"id":1255,"date":"2021-10-04T17:47:18","date_gmt":"2021-10-04T15:47:18","guid":{"rendered":"https:\/\/wordpress.nibis.de\/gssandhorst\/?page_id=1255"},"modified":"2021-10-04T21:06:08","modified_gmt":"2021-10-04T19:06:08","slug":"mathematik-olympiade","status":"publish","type":"page","link":"https:\/\/wordpress.nibis.de\/gssandhorst\/mathematik-olympiade\/","title":{"rendered":"Mathematik-Olympiade"},"content":{"rendered":"\n<p>Die Sandhorstschule nimmt jedes Jahr mit den Jahrg\u00e4ngen 3 und 4 an der Mathematik-Olympiade teil. Die Mathematik-Olympiade ist ein Wettbewerb f\u00fcr Sch\u00fclerInnen der Klassenstufen 3\u2009bis\u200913, die vom Bundesministerium f\u00fcr Bildung und Forschung und dem Stifterverband gef\u00f6rdert wird.<\/p>\n<p><img loading=\"lazy\" decoding=\"async\" class=\"\" src=\"https:\/\/www.mathematik-olympiaden.de\/moev\/images\/my\/BMBF_RGB_Gef_L.jpg\" alt=\"\" width=\"189\" height=\"134\" \/>\u00a0\u00a0\u00a0<img loading=\"lazy\" decoding=\"async\" class=\"\" src=\"https:\/\/www.mathematik-olympiaden.de\/moev\/images\/my\/sv.svg\" alt=\"\" width=\"226\" height=\"122\" \/><\/p>\n<p>Die Mathematik-Olympiade bietet allen interessierten Sch\u00fclerInnen die M\u00f6glichkeit, ihre besondere Leistungsf\u00e4higkeit auf mathematischem Gebiet unter Beweis zu stellen. Der nach Altersstufen gegliederte Wettbewerb f\u00fcr Kinder ab Klasse 3 erfordert logisches Denken, Kombinationsf\u00e4higkeit und kreativen Umgang mit mathematischen Methoden. Die Teilnahme am Wettbewerb regt h\u00e4ufig zu einer weit \u00fcber den Unterricht hinausreichenden Besch\u00e4ftigung mit der Mathematik an.<\/p>\n<p>In den unteren Klassenstufen dominiert als Motiv oft der Spa\u00df am rational-logischen Denken.<\/p>\n","protected":false},"excerpt":{"rendered":"<p>Die Sandhorstschule nimmt jedes Jahr mit den Jahrg\u00e4ngen 3 und 4 an der Mathematik-Olympiade teil. Die Mathematik-Olympiade ist ein Wettbewerb f\u00fcr Sch\u00fclerInnen der Klassenstufen 3\u2009bis\u200913, die vom Bundesministerium f\u00fcr Bildung und Forschung und dem Stifterverband gef\u00f6rdert wird. \u00a0\u00a0\u00a0 Die Mathematik-Olympiade bietet allen interessierten Sch\u00fclerInnen die M\u00f6glichkeit, ihre besondere Leistungsf\u00e4higkeit auf mathematischem Gebiet unter Beweis zu stellen. Der nach Altersstufen gegliederte Wettbewerb f\u00fcr Kinder ab Klasse 3 erfordert logisches Denken, Kombinationsf\u00e4higkeit und kreativen Umgang mit mathematischen Methoden. Die Teilnahme am Wettbewerb&#8230;<\/p>\n<p class=\"read-more\"><a class=\"btn btn-default\" href=\"https:\/\/wordpress.nibis.de\/gssandhorst\/mathematik-olympiade\/\">Weiterlesen<span class=\"screen-reader-text\"> Weiterlesen<\/span><\/a><\/p>\n","protected":false},"author":671,"featured_media":0,"parent":0,"menu_order":0,"comment_status":"closed","ping_status":"closed","template":"","meta":{"footnotes":""},"class_list":["post-1255","page","type-page","status-publish","hentry"],"_links":{"self":[{"href":"https:\/\/wordpress.nibis.de\/gssandhorst\/wp-json\/wp\/v2\/pages\/1255","targetHints":{"allow":["GET"]}}],"collection":[{"href":"https:\/\/wordpress.nibis.de\/gssandhorst\/wp-json\/wp\/v2\/pages"}],"about":[{"href":"https:\/\/wordpress.nibis.de\/gssandhorst\/wp-json\/wp\/v2\/types\/page"}],"author":[{"embeddable":true,"href":"https:\/\/wordpress.nibis.de\/gssandhorst\/wp-json\/wp\/v2\/users\/671"}],"replies":[{"embeddable":true,"href":"https:\/\/wordpress.nibis.de\/gssandhorst\/wp-json\/wp\/v2\/comments?post=1255"}],"version-history":[{"count":3,"href":"https:\/\/wordpress.nibis.de\/gssandhorst\/wp-json\/wp\/v2\/pages\/1255\/revisions"}],"predecessor-version":[{"id":1281,"href":"https:\/\/wordpress.nibis.de\/gssandhorst\/wp-json\/wp\/v2\/pages\/1255\/revisions\/1281"}],"wp:attachment":[{"href":"https:\/\/wordpress.nibis.de\/gssandhorst\/wp-json\/wp\/v2\/media?parent=1255"}],"curies":[{"name":"wp","href":"https:\/\/api.w.org\/{rel}","templated":true}]}}