{"id":1270,"date":"2021-10-04T20:55:15","date_gmt":"2021-10-04T18:55:15","guid":{"rendered":"https:\/\/wordpress.nibis.de\/gssandhorst\/?page_id=1270"},"modified":"2021-10-04T22:04:03","modified_gmt":"2021-10-04T20:04:03","slug":"ich-schenk-dir-eine-geschichte","status":"publish","type":"page","link":"https:\/\/wordpress.nibis.de\/gssandhorst\/ich-schenk-dir-eine-geschichte\/","title":{"rendered":"Ich schenk\u00b4 dir eine Geschichte"},"content":{"rendered":"\n<p>Seit 1996 wird der \u201eWelttag des Buches\u201c in Deutschland gefeiert. Rund um diesen Tag verschenken Buchhandlungen das Welttagsbuch \u201eIch schenk dir eine Geschichte\u201c an rund 1 Million Sch\u00fclerInnen.<\/p>\n<p>Jedes Jahr profitieren auch die Viertkl\u00e4sslerInnen der Sandhorstschule von dieser Buch-Gutschein-Aktion, denn sie ist eine deutschlandweite Kampagne zur Lesef\u00f6rderung. Mit dem Welttagsbuch soll den Kindern der 4. und 5. Klassen bundesweit die Freude am Lesen vermittelt werden.<\/p>\n<p>\u00a0<\/p>\n","protected":false},"excerpt":{"rendered":"<p>Seit 1996 wird der \u201eWelttag des Buches\u201c in Deutschland gefeiert. Rund um diesen Tag verschenken Buchhandlungen das Welttagsbuch \u201eIch schenk dir eine Geschichte\u201c an rund 1 Million Sch\u00fclerInnen. Jedes Jahr profitieren auch die Viertkl\u00e4sslerInnen der Sandhorstschule von dieser Buch-Gutschein-Aktion, denn sie ist eine deutschlandweite Kampagne zur Lesef\u00f6rderung. Mit dem Welttagsbuch soll den Kindern der 4. und 5. Klassen bundesweit die Freude am Lesen vermittelt werden. \u00a0<\/p>\n","protected":false},"author":671,"featured_media":0,"parent":0,"menu_order":0,"comment_status":"closed","ping_status":"closed","template":"","meta":{"footnotes":""},"class_list":["post-1270","page","type-page","status-publish","hentry"],"_links":{"self":[{"href":"https:\/\/wordpress.nibis.de\/gssandhorst\/wp-json\/wp\/v2\/pages\/1270","targetHints":{"allow":["GET"]}}],"collection":[{"href":"https:\/\/wordpress.nibis.de\/gssandhorst\/wp-json\/wp\/v2\/pages"}],"about":[{"href":"https:\/\/wordpress.nibis.de\/gssandhorst\/wp-json\/wp\/v2\/types\/page"}],"author":[{"embeddable":true,"href":"https:\/\/wordpress.nibis.de\/gssandhorst\/wp-json\/wp\/v2\/users\/671"}],"replies":[{"embeddable":true,"href":"https:\/\/wordpress.nibis.de\/gssandhorst\/wp-json\/wp\/v2\/comments?post=1270"}],"version-history":[{"count":3,"href":"https:\/\/wordpress.nibis.de\/gssandhorst\/wp-json\/wp\/v2\/pages\/1270\/revisions"}],"predecessor-version":[{"id":1287,"href":"https:\/\/wordpress.nibis.de\/gssandhorst\/wp-json\/wp\/v2\/pages\/1270\/revisions\/1287"}],"wp:attachment":[{"href":"https:\/\/wordpress.nibis.de\/gssandhorst\/wp-json\/wp\/v2\/media?parent=1270"}],"curies":[{"name":"wp","href":"https:\/\/api.w.org\/{rel}","templated":true}]}}