{"id":1271,"date":"2021-10-04T20:55:15","date_gmt":"2021-10-04T18:55:15","guid":{"rendered":"https:\/\/wordpress.nibis.de\/gssandhorst\/?page_id=1271"},"modified":"2021-10-04T21:36:58","modified_gmt":"2021-10-04T19:36:58","slug":"lesekoffer","status":"publish","type":"page","link":"https:\/\/wordpress.nibis.de\/gssandhorst\/lesekoffer\/","title":{"rendered":"Lesekoffer"},"content":{"rendered":"\n<p><img decoding=\"async\" src=\"https:\/\/www.oetinger.de\/sites\/default\/files\/inline-images\/logo_lesekoffer_ohne10J_RGB_72.jpg\" alt=\"Logo Lesekoffer\" \/><\/p>\n<h4>Der Lesekoffer reist hoffentlich bald wieder&#8230;<\/h4>\n<p>Jedes Jahr nehmen die Jahrg\u00e4nge 2 und 4 der Sandhorstschule an dem Projekt &#8222;Lesekoffer&#8220; der Buchhandlung Sutm\u00f6ller teil. Bei dem besonderen Lese-F\u00f6rderungsprogramm f\u00fcr Grundsch\u00fclerInnen schickt Herr Sutm\u00f6ller jeweils zwei Lesekoffer\u00ae, prall gef\u00fcllt mit B\u00fcchern f\u00fcr die Klassen 2 und 4, auf ihre Reise durch Melle. So k\u00f6nnen unsere Sch\u00fclerInnen \u201eauf Buchf\u00fchlung\u201c gehen und ihre Lieblingslekt\u00fcre entdecken. <br \/>Unterst\u00fctzt wird die Aktion von den Partnern Ravensburger Buchverlag und der Verlagsgruppe Oetinger.<\/p>\n<h4>Und so l\u00e4ufts:<\/h4>\n<p>Die Klasse holt sich pers\u00f6nlich ihre Koffer in der Buchhandlung ab. Dort wird sie meistens schon von einer anderen Meller Schule erwartet, denn vor Ort finden dann immer spannende und sehr vielf\u00e4ltige Buchvorstellungen statt. So erh\u00e4lt die neue Klasse einen ersten Eindruck von dem Inhalt der Lesekoffer. Die Lesekoffer\u00ae bleiben nun f\u00fcr vier <br \/>Wochen in unserer Schule und versorgen dort die Kinder mit reichlich Lesestoff, bis sie nach unserer Pr\u00e4sentation zum n\u00e4chsten Ort wandern.<\/p>\n<p>Jeder Lesekoffer\u00ae enth\u00e4lt 60 altersgerechte B\u00fccher der beiden Verlage. So kommen neue Lekt\u00fcren in die Klassen und regen die Kinder zum Austausch \u00fcber die B\u00fccher, Themen und Geschichten an. Lesen wird ein gemeinsames Erlebnis und weckt die Neugierde und das Interesse an spannender Literatur.<br \/><br \/><\/p>\n","protected":false},"excerpt":{"rendered":"<p>Der Lesekoffer reist hoffentlich bald wieder&#8230; Jedes Jahr nehmen die Jahrg\u00e4nge 2 und 4 der Sandhorstschule an dem Projekt &#8222;Lesekoffer&#8220; der Buchhandlung Sutm\u00f6ller teil. Bei dem besonderen Lese-F\u00f6rderungsprogramm f\u00fcr Grundsch\u00fclerInnen schickt Herr Sutm\u00f6ller jeweils zwei Lesekoffer\u00ae, prall gef\u00fcllt mit B\u00fcchern f\u00fcr die Klassen 2 und 4, auf ihre Reise durch Melle. So k\u00f6nnen unsere Sch\u00fclerInnen \u201eauf Buchf\u00fchlung\u201c gehen und ihre Lieblingslekt\u00fcre entdecken. Unterst\u00fctzt wird die Aktion von den Partnern Ravensburger Buchverlag und der Verlagsgruppe Oetinger. Und so l\u00e4ufts: Die Klasse&#8230;<\/p>\n<p class=\"read-more\"><a class=\"btn btn-default\" href=\"https:\/\/wordpress.nibis.de\/gssandhorst\/lesekoffer\/\">Weiterlesen<span class=\"screen-reader-text\"> Weiterlesen<\/span><\/a><\/p>\n","protected":false},"author":671,"featured_media":0,"parent":0,"menu_order":0,"comment_status":"closed","ping_status":"closed","template":"","meta":{"footnotes":""},"class_list":["post-1271","page","type-page","status-publish","hentry"],"_links":{"self":[{"href":"https:\/\/wordpress.nibis.de\/gssandhorst\/wp-json\/wp\/v2\/pages\/1271","targetHints":{"allow":["GET"]}}],"collection":[{"href":"https:\/\/wordpress.nibis.de\/gssandhorst\/wp-json\/wp\/v2\/pages"}],"about":[{"href":"https:\/\/wordpress.nibis.de\/gssandhorst\/wp-json\/wp\/v2\/types\/page"}],"author":[{"embeddable":true,"href":"https:\/\/wordpress.nibis.de\/gssandhorst\/wp-json\/wp\/v2\/users\/671"}],"replies":[{"embeddable":true,"href":"https:\/\/wordpress.nibis.de\/gssandhorst\/wp-json\/wp\/v2\/comments?post=1271"}],"version-history":[{"count":2,"href":"https:\/\/wordpress.nibis.de\/gssandhorst\/wp-json\/wp\/v2\/pages\/1271\/revisions"}],"predecessor-version":[{"id":1283,"href":"https:\/\/wordpress.nibis.de\/gssandhorst\/wp-json\/wp\/v2\/pages\/1271\/revisions\/1283"}],"wp:attachment":[{"href":"https:\/\/wordpress.nibis.de\/gssandhorst\/wp-json\/wp\/v2\/media?parent=1271"}],"curies":[{"name":"wp","href":"https:\/\/api.w.org\/{rel}","templated":true}]}}