{"id":1273,"date":"2021-10-04T20:55:15","date_gmt":"2021-10-04T18:55:15","guid":{"rendered":"https:\/\/wordpress.nibis.de\/gssandhorst\/?page_id=1273"},"modified":"2021-10-04T22:32:26","modified_gmt":"2021-10-04T20:32:26","slug":"muellsammelaktion","status":"publish","type":"page","link":"https:\/\/wordpress.nibis.de\/gssandhorst\/muellsammelaktion\/","title":{"rendered":"M\u00fcllsammelaktion"},"content":{"rendered":"\n<p>Jedes Jahr beteiligen sich unsere Sandhorstschule an der allj\u00e4hrlichen M\u00fcllsammelaktion, zu der die AWIGO landkreisweit aufruft. Alle Sch\u00fclerInnen sammeln eifrig rund um unsere Schule viel M\u00fcll und Unrat ein. Mit gelben Warnwesten, Einmalhandschuhen, M\u00fcllzangen und -s\u00e4cken best\u00fcckt, ziehen sie mit ihren LehrerInnen durch die Stra\u00dfen in Bennien.<\/p>\n<p>Auf ihrer Tour im weiteren Umkreis der Schule finden sie viele Flaschen, Scherben, T\u00fcten und manchmal auch Reste von alten Autoreifen.<br \/>Diesen M\u00fcll bringen die Sch\u00fcler zum Sammelplatz auf den Schulhof und entsorgen ihn im dort aufgestellten Container. Bei dieser Gelegenheit wird der Schulhof selber nat\u00fcrlich auch immer vom M\u00fcll befreit!<\/p>\n<p>Am Ende sind sich immer alle Beteiligten einig, dass es lohnenswert ist und es auch Spa\u00df macht. Zudem f\u00f6rdert es den Blick f\u00fcr die Umwelt und die Bereitschaft, keinen Abfall dort zu entsorgen.<\/p>\n","protected":false},"excerpt":{"rendered":"<p>Jedes Jahr beteiligen sich unsere Sandhorstschule an der allj\u00e4hrlichen M\u00fcllsammelaktion, zu der die AWIGO landkreisweit aufruft. Alle Sch\u00fclerInnen sammeln eifrig rund um unsere Schule viel M\u00fcll und Unrat ein. Mit gelben Warnwesten, Einmalhandschuhen, M\u00fcllzangen und -s\u00e4cken best\u00fcckt, ziehen sie mit ihren LehrerInnen durch die Stra\u00dfen in Bennien. Auf ihrer Tour im weiteren Umkreis der Schule finden sie viele Flaschen, Scherben, T\u00fcten und manchmal auch Reste von alten Autoreifen.Diesen M\u00fcll bringen die Sch\u00fcler zum Sammelplatz auf den Schulhof und entsorgen ihn&#8230;<\/p>\n<p class=\"read-more\"><a class=\"btn btn-default\" href=\"https:\/\/wordpress.nibis.de\/gssandhorst\/muellsammelaktion\/\">Weiterlesen<span class=\"screen-reader-text\"> Weiterlesen<\/span><\/a><\/p>\n","protected":false},"author":671,"featured_media":0,"parent":0,"menu_order":0,"comment_status":"closed","ping_status":"closed","template":"","meta":{"footnotes":""},"class_list":["post-1273","page","type-page","status-publish","hentry"],"_links":{"self":[{"href":"https:\/\/wordpress.nibis.de\/gssandhorst\/wp-json\/wp\/v2\/pages\/1273","targetHints":{"allow":["GET"]}}],"collection":[{"href":"https:\/\/wordpress.nibis.de\/gssandhorst\/wp-json\/wp\/v2\/pages"}],"about":[{"href":"https:\/\/wordpress.nibis.de\/gssandhorst\/wp-json\/wp\/v2\/types\/page"}],"author":[{"embeddable":true,"href":"https:\/\/wordpress.nibis.de\/gssandhorst\/wp-json\/wp\/v2\/users\/671"}],"replies":[{"embeddable":true,"href":"https:\/\/wordpress.nibis.de\/gssandhorst\/wp-json\/wp\/v2\/comments?post=1273"}],"version-history":[{"count":2,"href":"https:\/\/wordpress.nibis.de\/gssandhorst\/wp-json\/wp\/v2\/pages\/1273\/revisions"}],"predecessor-version":[{"id":1291,"href":"https:\/\/wordpress.nibis.de\/gssandhorst\/wp-json\/wp\/v2\/pages\/1273\/revisions\/1291"}],"wp:attachment":[{"href":"https:\/\/wordpress.nibis.de\/gssandhorst\/wp-json\/wp\/v2\/media?parent=1273"}],"curies":[{"name":"wp","href":"https:\/\/api.w.org\/{rel}","templated":true}]}}