{"id":138,"date":"2014-06-23T21:52:12","date_gmt":"2014-06-23T19:52:12","guid":{"rendered":"http:\/\/wordpress.nibis.de\/gssandhorst\/?page_id=138"},"modified":"2021-10-04T15:14:44","modified_gmt":"2021-10-04T13:14:44","slug":"buecherei","status":"publish","type":"page","link":"https:\/\/wordpress.nibis.de\/gssandhorst\/buecherei\/","title":{"rendered":"B\u00fccherei"},"content":{"rendered":"<p>Die Ortsbibliothek Bruchm\u00fchlen befindet sich im neu erbauten Trakt der Sandhorstschule in einem hell und freundlich eingerichteten Raum. Alle Sch\u00fclerInnen besuchen sie regelm\u00e4\u00dfig w\u00e4hrend des Schulvormittags. Als zentraler Ort des Lesens hat die Nutzung der Bibliothek die gro\u00dfe Chance, die Lesemotivation und Lesekompetenz aller Sch\u00fclerInnen zu st\u00e4rken.<\/p>\n\n\n<p>Die Bibliothek ist f\u00fcr die \u00d6ffentlichkeit montags in der Zeit von 15 bis 16 Uhr und am jeweils ersten Samstag im Monat in der Zeit von 9.30 bis 10.30 Uhr ge\u00f6ffnet. Beim Besuch der R\u00e4umlichkeiten gelten die aktuellen Corona-Auflagen.<\/p>\n<div id='gallery-1' class='gallery galleryid-138 gallery-columns-3 gallery-size-large'><figure class='gallery-item'>\n\t\t\t<div class='gallery-icon landscape'>\n\t\t\t\t<a href='https:\/\/wordpress.nibis.de\/gssandhorst\/img_20511-1\/'><img loading=\"lazy\" decoding=\"async\" width=\"640\" height=\"480\" src=\"https:\/\/wordpress.nibis.de\/gssandhorst\/files\/IMG_20511-1-640x480.jpg\" class=\"attachment-large size-large\" alt=\"\" srcset=\"https:\/\/wordpress.nibis.de\/gssandhorst\/files\/IMG_20511-1-640x480.jpg 640w, https:\/\/wordpress.nibis.de\/gssandhorst\/files\/IMG_20511-1-300x225.jpg 300w, https:\/\/wordpress.nibis.de\/gssandhorst\/files\/IMG_20511-1-768x576.jpg 768w, https:\/\/wordpress.nibis.de\/gssandhorst\/files\/IMG_20511-1-1536x1152.jpg 1536w, https:\/\/wordpress.nibis.de\/gssandhorst\/files\/IMG_20511-1-2048x1536.jpg 2048w, https:\/\/wordpress.nibis.de\/gssandhorst\/files\/IMG_20511-1-360x270.jpg 360w\" sizes=\"auto, (max-width: 640px) 100vw, 640px\" \/><\/a>\n\t\t\t<\/div><\/figure><figure class='gallery-item'>\n\t\t\t<div class='gallery-icon landscape'>\n\t\t\t\t<a href='https:\/\/wordpress.nibis.de\/gssandhorst\/buecherei\/img_20561\/'><img loading=\"lazy\" decoding=\"async\" width=\"640\" height=\"480\" src=\"https:\/\/wordpress.nibis.de\/gssandhorst\/files\/IMG_20561-640x480.jpg\" class=\"attachment-large size-large\" alt=\"\" srcset=\"https:\/\/wordpress.nibis.de\/gssandhorst\/files\/IMG_20561-640x480.jpg 640w, https:\/\/wordpress.nibis.de\/gssandhorst\/files\/IMG_20561-300x225.jpg 300w, https:\/\/wordpress.nibis.de\/gssandhorst\/files\/IMG_20561-768x576.jpg 768w, https:\/\/wordpress.nibis.de\/gssandhorst\/files\/IMG_20561-1536x1152.jpg 1536w, https:\/\/wordpress.nibis.de\/gssandhorst\/files\/IMG_20561-2048x1536.jpg 2048w, https:\/\/wordpress.nibis.de\/gssandhorst\/files\/IMG_20561-360x270.jpg 360w\" sizes=\"auto, (max-width: 640px) 100vw, 640px\" \/><\/a>\n\t\t\t<\/div><\/figure><figure class='gallery-item'>\n\t\t\t<div class='gallery-icon landscape'>\n\t\t\t\t<a href='https:\/\/wordpress.nibis.de\/gssandhorst\/buecherei\/img_e20531\/'><img loading=\"lazy\" decoding=\"async\" width=\"640\" height=\"480\" src=\"https:\/\/wordpress.nibis.de\/gssandhorst\/files\/IMG_E20531-640x480.jpg\" class=\"attachment-large size-large\" alt=\"\" srcset=\"https:\/\/wordpress.nibis.de\/gssandhorst\/files\/IMG_E20531-640x480.jpg 640w, https:\/\/wordpress.nibis.de\/gssandhorst\/files\/IMG_E20531-300x225.jpg 300w, https:\/\/wordpress.nibis.de\/gssandhorst\/files\/IMG_E20531-768x576.jpg 768w, https:\/\/wordpress.nibis.de\/gssandhorst\/files\/IMG_E20531-1536x1152.jpg 1536w, https:\/\/wordpress.nibis.de\/gssandhorst\/files\/IMG_E20531-2048x1536.jpg 2048w, https:\/\/wordpress.nibis.de\/gssandhorst\/files\/IMG_E20531-360x270.jpg 360w\" sizes=\"auto, (max-width: 640px) 100vw, 640px\" \/><\/a>\n\t\t\t<\/div><\/figure><figure class='gallery-item'>\n\t\t\t<div class='gallery-icon landscape'>\n\t\t\t\t<a href='https:\/\/wordpress.nibis.de\/gssandhorst\/buecherei\/img_e20541\/'><img loading=\"lazy\" decoding=\"async\" width=\"640\" height=\"480\" src=\"https:\/\/wordpress.nibis.de\/gssandhorst\/files\/IMG_E20541-640x480.jpg\" class=\"attachment-large size-large\" alt=\"\" srcset=\"https:\/\/wordpress.nibis.de\/gssandhorst\/files\/IMG_E20541-640x480.jpg 640w, https:\/\/wordpress.nibis.de\/gssandhorst\/files\/IMG_E20541-300x225.jpg 300w, https:\/\/wordpress.nibis.de\/gssandhorst\/files\/IMG_E20541-768x576.jpg 768w, https:\/\/wordpress.nibis.de\/gssandhorst\/files\/IMG_E20541-1536x1152.jpg 1536w, https:\/\/wordpress.nibis.de\/gssandhorst\/files\/IMG_E20541-2048x1536.jpg 2048w, https:\/\/wordpress.nibis.de\/gssandhorst\/files\/IMG_E20541-360x270.jpg 360w\" sizes=\"auto, (max-width: 640px) 100vw, 640px\" \/><\/a>\n\t\t\t<\/div><\/figure><figure class='gallery-item'>\n\t\t\t<div class='gallery-icon landscape'>\n\t\t\t\t<a href='https:\/\/wordpress.nibis.de\/gssandhorst\/buecherei\/img_2055\/'><img loading=\"lazy\" decoding=\"async\" width=\"640\" height=\"480\" src=\"https:\/\/wordpress.nibis.de\/gssandhorst\/files\/IMG_2055-640x480.jpg\" class=\"attachment-large size-large\" alt=\"\" srcset=\"https:\/\/wordpress.nibis.de\/gssandhorst\/files\/IMG_2055-640x480.jpg 640w, https:\/\/wordpress.nibis.de\/gssandhorst\/files\/IMG_2055-300x225.jpg 300w, https:\/\/wordpress.nibis.de\/gssandhorst\/files\/IMG_2055-768x576.jpg 768w, https:\/\/wordpress.nibis.de\/gssandhorst\/files\/IMG_2055-1536x1152.jpg 1536w, https:\/\/wordpress.nibis.de\/gssandhorst\/files\/IMG_2055-2048x1536.jpg 2048w, https:\/\/wordpress.nibis.de\/gssandhorst\/files\/IMG_2055-360x270.jpg 360w\" sizes=\"auto, (max-width: 640px) 100vw, 640px\" \/><\/a>\n\t\t\t<\/div><\/figure>\n\t\t<\/div>\n\n<p>\u00a0 \u00a0 \u00a0<\/p>\n<p>\u00a0 \u00a0 \u00a0<\/p>\n","protected":false},"excerpt":{"rendered":"<p>Die Ortsbibliothek Bruchm\u00fchlen befindet sich im neu erbauten Trakt der Sandhorstschule in einem hell und freundlich eingerichteten Raum. Alle Sch\u00fclerInnen besuchen sie regelm\u00e4\u00dfig w\u00e4hrend des Schulvormittags. Als zentraler Ort des Lesens hat die Nutzung der Bibliothek die gro\u00dfe Chance, die Lesemotivation und Lesekompetenz aller Sch\u00fclerInnen zu st\u00e4rken. Die Bibliothek ist f\u00fcr die \u00d6ffentlichkeit montags in der Zeit von 15 bis 16 Uhr und am jeweils ersten Samstag im Monat in der Zeit von 9.30 bis 10.30 Uhr ge\u00f6ffnet. Beim Besuch&#8230;<\/p>\n<p class=\"read-more\"><a class=\"btn btn-default\" href=\"https:\/\/wordpress.nibis.de\/gssandhorst\/buecherei\/\">Weiterlesen<span class=\"screen-reader-text\"> Weiterlesen<\/span><\/a><\/p>\n","protected":false},"author":349,"featured_media":0,"parent":0,"menu_order":0,"comment_status":"closed","ping_status":"closed","template":"","meta":{"footnotes":""},"class_list":["post-138","page","type-page","status-publish","hentry"],"_links":{"self":[{"href":"https:\/\/wordpress.nibis.de\/gssandhorst\/wp-json\/wp\/v2\/pages\/138","targetHints":{"allow":["GET"]}}],"collection":[{"href":"https:\/\/wordpress.nibis.de\/gssandhorst\/wp-json\/wp\/v2\/pages"}],"about":[{"href":"https:\/\/wordpress.nibis.de\/gssandhorst\/wp-json\/wp\/v2\/types\/page"}],"author":[{"embeddable":true,"href":"https:\/\/wordpress.nibis.de\/gssandhorst\/wp-json\/wp\/v2\/users\/349"}],"replies":[{"embeddable":true,"href":"https:\/\/wordpress.nibis.de\/gssandhorst\/wp-json\/wp\/v2\/comments?post=138"}],"version-history":[{"count":5,"href":"https:\/\/wordpress.nibis.de\/gssandhorst\/wp-json\/wp\/v2\/pages\/138\/revisions"}],"predecessor-version":[{"id":1220,"href":"https:\/\/wordpress.nibis.de\/gssandhorst\/wp-json\/wp\/v2\/pages\/138\/revisions\/1220"}],"wp:attachment":[{"href":"https:\/\/wordpress.nibis.de\/gssandhorst\/wp-json\/wp\/v2\/media?parent=138"}],"curies":[{"name":"wp","href":"https:\/\/api.w.org\/{rel}","templated":true}]}}