{"id":17,"date":"2014-05-27T17:11:13","date_gmt":"2014-05-27T15:11:13","guid":{"rendered":"http:\/\/wordpress.nibis.de\/gssandhorst\/?page_id=17"},"modified":"2021-10-04T22:24:06","modified_gmt":"2021-10-04T20:24:06","slug":"unsere-schule","status":"publish","type":"page","link":"https:\/\/wordpress.nibis.de\/gssandhorst\/unsere-schule\/","title":{"rendered":"Unsere Schule"},"content":{"rendered":"<p>Die Sandhorstschule Bruchm\u00fchlen ist eine idyllisch gelegene Grundschule am gr\u00fcnen Dorfrand Bruchm\u00fchlens. Sie existiert seit 1954. Unsere Schule besuchen circa 110 Sch\u00fclerInnen in ein- bis zweiz\u00fcgigen Jahrg\u00e4ngen mit kleinen Klassen von im Durchschnitt 15 Sch\u00fclerInnen. Zum Kollegium geh\u00f6ren sieben Lehrerinnen und zwei Lehrer. Unterst\u00fctzt werden diese durch eine F\u00f6rderschulkraft, eine Vertretungslehrerin, zwei Bundesfreiwilligen und vier p\u00e4dagogischen Mitarbeiterinnen. Des Weiteren geh\u00f6ren zum Team die Sekret\u00e4rin und der Hausmeister.<\/p>\n<p>Im Jahre 2020 wurde die Sandhorstschule um einen zus\u00e4tzlichen Anbau erweitert. Zus\u00e4tzlich zu den acht Klassenr\u00e4umen gibt es einen Computerraum, einen Musikraum, einen Werkraum, einen Betreuungsraum, eine K\u00fcche mit anschlie\u00dfender Mensa sowie mehrere Differnzierungsr\u00e4ume. Die im Schulgeb\u00e4ude liegende Ortsbibliothek steht auch den Sch\u00fclerInnen zur Verf\u00fcgung. Zum Schulkomplex geh\u00f6ren au\u00dferdem eine Turnhalle und ein Sportplatz.<\/p>\n<p>Der gro\u00dfz\u00fcgig angelegte Schulhof besteht sowohl aus einer Asphaltfl\u00e4che als auch aus einer Rasenfl\u00e4che. Pausenspielzeug (Racer, Roller, Stelzen, B\u00e4lle, Seile,\u2026), Turnger\u00e4te (Kletterwand, Rutsche,\u2026), Tischtennisplatten, Hinkespiele, ein Sandkasten und ein Bolzplatz bieten unseren Sch\u00fclerInnen viele M\u00f6glichkeiten zur Pausengestaltung. Au\u00dferdem ist auf dem Schulhof ein \u201eGr\u00fcnes Klassenzimmer\u201c angelegt worden.<\/p>\n<p>Ab dem Schuljahr 2016\/2017 wird die Sandhorstschule als eine Ganztagsschule mit einem Betreuungs- und AG-Angebot bis 15.30 Uhr gef\u00fchrt.<\/p>\n<p>N\u00e4heres zum Thema Ganztagsschule finden Sie auf der entsprechenden Seite.<\/p>\n","protected":false},"excerpt":{"rendered":"<p>Die Sandhorstschule Bruchm\u00fchlen ist eine idyllisch gelegene Grundschule am gr\u00fcnen Dorfrand Bruchm\u00fchlens. Sie existiert seit 1954. Unsere Schule besuchen circa 110 Sch\u00fclerInnen in ein- bis zweiz\u00fcgigen Jahrg\u00e4ngen mit kleinen Klassen von im Durchschnitt 15 Sch\u00fclerInnen. Zum Kollegium geh\u00f6ren sieben Lehrerinnen und zwei Lehrer. Unterst\u00fctzt werden diese durch eine F\u00f6rderschulkraft, eine Vertretungslehrerin, zwei Bundesfreiwilligen und vier p\u00e4dagogischen Mitarbeiterinnen. Des Weiteren geh\u00f6ren zum Team die Sekret\u00e4rin und der Hausmeister. Im Jahre 2020 wurde die Sandhorstschule um einen zus\u00e4tzlichen Anbau erweitert. Zus\u00e4tzlich zu&#8230;<\/p>\n<p class=\"read-more\"><a class=\"btn btn-default\" href=\"https:\/\/wordpress.nibis.de\/gssandhorst\/unsere-schule\/\">Weiterlesen<span class=\"screen-reader-text\"> Weiterlesen<\/span><\/a><\/p>\n","protected":false},"author":349,"featured_media":0,"parent":0,"menu_order":0,"comment_status":"closed","ping_status":"closed","template":"","meta":{"footnotes":""},"class_list":["post-17","page","type-page","status-publish","hentry"],"_links":{"self":[{"href":"https:\/\/wordpress.nibis.de\/gssandhorst\/wp-json\/wp\/v2\/pages\/17","targetHints":{"allow":["GET"]}}],"collection":[{"href":"https:\/\/wordpress.nibis.de\/gssandhorst\/wp-json\/wp\/v2\/pages"}],"about":[{"href":"https:\/\/wordpress.nibis.de\/gssandhorst\/wp-json\/wp\/v2\/types\/page"}],"author":[{"embeddable":true,"href":"https:\/\/wordpress.nibis.de\/gssandhorst\/wp-json\/wp\/v2\/users\/349"}],"replies":[{"embeddable":true,"href":"https:\/\/wordpress.nibis.de\/gssandhorst\/wp-json\/wp\/v2\/comments?post=17"}],"version-history":[{"count":8,"href":"https:\/\/wordpress.nibis.de\/gssandhorst\/wp-json\/wp\/v2\/pages\/17\/revisions"}],"predecessor-version":[{"id":1289,"href":"https:\/\/wordpress.nibis.de\/gssandhorst\/wp-json\/wp\/v2\/pages\/17\/revisions\/1289"}],"wp:attachment":[{"href":"https:\/\/wordpress.nibis.de\/gssandhorst\/wp-json\/wp\/v2\/media?parent=17"}],"curies":[{"name":"wp","href":"https:\/\/api.w.org\/{rel}","templated":true}]}}