{"id":406,"date":"2016-06-07T16:39:41","date_gmt":"2016-06-07T14:39:41","guid":{"rendered":"http:\/\/wordpress.nibis.de\/gssandhorst\/?page_id=406"},"modified":"2023-04-25T12:28:53","modified_gmt":"2023-04-25T10:28:53","slug":"ganztagsschule","status":"publish","type":"page","link":"https:\/\/wordpress.nibis.de\/gssandhorst\/ganztagsschule\/","title":{"rendered":"Ganztagsschule"},"content":{"rendered":"\n<h3><strong>Informationen zum Ganztagsangebot<\/strong><\/h3>\n<h4>\u00a0<\/h4>\n<h4><strong style=\"color: initial\">Allgemein:<\/strong><\/h4>\n<p>Die nieders\u00e4chsischen Grundschulen sind verl\u00e4sslich, d.h. f\u00fcr alle Schulkinder ist ein t\u00e4glich mindestens f\u00fcnf Zeitstunden umfassendes Schulangebot sichergestellt und umfasst den Schulunterricht sowie das wahlfreie au\u00dferunterrichtliche Angebot (Verl\u00e4ssliche Grundschule).<\/p>\n<p>Die Offene Ganztagsschule schlie\u00dft an die Verl\u00e4ssliche Grundschule zeitlich an und umfasst das Mittagessen und die anschlie\u00dfenden Betreuungszeiten.<\/p>\n<p>Im Rahmen der Offenen Ganztagsschule bietet die Schule f\u00fcr die Schulkinder nach dem Regelunterricht Mittagessen, Lern- und Aufgabenzeit und eine Spielzeit an.<\/p>\n<p>Das Ganztagsangebot findet von Montag bis Donnerstag in der Zeit von 13.00 \u2013 15.30 Uhr unter Beteiligung von Lehrkr\u00e4ften, P\u00e4dagogischen MitarbeiterInnen und externen Kooperationspartnern statt.<\/p>\n<p>\u00a0<\/p>\n<h4><strong>Anmeldung zur Verl\u00e4sslichen Grundschule bzw. zum Offenen Ganztag:<\/strong><\/h4>\n<p>Zur Teilnahme an der Verl\u00e4sslichen Grundschule und der Offenen Ganztagsschule &#8211; \u00a0ist eine Anmeldung erforderlich.<\/p>\n<p>Die Teilnahme an diesen Angeboten ist grunds\u00e4tzlich freiwillig. Sie k\u00f6nnen Ihr Kind f\u00fcr die<\/p>\n<ul>\n<li>Verl\u00e4ssliche Grundschule,<\/li>\n<li>Betreuung im Offenen Ganztag und<\/li>\n<li>Mittagsverpflegung<\/li>\n<\/ul>\n<p>anmelden. Eine Anmeldung f\u00fcr einzelne Tage ist m\u00f6glich. Die jeweilige Anmeldung ist dann f\u00fcr ein Schulhalbjahr <strong>verbindlich <\/strong>&#8211; und abgesehen vom Mittagessen &#8211; kostenfrei. Kreuzen Sie daher bitte auf dem Anmeldeformular an, ob und an welchen Tagen Ihr Kind an der Betreuung in der Verl\u00e4sslichen Grundschule und\/oder an der Mittagsverpflegung sowie an den Betreuungsangeboten im Rahmen der Offenen Ganztagsschule teilnimmt.<\/p>\n<h4><u>Wichtig:<\/u><\/h4>\n<p><strong>Mit Anmeldung besteht dann die Pflicht f\u00fcr die Dauer eines Schulhalbjahres am Ganztagsangebot regelm\u00e4\u00dfig und im vollen zeitlichen Umfang des gew\u00e4hlten Angebotes teilzunehmen. Die Verl\u00e4ssliche Grundschule endet um 13.00 Uhr, der Ganztag endet um 15.30 Uhr. <\/strong><\/p>\n<p><strong>Angemeldete Kinder k\u00f6nnen nur in Ausnahmef\u00e4llen vor Ende der Betreuungszeit abgeholt werden. <\/strong><\/p>\n<p>\u00a0<\/p>\n<h4><strong>Betreuungszeiten:<\/strong><\/h4>\n<h4><u>a.) Verl\u00e4ssliche Grundschule (ohne Mittagessen):<\/u><\/h4>\n<p>Das wahlfreie au\u00dferunterrichtliche Angebot stellt sicher, dass f\u00fcr die Schulkinder der Jahrg\u00e4nge 1 bis 4 t\u00e4glich mindestens ein f\u00fcnf Zeitstunden umfassendes Schulangebot besteht. Aufgrund der unterschiedlichen Stundentafeln der Schuljahrg\u00e4nge erfolgt eine Unterteilung nach Jahrg\u00e4ngen:<\/p>\n<ul>\n<li><u>Jahrgang 1 + 2: <\/u><\/li>\n<\/ul>\n<p>Anmeldung zur Betreuung montags bis freitags: 11.45 \u2013 13.00 Uhr<\/p>\n<ul>\n<li><u>Jahrgang 3 + 4: <\/u><\/li>\n<\/ul>\n<p>Anmeldung zur Betreuung montags bis freitags: Ende der letzten Schulstunde bis 13.00 Uhr<\/p>\n<h4><u><br \/>b.) Offene Ganztagsschule:<\/u><\/h4>\n<p>Die Offene Ganztagsschule findet in der Zeit von 13.00 \u2013 15.30 Uhr statt.<\/p>\n<ul>\n<li>13.00 \u2013 13.45 Uhr: Mittagessen (mit oder ohne Essen) und betreute Pause<\/li>\n<li>13.45 \u2013 14.30 Uhr: Lern- und Aufgabenzeit: Hausaufgabenbetreuung<\/li>\n<li>14.30 \u2013 15.30 Uhr: Spielzeit: AG-Angebot<\/li>\n<\/ul>\n<p>\u00a0<\/p>\n<h4><strong>Berechnung des Mittagessenbeitrages:<\/strong><\/h4>\n<p>Die H\u00f6he des Mittagessenbeitrages ist abh\u00e4ngig von der Anzahl der Essen pro Woche und wird pauschal erhoben. Der so ermittelte Essenbeitrag wird 11 Monate per SEPA-Lastschrifterm\u00e4chtigung von Ihrem Konto abgebucht. Der Betrag ist an Feiertagen oder Ferientagen weiter zu zahlen.<\/p>\n<p>\u00a0<\/p>\n<h4><strong>Informationen zur Abbuchung des Essenbeitrages\/SEPA-Lastschriftverfahren<\/strong><\/h4>\n<p>Wenn Sie Ihr Kind im Rahmen der Ganztagsschule zum Mittagessen anmelden und der Schule eine entsprechende SEPA-Lastschrifterm\u00e4chtigung vorliegt bzw. erteilt worden ist, wird der immer gleichbleibende Monatsbetrag in H\u00f6he von<\/p>\n<ul>\n<li>12,50 \u20ac\/Monat bei 1 x Essen pro Woche<\/li>\n<li>25,00 \u20ac\/Monat bei 2 x Essen pro Woche<\/li>\n<li>37,50 \u20ac\/Monat bei 3 x Essen pro Woche<\/li>\n<li>50,00 \u20ac\/Monat bei 4 x Essen pro Woche<\/li>\n<\/ul>\n<p><u>jeweils am 1. Werktag des Monats<\/u> von Ihrem Konto abgebucht. Die letzte Abbuchung im 1. Halbjahr erfolgt dann immer im <strong>Januar<\/strong>.<\/p>\n<p>Die SEPA-Lastschrifterm\u00e4chtigung, die der Schule aus dem vorherigen Schuljahr vorliegt, beh\u00e4lt ihre G\u00fcltigkeit. \u00c4nderungen Ihrer Bankverbindungen teilen Sie bitte unverz\u00fcglich im Sekretariat mit.<\/p>\n<p>Die Kinder, die das erste Mal zum Mittagessen angemeldet werden, erhalten ein personalisiertes <strong>SEPA-Lastschriftformular<\/strong> zum Ausf\u00fcllen, welches im Sekretariat abzugeben ist.<\/p>\n<h4><u>Wichtig:<\/u><\/h4>\n<p>Achten Sie im Interesse Ihres Kindes bitte stets darauf, dass der Essenbeitrag von Ihrem Konto abgebucht werden kann. Folgekosten durch zur\u00fcckgezogene Lastschriften werden Ihnen in Rechnung gestellt. Sollte das Geld von Ihrem Konto nicht abgebucht werden k\u00f6nnen, erh\u00e4lt Ihr Kind in der Schule kein Mittagessen mehr. In diesem Fall geben Sie Ihrem Kind bitte eine ausreichende kalte Mahlzeit mit.<\/p>\n<p>\u00a0<\/p>\n<h4><strong>Mittagessen<\/strong><\/h4>\n<p>Das Mittagessen beinhaltet einen Hauptgang und einen Nachtisch. Getr\u00e4nke stehen bereit.<\/p>\n<p>Das Mittagessen wird in der Schule aufgew\u00e4rmt bzw. zubereitet und in der Gruppe unter Aufsicht eingenommen. Auf Unvertr\u00e4glichkeiten bzw. Nahrungsmittelallergien wird R\u00fccksicht genommen. Alle Speisen sind grunds\u00e4tzlich ohne Schweinefleisch. Vegetarische Speisen sind m\u00f6glich. Die Mittagsverpflegung findet in der Mensa der Schule statt.<\/p>\n<p>Es besteht keine Verpflichtung an der Mittagsverpflegung der Schule teilzunehmen. Sie k\u00f6nnen Ihrem Kind eine kalte Mahlzeit als Mittagessen mitgeben.<\/p>\n<p>Die Kinder, die sich selbst verpflegen, nehmen ihr Essen ebenfalls gemeinsam unter Aufsicht ein.<\/p>\n<p>\u00a0<\/p>\n<h4><strong>Regelungen mit Essensgutscheinen<\/strong><\/h4>\n<p>Beziehen Sie Leistungen nach SGB II o.\u00e4. und beantragen daher die \u00dcbernahme des Mittagessenbeitrages, wenden Sie sich bitte an die Ma\u00dfarbeit, Jobcenter des Landkreises Osnabr\u00fcck. Bei Vorliegen der Voraussetzungen erhalten Sie von dort einen Essensgutschein und das Mittagessen ist f\u00fcr Ihr Kind dann kostenfrei.<\/p>\n<p>Sollten Sie f\u00fcr Ihr Kind einen Essensgutschein von der Ma\u00dfarbeit, Jobcenter des Landkreises Osnabr\u00fcck erhalten, muss dieser aus buchungstechnischen Gr\u00fcnden am <strong>15. des Vormonats<\/strong> im Sekretariat der Schule vorliegen. Sp\u00e4ter abgegebene Gutscheine k\u00f6nnen nicht mehr ber\u00fccksichtigt werden, so dass der volle Essenbeitrag von Ihnen zu zahlen ist. Eine Ber\u00fccksichtigung des Gutscheines ist dann erst im n\u00e4chsten Monat m\u00f6glich.<\/p>\n<p>\u00a0<\/p>\n<h4><strong>Betreuung in Pandemiezeiten<\/strong><\/h4>\n<p>Aus aktuellem Anlass k\u00f6nnen Betreuungen der Verl\u00e4sslichen Grundschule sowie der<\/p>\n<p>Ganztagsbetreuung nur eingeschr\u00e4nkt unter Beibehaltung der eingeteilten Gruppen (Kohorten) stattfinden.<\/p>\n<p>Des Weiteren ist der Ablauf des Ganztages nur zul\u00e4ssig, wenn die aktuell g\u00fcltigen Hygieneregeln an der Schule eingehalten werden. Diese k\u00f6nnen Sie gerne auf der Schulhomepage einsehen.<\/p>\n<p>Der Ablauf und die Durchf\u00fchrung des Ganztages inklusive der Mittagsverpflegung richten sich nach der Entwicklung des Infektionsgeschehens und m\u00fcssen ggfls. immer wieder den geltenden Regelungen entsprechend angepasst werden.<\/p>\n<p>\u00a0<\/p>\n<h4><strong>Lern- und Aufgabenzeit: Hausaufgabenbetreuung<\/strong><\/h4>\n<p>Die Hausaufgabenbetreuung findet in Kleingruppen bis max. 15 Sch\u00fcler statt.<\/p>\n<p>Die Teilnahme an der Hausaufgabenbetreuung ist keine Garantie f\u00fcr die Richtigkeit oder Vollst\u00e4ndigkeit der Hausaufgaben.<\/p>\n<p>Bitte kontrollieren Sie weiterhin, ob Ihr Kind alle Hausaufgaben in der Hausaufgabenbetreuung erledigen konnte oder ob noch weitere Aufgaben (Lesen, Lernen f\u00fcr Klassenarbeiten etc.) anstehen, die zu Hause beendet werden m\u00fcssen.<\/p>\n<p>\u00a0<\/p>\n<h4><strong>Spielzeit: AG Angebote<\/strong><\/h4>\n<p>F\u00fcr die Jahrg\u00e4nge 1 + 2 werden P\u00e4dagogische MitarbeiterInnen ein auf die Bed\u00fcrfnisse dieser Altersstufe ausgerichtetes Angebot bereithalten.<\/p>\n<p>Die thematischen AG Angebote sind den Jahrg\u00e4ngen 3 + 4 vorbehalten und k\u00f6nnen aus der Anmeldeliste ausgew\u00e4hlt werden.<\/p>\n<p>\u00a0<\/p>\n<h4><strong>Herkunftssprachlicher Unterricht<\/strong><\/h4>\n<p>Der herkunftssprachliche Unterricht ist f\u00fcr die gesamte Grundschulzeit verbindlich.<\/p>\n<p>\u00a0<\/p>\n<h4><strong>Abmeldungen<\/strong><strong>\u00a0<\/strong><\/h4>\n<p>Im Fall einer Erkrankung melden Sie Ihr Kind bitte morgens im Sekretariat bis 8.30 Uhr krank.<\/p>\n<p>Das Sekretariat ist unter der Telefonnummer <strong>05226 &#8211; 757 <\/strong>oder unter E-Mail <span style=\"color: #00ff00\"><a style=\"color: #00ff00\" href=\"&#x6d;a&#x69;&#108;&#x74;&#x6f;:&#x73;&#101;&#x6b;&#x72;e&#x74;&#97;&#x72;&#x69;a&#x74;&#64;&#x73;&#x61;n&#x64;&#104;&#x6f;&#x72;s&#x74;&#115;&#x63;&#x68;u&#x6c;&#101;&#x2e;&#x64;e\"><strong>&#x73;e&#x6b;&#114;&#x65;&#116;a&#x72;i&#x61;&#116;&#x40;&#115;a&#x6e;&#100;&#x68;&#111;r&#x73;t&#x73;&#99;&#x68;&#117;l&#x65;&#46;&#x64;&#101;<\/strong><\/a> <\/span>zu erreichen.<\/p>\n<p>\u00a0<\/p>\n<h4><strong>Erstattungen des Mittagessenbeitrages<\/strong><\/h4>\n<p>Im Krankheitsfall werden Erstattungen des Essenbeitrages nach 4 Krankheitstagen vorgenommen, wenn das Kind ordnungsgem\u00e4\u00df im Sekretariat krankgemeldet wurde und die Erstattung des Essenbeitrages innerhalb von 4 Wochen schriftlich im Sekretariat beantragt wird.<\/p>\n<p>Bei Klassenfahrten oder Kur-\/Erholungsaufenthalten kann nach vorheriger schriftlicher Mitteilung das Essensgeld erstattet werden.<\/p>\n<p>Bei einzelnen sonstigen Fehltagen erfolgt keine Erstattung.<\/p>\n<p>Kann das Mittagessen aus sonstigen Gr\u00fcnden (z.B. Pandemie) nicht stattfinden, wird der Mittagessenbeitrag erstattet.<\/p>\n","protected":false},"excerpt":{"rendered":"<p>Informationen zum Ganztagsangebot \u00a0 Allgemein: Die nieders\u00e4chsischen Grundschulen sind verl\u00e4sslich, d.h. f\u00fcr alle Schulkinder ist ein t\u00e4glich mindestens f\u00fcnf Zeitstunden umfassendes Schulangebot sichergestellt und umfasst den Schulunterricht sowie das wahlfreie au\u00dferunterrichtliche Angebot (Verl\u00e4ssliche Grundschule). Die Offene Ganztagsschule schlie\u00dft an die Verl\u00e4ssliche Grundschule zeitlich an und umfasst das Mittagessen und die anschlie\u00dfenden Betreuungszeiten. Im Rahmen der Offenen Ganztagsschule bietet die Schule f\u00fcr die Schulkinder nach dem Regelunterricht Mittagessen, Lern- und Aufgabenzeit und eine Spielzeit an. Das Ganztagsangebot findet von Montag bis&#8230;<\/p>\n<p class=\"read-more\"><a class=\"btn btn-default\" href=\"https:\/\/wordpress.nibis.de\/gssandhorst\/ganztagsschule\/\">Weiterlesen<span class=\"screen-reader-text\"> Weiterlesen<\/span><\/a><\/p>\n","protected":false},"author":671,"featured_media":0,"parent":0,"menu_order":0,"comment_status":"closed","ping_status":"closed","template":"","meta":{"footnotes":""},"class_list":["post-406","page","type-page","status-publish","hentry"],"_links":{"self":[{"href":"https:\/\/wordpress.nibis.de\/gssandhorst\/wp-json\/wp\/v2\/pages\/406","targetHints":{"allow":["GET"]}}],"collection":[{"href":"https:\/\/wordpress.nibis.de\/gssandhorst\/wp-json\/wp\/v2\/pages"}],"about":[{"href":"https:\/\/wordpress.nibis.de\/gssandhorst\/wp-json\/wp\/v2\/types\/page"}],"author":[{"embeddable":true,"href":"https:\/\/wordpress.nibis.de\/gssandhorst\/wp-json\/wp\/v2\/users\/671"}],"replies":[{"embeddable":true,"href":"https:\/\/wordpress.nibis.de\/gssandhorst\/wp-json\/wp\/v2\/comments?post=406"}],"version-history":[{"count":11,"href":"https:\/\/wordpress.nibis.de\/gssandhorst\/wp-json\/wp\/v2\/pages\/406\/revisions"}],"predecessor-version":[{"id":1581,"href":"https:\/\/wordpress.nibis.de\/gssandhorst\/wp-json\/wp\/v2\/pages\/406\/revisions\/1581"}],"wp:attachment":[{"href":"https:\/\/wordpress.nibis.de\/gssandhorst\/wp-json\/wp\/v2\/media?parent=406"}],"curies":[{"name":"wp","href":"https:\/\/api.w.org\/{rel}","templated":true}]}}