{"id":10,"date":"2013-08-13T19:57:18","date_gmt":"2013-08-13T17:57:18","guid":{"rendered":"http:\/\/wordpress.nibis.de\/gsscharn\/?page_id=10"},"modified":"2023-04-03T17:59:13","modified_gmt":"2023-04-03T16:59:13","slug":"uber-uns-2","status":"publish","type":"page","link":"https:\/\/wordpress.nibis.de\/gsscharn\/uber-uns-2\/","title":{"rendered":"Grundschule Scharnebeck"},"content":{"rendered":"\n<p>Die Grundschule Scharnebeck liegt im Herzen von Scharnebeck, direkt neben der Kirche St. Marien.<\/p>\n<p>Die Schule ist dreiz\u00fcgig. Etwa 230 Kinder werden von 20 Lehrerinnen und Lehrern unterrichtet. Unterst\u00fctzt werden wir von 6 p\u00e4dagogischen Mitarbeiterinnen und Mitarbeitern sowie einer Sozialarbeiterin.<\/p>\n<p>Der Unterricht findet t\u00e4glich von 8.00 &#8211; 13.00 Uhr (Di, Mi, Do) bzw. 8.15 &#8211; 13.00 Uhr (Mo, Fr) statt.<\/p>\n<p>\u00a0<\/p>\n","protected":false},"excerpt":{"rendered":"<p>Die Grundschule Scharnebeck liegt im Herzen von Scharnebeck, direkt neben der Kirche St. Marien. Die Schule ist dreiz\u00fcgig. Etwa 230 Kinder werden von 20 Lehrerinnen und Lehrern unterrichtet. Unterst\u00fctzt werden wir von 6 p\u00e4dagogischen Mitarbeiterinnen und Mitarbeitern sowie einer Sozialarbeiterin. Der Unterricht findet t\u00e4glich von 8.00 &#8211; 13.00 Uhr (Di, Mi, Do) bzw. 8.15 &#8211; 13.00 Uhr (Mo, Fr) statt. \u00a0<\/p>\n","protected":false},"author":176,"featured_media":2594,"parent":0,"menu_order":0,"comment_status":"closed","ping_status":"closed","template":"","meta":{"footnotes":""},"class_list":["post-10","page","type-page","status-publish","has-post-thumbnail","hentry"],"_links":{"self":[{"href":"https:\/\/wordpress.nibis.de\/gsscharn\/wp-json\/wp\/v2\/pages\/10","targetHints":{"allow":["GET"]}}],"collection":[{"href":"https:\/\/wordpress.nibis.de\/gsscharn\/wp-json\/wp\/v2\/pages"}],"about":[{"href":"https:\/\/wordpress.nibis.de\/gsscharn\/wp-json\/wp\/v2\/types\/page"}],"author":[{"embeddable":true,"href":"https:\/\/wordpress.nibis.de\/gsscharn\/wp-json\/wp\/v2\/users\/176"}],"replies":[{"embeddable":true,"href":"https:\/\/wordpress.nibis.de\/gsscharn\/wp-json\/wp\/v2\/comments?post=10"}],"version-history":[{"count":3,"href":"https:\/\/wordpress.nibis.de\/gsscharn\/wp-json\/wp\/v2\/pages\/10\/revisions"}],"predecessor-version":[{"id":2463,"href":"https:\/\/wordpress.nibis.de\/gsscharn\/wp-json\/wp\/v2\/pages\/10\/revisions\/2463"}],"wp:featuredmedia":[{"embeddable":true,"href":"https:\/\/wordpress.nibis.de\/gsscharn\/wp-json\/wp\/v2\/media\/2594"}],"wp:attachment":[{"href":"https:\/\/wordpress.nibis.de\/gsscharn\/wp-json\/wp\/v2\/media?parent=10"}],"curies":[{"name":"wp","href":"https:\/\/api.w.org\/{rel}","templated":true}]}}