{"id":1078,"date":"2016-03-03T22:46:51","date_gmt":"2016-03-03T20:46:51","guid":{"rendered":"http:\/\/wordpress.nibis.de\/gsscharn\/?page_id=1078"},"modified":"2016-03-03T22:46:51","modified_gmt":"2016-03-03T20:46:51","slug":"pc-fuehrerschein","status":"publish","type":"page","link":"https:\/\/wordpress.nibis.de\/gsscharn\/pc-fuehrerschein\/","title":{"rendered":"PC-F\u00fchrerschein"},"content":{"rendered":"<p>Um den PC als effektives Werkzeug f\u00e4cher\u00fcbergreifend nutzen zu k\u00f6nnen, ben\u00f6tigen die Sch\u00fclerinnen und Sch\u00fcler umfassendere, zusammenh\u00e4ngende Grundkenntnisse.<br \/>\nZu diesem Zweck wurde an der GS Scharnebeck der \u201eComputer-F\u00fchrerschein\u201c entwickelt. Er entstand zun\u00e4chst im Rahmen von Arbeitsgemeinschaften, wurde dann probeweise in Klassenverb\u00e4nden getestet und weiterentwickelt, bis er schlie\u00dflich in der heutigen Form in den Jahrg\u00e4ngen 3 und 4 implementiert wurde. Die Module 1 \u201eSteckbrief\u201c und 2 \u201eStundenplan\u201c finden \u00fcblicherweise am Beginn der 3. Klasse statt. Das Modul 3 \u201eInternet-Steckbrief\u201c findet (bisher nur nach individueller Absprache mit Klassen- oder Fachlehrern) im 4. Jahrgang statt.<\/p>\n\n","protected":false},"excerpt":{"rendered":"<p>Um den PC als effektives Werkzeug f\u00e4cher\u00fcbergreifend nutzen zu k\u00f6nnen, ben\u00f6tigen die Sch\u00fclerinnen und Sch\u00fcler umfassendere, zusammenh\u00e4ngende Grundkenntnisse. Zu diesem Zweck wurde an der GS Scharnebeck der \u201eComputer-F\u00fchrerschein\u201c entwickelt. Er entstand zun\u00e4chst im Rahmen von Arbeitsgemeinschaften, wurde dann probeweise in Klassenverb\u00e4nden getestet und weiterentwickelt, bis er schlie\u00dflich in der heutigen Form in den Jahrg\u00e4ngen 3 und 4 implementiert wurde. Die Module 1 \u201eSteckbrief\u201c und 2 \u201eStundenplan\u201c finden \u00fcblicherweise am Beginn der 3. Klasse statt. Das Modul 3 \u201eInternet-Steckbrief\u201c findet (bisher&#8230;<\/p>\n<p class=\"read-more\"><a class=\"btn btn-default\" href=\"https:\/\/wordpress.nibis.de\/gsscharn\/pc-fuehrerschein\/\">Weiterlesen<span class=\"screen-reader-text\"> Weiterlesen<\/span><\/a><\/p>\n","protected":false},"author":176,"featured_media":0,"parent":0,"menu_order":0,"comment_status":"closed","ping_status":"closed","template":"","meta":{"footnotes":""},"class_list":["post-1078","page","type-page","status-publish","hentry"],"_links":{"self":[{"href":"https:\/\/wordpress.nibis.de\/gsscharn\/wp-json\/wp\/v2\/pages\/1078","targetHints":{"allow":["GET"]}}],"collection":[{"href":"https:\/\/wordpress.nibis.de\/gsscharn\/wp-json\/wp\/v2\/pages"}],"about":[{"href":"https:\/\/wordpress.nibis.de\/gsscharn\/wp-json\/wp\/v2\/types\/page"}],"author":[{"embeddable":true,"href":"https:\/\/wordpress.nibis.de\/gsscharn\/wp-json\/wp\/v2\/users\/176"}],"replies":[{"embeddable":true,"href":"https:\/\/wordpress.nibis.de\/gsscharn\/wp-json\/wp\/v2\/comments?post=1078"}],"version-history":[{"count":1,"href":"https:\/\/wordpress.nibis.de\/gsscharn\/wp-json\/wp\/v2\/pages\/1078\/revisions"}],"predecessor-version":[{"id":1088,"href":"https:\/\/wordpress.nibis.de\/gsscharn\/wp-json\/wp\/v2\/pages\/1078\/revisions\/1088"}],"wp:attachment":[{"href":"https:\/\/wordpress.nibis.de\/gsscharn\/wp-json\/wp\/v2\/media?parent=1078"}],"curies":[{"name":"wp","href":"https:\/\/api.w.org\/{rel}","templated":true}]}}