{"id":204,"date":"2013-08-21T12:46:39","date_gmt":"2013-08-21T10:46:39","guid":{"rendered":"http:\/\/wordpress.nibis.de\/gsscharn\/?page_id=204"},"modified":"2023-12-13T09:32:20","modified_gmt":"2023-12-13T08:32:20","slug":"kirche","status":"publish","type":"page","link":"https:\/\/wordpress.nibis.de\/gsscharn\/kirche\/","title":{"rendered":"Zusammenarbeit Kirche und Schule"},"content":{"rendered":"\n<figure class=\"wp-block-image size-large\"><a href=\"https:\/\/wordpress.nibis.de\/gsscharn\/files\/Kirche-scaled.jpg\"><img loading=\"lazy\" decoding=\"async\" width=\"1024\" height=\"768\" src=\"https:\/\/wordpress.nibis.de\/gsscharn\/files\/Kirche-1024x768.jpg\" alt=\"\" class=\"wp-image-2902\" srcset=\"https:\/\/wordpress.nibis.de\/gsscharn\/files\/Kirche-1024x768.jpg 1024w, https:\/\/wordpress.nibis.de\/gsscharn\/files\/Kirche-300x225.jpg 300w, https:\/\/wordpress.nibis.de\/gsscharn\/files\/Kirche-768x576.jpg 768w, https:\/\/wordpress.nibis.de\/gsscharn\/files\/Kirche-1536x1152.jpg 1536w, https:\/\/wordpress.nibis.de\/gsscharn\/files\/Kirche-2048x1536.jpg 2048w, https:\/\/wordpress.nibis.de\/gsscharn\/files\/Kirche-360x270.jpg 360w\" sizes=\"auto, (max-width: 1024px) 100vw, 1024px\" \/><\/a><\/figure>\n\n\n\n<p>Die Grundschule Scharnebeck und die Sankt Marien-Kirchengemeinde f\u00fchren zu verschiedenen Anl\u00e4ssen gemeinsame oder sich erg\u00e4nzende Aktivit\u00e4ten durch. <\/p>\n\n\n\n<p><\/p>\n\n\n\n<h2 class=\"wp-block-heading\">Einschulung<\/h2>\n\n\n\n<p>Zu jedem Einschulungstermin l\u00e4dt die Kirchengemeinde die Schulanf\u00e4nger:innen und deren Familien zu einem Gottesdienst ein. <\/p>\n\n\n\n<h2 class=\"wp-block-heading\">Kirchenerkundung und Kirchenf\u00fchrung<\/h2>\n\n\n\n<p>Im Rahmen des Religionsunterrichts lernen die Kinder die Kirche mit ihrer besonderen Geschichte und Bedeutung f\u00fcr den Ort kennen.<\/p>\n\n\n\n<h2 class=\"wp-block-heading\">Nachbarschaftshilfe<\/h2>\n\n\n\n<p>In direkter Nachbarschft liegend, nehmen wir R\u00fccksicht aufeinander und unterst\u00fctzen uns gegenseitig. Zur Schonung des Kirchengeb\u00e4udes ist z.B. das Ballspielen auf dem angrenzenden Schulhof nicht erlaubt. Zu gr\u00f6\u00dferen Anl\u00e4ssen d\u00fcrfen wir daf\u00fcr das Geschirr der Gemeinde ausleihen.<\/p>\n\n\n\n<h2 class=\"wp-block-heading\">Bl\u00e4ser AG<\/h2>\n\n\n\n<p>F\u00fcr unsere Bl\u00e4ser AG hat die Kirchengemeinde einen kompletten Satz hochwertiger Blasinstrumente angeschafft. Unsere Viertkl\u00e4ssler:innen k\u00f6nnen sich hier ausprobieren und erste T\u00f6ne erklingen lassen. Diejenigen, die Gefallen daran finden, k\u00f6nnen im Anschluss im Bl\u00e4serchor unterkommen und weiterlernen.&nbsp;<\/p>\n\n\n\n<h2 class=\"wp-block-heading\">Schulgottesdienste<\/h2>\n\n\n\n<p>Zum Jahresablauf passend finden in jedem Schuljahr vier Gottesdienste statt, die von den Klassen vorbereitet und mit der Pastorin zusammen durchgef\u00fchrt werden. <\/p>\n\n\n","protected":false},"excerpt":{"rendered":"<p>Die Grundschule Scharnebeck und die Sankt Marien-Kirchengemeinde f\u00fchren zu verschiedenen Anl\u00e4ssen gemeinsame oder sich erg\u00e4nzende Aktivit\u00e4ten durch. Einschulung Zu jedem Einschulungstermin l\u00e4dt die Kirchengemeinde die Schulanf\u00e4nger:innen und deren Familien zu einem Gottesdienst ein. Kirchenerkundung und Kirchenf\u00fchrung Im Rahmen des Religionsunterrichts lernen die Kinder die Kirche mit ihrer besonderen Geschichte und Bedeutung f\u00fcr den Ort kennen. Nachbarschaftshilfe In direkter Nachbarschft liegend, nehmen wir R\u00fccksicht aufeinander und unterst\u00fctzen uns gegenseitig. Zur Schonung des Kirchengeb\u00e4udes ist z.B. das Ballspielen auf dem angrenzenden Schulhof&#8230;<\/p>\n<p class=\"read-more\"><a class=\"btn btn-default\" href=\"https:\/\/wordpress.nibis.de\/gsscharn\/kirche\/\">Weiterlesen<span class=\"screen-reader-text\"> Weiterlesen<\/span><\/a><\/p>\n","protected":false},"author":176,"featured_media":0,"parent":0,"menu_order":0,"comment_status":"closed","ping_status":"closed","template":"","meta":{"footnotes":""},"class_list":["post-204","page","type-page","status-publish","hentry"],"_links":{"self":[{"href":"https:\/\/wordpress.nibis.de\/gsscharn\/wp-json\/wp\/v2\/pages\/204","targetHints":{"allow":["GET"]}}],"collection":[{"href":"https:\/\/wordpress.nibis.de\/gsscharn\/wp-json\/wp\/v2\/pages"}],"about":[{"href":"https:\/\/wordpress.nibis.de\/gsscharn\/wp-json\/wp\/v2\/types\/page"}],"author":[{"embeddable":true,"href":"https:\/\/wordpress.nibis.de\/gsscharn\/wp-json\/wp\/v2\/users\/176"}],"replies":[{"embeddable":true,"href":"https:\/\/wordpress.nibis.de\/gsscharn\/wp-json\/wp\/v2\/comments?post=204"}],"version-history":[{"count":6,"href":"https:\/\/wordpress.nibis.de\/gsscharn\/wp-json\/wp\/v2\/pages\/204\/revisions"}],"predecessor-version":[{"id":2920,"href":"https:\/\/wordpress.nibis.de\/gsscharn\/wp-json\/wp\/v2\/pages\/204\/revisions\/2920"}],"wp:attachment":[{"href":"https:\/\/wordpress.nibis.de\/gsscharn\/wp-json\/wp\/v2\/media?parent=204"}],"curies":[{"name":"wp","href":"https:\/\/api.w.org\/{rel}","templated":true}]}}