{"id":2358,"date":"2023-03-31T12:07:03","date_gmt":"2023-03-31T11:07:03","guid":{"rendered":"https:\/\/wordpress.nibis.de\/gsscharn\/?page_id=2358"},"modified":"2025-12-11T09:10:01","modified_gmt":"2025-12-11T08:10:01","slug":"aussengelaende","status":"publish","type":"page","link":"https:\/\/wordpress.nibis.de\/gsscharn\/aussengelaende\/","title":{"rendered":"Au\u00dfengel\u00e4nde"},"content":{"rendered":"\n<p>Etwa 230 Kinder spielen t\u00e4glich in den Pausen auf den beiden Teilen des Schulhofs. Vorne gibt es verschiedene Schaukeln, einen Balancierpfad, ein Kletterger\u00fcst, ein Karussell, Holzpferde und, und, und&#8230;<\/p>\n\n\n\n<p>Ballspielen ist zum Schutz der Kirchenfenster und der hellen Mauer vorne nicht erlaubt. <\/p>\n\n\n\n<p>Daf\u00fcr gibt es auf dem hinteren Schulhof Fussballtore, Sitzb\u00e4nke und f\u00fcr den Sportunterricht eine Mini-Laufbahn und eine Weitsprunggrube. <\/p>\n\n\n\n<figure class=\"wp-block-image size-large\"><a href=\"https:\/\/wordpress.nibis.de\/gsscharn\/files\/vorne-scaled.jpg\"><img loading=\"lazy\" decoding=\"async\" width=\"1024\" height=\"768\" src=\"https:\/\/wordpress.nibis.de\/gsscharn\/files\/vorne-1024x768.jpg\" alt=\"\" class=\"wp-image-2974\" srcset=\"https:\/\/wordpress.nibis.de\/gsscharn\/files\/vorne-1024x768.jpg 1024w, https:\/\/wordpress.nibis.de\/gsscharn\/files\/vorne-300x225.jpg 300w, https:\/\/wordpress.nibis.de\/gsscharn\/files\/vorne-768x576.jpg 768w, https:\/\/wordpress.nibis.de\/gsscharn\/files\/vorne-1536x1152.jpg 1536w, https:\/\/wordpress.nibis.de\/gsscharn\/files\/vorne-2048x1536.jpg 2048w, https:\/\/wordpress.nibis.de\/gsscharn\/files\/vorne-360x270.jpg 360w\" sizes=\"auto, (max-width: 1024px) 100vw, 1024px\" \/><\/a><\/figure>\n\n\n\n<div class=\"wp-block-group\"><div class=\"wp-block-group__inner-container is-layout-flow wp-block-group-is-layout-flow\">\n<p>Der Haupteingang ist kaum ver\u00e4ndert. <\/p>\n<\/div><\/div>\n\n\n\n<figure class=\"wp-block-gallery alignwide has-nested-images columns-default is-cropped wp-block-gallery-1 is-layout-flex wp-block-gallery-is-layout-flex\">\n<figure class=\"wp-block-image size-full\"><img loading=\"lazy\" decoding=\"async\" width=\"868\" height=\"642\" data-id=\"2972\" src=\"https:\/\/wordpress.nibis.de\/gsscharn\/files\/Schule-alt-vorne-1.jpeg\" alt=\"\" class=\"wp-image-2972\" srcset=\"https:\/\/wordpress.nibis.de\/gsscharn\/files\/Schule-alt-vorne-1.jpeg 868w, https:\/\/wordpress.nibis.de\/gsscharn\/files\/Schule-alt-vorne-1-300x222.jpeg 300w, https:\/\/wordpress.nibis.de\/gsscharn\/files\/Schule-alt-vorne-1-768x568.jpeg 768w, https:\/\/wordpress.nibis.de\/gsscharn\/files\/Schule-alt-vorne-1-365x270.jpeg 365w\" sizes=\"auto, (max-width: 868px) 100vw, 868px\" \/><\/figure>\n\n\n\n<figure class=\"wp-block-image size-full\"><img loading=\"lazy\" decoding=\"async\" width=\"1024\" height=\"768\" data-id=\"2973\" src=\"https:\/\/wordpress.nibis.de\/gsscharn\/files\/502A1662-AE05-4738-863F-92501B703818_1_105_c-1.jpeg\" alt=\"\" class=\"wp-image-2973\" srcset=\"https:\/\/wordpress.nibis.de\/gsscharn\/files\/502A1662-AE05-4738-863F-92501B703818_1_105_c-1.jpeg 1024w, https:\/\/wordpress.nibis.de\/gsscharn\/files\/502A1662-AE05-4738-863F-92501B703818_1_105_c-1-300x225.jpeg 300w, https:\/\/wordpress.nibis.de\/gsscharn\/files\/502A1662-AE05-4738-863F-92501B703818_1_105_c-1-768x576.jpeg 768w, https:\/\/wordpress.nibis.de\/gsscharn\/files\/502A1662-AE05-4738-863F-92501B703818_1_105_c-1-360x270.jpeg 360w\" sizes=\"auto, (max-width: 1024px) 100vw, 1024px\" \/><\/figure>\n<\/figure>\n\n\n\n<p><\/p>\n\n\n\n<p>Von hinten ist gut zu erkennen, wie sehr die Schule in den vergangenen 100 Jahren gewachsen ist. <\/p>\n\n\n\n<div class=\"wp-block-group alignfull\"><div class=\"wp-block-group__inner-container is-layout-flow wp-block-group-is-layout-flow\">\n<div class=\"wp-block-columns alignwide are-vertically-aligned-center tw-cols-stack-md tw-gutter-large is-layout-flex wp-container-core-columns-is-layout-abceabcf wp-block-columns-is-layout-flex\">\n<div class=\"wp-block-column is-vertically-aligned-center is-layout-flow wp-block-column-is-layout-flow\">\n<figure class=\"wp-block-image size-full\"><a href=\"https:\/\/wordpress.nibis.de\/gsscharn\/files\/Schule-alt-hinten-1.jpg\"><img loading=\"lazy\" decoding=\"async\" width=\"872\" height=\"615\" src=\"https:\/\/wordpress.nibis.de\/gsscharn\/files\/Schule-alt-hinten-1.jpg\" alt=\"\" class=\"wp-image-2975\" srcset=\"https:\/\/wordpress.nibis.de\/gsscharn\/files\/Schule-alt-hinten-1.jpg 872w, https:\/\/wordpress.nibis.de\/gsscharn\/files\/Schule-alt-hinten-1-300x212.jpg 300w, https:\/\/wordpress.nibis.de\/gsscharn\/files\/Schule-alt-hinten-1-768x542.jpg 768w, https:\/\/wordpress.nibis.de\/gsscharn\/files\/Schule-alt-hinten-1-383x270.jpg 383w\" sizes=\"auto, (max-width: 872px) 100vw, 872px\" \/><\/a><\/figure>\n<\/div>\n\n\n\n<div class=\"wp-block-column is-vertically-aligned-center is-layout-flow wp-block-column-is-layout-flow\">\n<figure class=\"wp-block-video\"><video height=\"1080\" style=\"aspect-ratio: 1920 \/ 1080;\" width=\"1920\" controls src=\"https:\/\/wordpress.nibis.de\/gsscharn\/files\/20240221_120202.mp4\"><\/video><\/figure>\n<\/div>\n<\/div>\n<\/div><\/div>\n\n\n","protected":false},"excerpt":{"rendered":"<p>Etwa 230 Kinder spielen t\u00e4glich in den Pausen auf den beiden Teilen des Schulhofs. Vorne gibt es verschiedene Schaukeln, einen Balancierpfad, ein Kletterger\u00fcst, ein Karussell, Holzpferde und, und, und&#8230; Ballspielen ist zum Schutz der Kirchenfenster und der hellen Mauer vorne nicht erlaubt. Daf\u00fcr gibt es auf dem hinteren Schulhof Fussballtore, Sitzb\u00e4nke und f\u00fcr den Sportunterricht eine Mini-Laufbahn und eine Weitsprunggrube. Der Haupteingang ist kaum ver\u00e4ndert. Von hinten ist gut zu erkennen, wie sehr die Schule in den vergangenen 100 Jahren&#8230;<\/p>\n<p class=\"read-more\"><a class=\"btn btn-default\" href=\"https:\/\/wordpress.nibis.de\/gsscharn\/aussengelaende\/\">Weiterlesen<span class=\"screen-reader-text\"> Weiterlesen<\/span><\/a><\/p>\n","protected":false},"author":9194032,"featured_media":0,"parent":0,"menu_order":0,"comment_status":"closed","ping_status":"closed","template":"","meta":{"footnotes":""},"class_list":["post-2358","page","type-page","status-publish","hentry"],"_links":{"self":[{"href":"https:\/\/wordpress.nibis.de\/gsscharn\/wp-json\/wp\/v2\/pages\/2358","targetHints":{"allow":["GET"]}}],"collection":[{"href":"https:\/\/wordpress.nibis.de\/gsscharn\/wp-json\/wp\/v2\/pages"}],"about":[{"href":"https:\/\/wordpress.nibis.de\/gsscharn\/wp-json\/wp\/v2\/types\/page"}],"author":[{"embeddable":true,"href":"https:\/\/wordpress.nibis.de\/gsscharn\/wp-json\/wp\/v2\/users\/9194032"}],"replies":[{"embeddable":true,"href":"https:\/\/wordpress.nibis.de\/gsscharn\/wp-json\/wp\/v2\/comments?post=2358"}],"version-history":[{"count":5,"href":"https:\/\/wordpress.nibis.de\/gsscharn\/wp-json\/wp\/v2\/pages\/2358\/revisions"}],"predecessor-version":[{"id":3073,"href":"https:\/\/wordpress.nibis.de\/gsscharn\/wp-json\/wp\/v2\/pages\/2358\/revisions\/3073"}],"wp:attachment":[{"href":"https:\/\/wordpress.nibis.de\/gsscharn\/wp-json\/wp\/v2\/media?parent=2358"}],"curies":[{"name":"wp","href":"https:\/\/api.w.org\/{rel}","templated":true}]}}