{"id":2383,"date":"2023-03-31T12:16:21","date_gmt":"2023-03-31T11:16:21","guid":{"rendered":"https:\/\/wordpress.nibis.de\/gsscharn\/?page_id=2383"},"modified":"2025-12-11T09:08:11","modified_gmt":"2025-12-11T08:08:11","slug":"paedagogische-mitarbeiterinnen-und-mitarbeiter","status":"publish","type":"page","link":"https:\/\/wordpress.nibis.de\/gsscharn\/paedagogische-mitarbeiterinnen-und-mitarbeiter\/","title":{"rendered":"P\u00e4dagogische Mitarbeiterinnen und Mitarbeiter"},"content":{"rendered":"\n<div class=\"wp-block-group\"><div class=\"wp-block-group__inner-container is-layout-flow wp-block-group-is-layout-flow\"><\/div><\/div>\n\n\n\n<p>Die p\u00e4dagogischen Mitarbeiterinnen und Mitarbeiter gew\u00e4hrleisten die Verl\u00e4sslichkeit f\u00fcr die ersten und zweiten Klassen. Derzeit gibt es je Klasse eine Betreuungsgruppe. <\/p>\n\n\n\n<div class=\"wp-block-group alignfull\"><div class=\"wp-block-group__inner-container is-layout-flow wp-block-group-is-layout-flow\">\n<div class=\"wp-block-columns tw-cols-stack-sm is-layout-flex wp-container-core-columns-is-layout-abceabcf wp-block-columns-is-layout-flex\">\n<div class=\"wp-block-column is-layout-flow wp-block-column-is-layout-flow\" style=\"--col-width:20%;flex-basis:20%\">\n<figure class=\"wp-block-image size-large is-style-rounded\"><a href=\"https:\/\/wordpress.nibis.de\/gsscharn\/files\/Anja.jpeg\"><img loading=\"lazy\" decoding=\"async\" width=\"1024\" height=\"936\" src=\"https:\/\/wordpress.nibis.de\/gsscharn\/files\/Anja-1024x936.jpeg\" alt=\"\" class=\"wp-image-2954\" srcset=\"https:\/\/wordpress.nibis.de\/gsscharn\/files\/Anja-1024x936.jpeg 1024w, https:\/\/wordpress.nibis.de\/gsscharn\/files\/Anja-300x274.jpeg 300w, https:\/\/wordpress.nibis.de\/gsscharn\/files\/Anja-768x702.jpeg 768w, https:\/\/wordpress.nibis.de\/gsscharn\/files\/Anja-295x270.jpeg 295w, https:\/\/wordpress.nibis.de\/gsscharn\/files\/Anja.jpeg 1445w\" sizes=\"auto, (max-width: 1024px) 100vw, 1024px\" \/><\/a><\/figure>\n<\/div>\n\n\n\n<div class=\"wp-block-column is-layout-flow wp-block-column-is-layout-flow\" style=\"--col-width:80%;flex-basis:80%\">\n<h3 class=\"wp-block-heading has-large-font-size tw-mb-2\">Anja Bette<\/h3>\n\n\n\n<p class=\"has-small-font-size\"><strong>Betreuung<\/strong><\/p>\n<\/div>\n<\/div>\n\n\n\n<hr class=\"wp-block-separator has-css-opacity tw-mt-6 tw-mb-7\" \/>\n\n\n\n<div class=\"wp-block-columns tw-cols-stack-sm is-layout-flex wp-container-core-columns-is-layout-abceabcf wp-block-columns-is-layout-flex\">\n<div class=\"wp-block-column is-layout-flow wp-block-column-is-layout-flow\" style=\"--col-width:20%;flex-basis:20%\"><\/div>\n<\/div>\n\n\n\n<div class=\"wp-block-columns tw-cols-stack-sm is-layout-flex wp-container-core-columns-is-layout-abceabcf wp-block-columns-is-layout-flex\">\n<div class=\"wp-block-column is-layout-flow wp-block-column-is-layout-flow\" style=\"--col-width:20%;flex-basis:20%\">\n<figure class=\"wp-block-image size-large is-style-rounded\"><a href=\"https:\/\/wordpress.nibis.de\/gsscharn\/files\/Silke.jpg\"><img loading=\"lazy\" decoding=\"async\" width=\"714\" height=\"1024\" src=\"https:\/\/wordpress.nibis.de\/gsscharn\/files\/Silke-714x1024.jpg\" alt=\"\" class=\"wp-image-2911\" srcset=\"https:\/\/wordpress.nibis.de\/gsscharn\/files\/Silke-714x1024.jpg 714w, https:\/\/wordpress.nibis.de\/gsscharn\/files\/Silke-209x300.jpg 209w, https:\/\/wordpress.nibis.de\/gsscharn\/files\/Silke-768x1101.jpg 768w, https:\/\/wordpress.nibis.de\/gsscharn\/files\/Silke-1072x1536.jpg 1072w, https:\/\/wordpress.nibis.de\/gsscharn\/files\/Silke-1429x2048.jpg 1429w, https:\/\/wordpress.nibis.de\/gsscharn\/files\/Silke-188x270.jpg 188w, https:\/\/wordpress.nibis.de\/gsscharn\/files\/Silke.jpg 1565w\" sizes=\"auto, (max-width: 714px) 100vw, 714px\" \/><\/a><\/figure>\n<\/div>\n\n\n\n<div class=\"wp-block-column is-layout-flow wp-block-column-is-layout-flow\" style=\"--col-width:80%;flex-basis:80%\">\n<h3 class=\"wp-block-heading has-large-font-size tw-mb-2\">Silke Detloff-Pohl<\/h3>\n\n\n\n<p class=\"has-small-font-size\"><strong>Betreuung, Vertretungsreserve<\/strong><\/p>\n\n\n\n<p>Ich bin gerne p\u00e4dagogische Mitarbeiterin, weil mir die Kinder Spa\u00df machen und sie mich jung halten. <\/p>\n<\/div>\n<\/div>\n<\/div><\/div>\n\n\n\n<div class=\"wp-block-group alignfull\"><div class=\"wp-block-group__inner-container is-layout-flow wp-block-group-is-layout-flow\">\n<hr class=\"wp-block-separator has-css-opacity tw-mt-6 tw-mb-7\" \/>\n\n\n\n<div class=\"wp-block-columns tw-cols-stack-sm is-layout-flex wp-container-core-columns-is-layout-abceabcf wp-block-columns-is-layout-flex\">\n<div class=\"wp-block-column is-layout-flow wp-block-column-is-layout-flow\" style=\"--col-width:20%;flex-basis:20%\">\n<figure class=\"wp-block-image size-large is-style-rounded\"><a href=\"https:\/\/wordpress.nibis.de\/gsscharn\/files\/Sandra.jpg\"><img loading=\"lazy\" decoding=\"async\" width=\"899\" height=\"1024\" src=\"https:\/\/wordpress.nibis.de\/gsscharn\/files\/Sandra-899x1024.jpg\" alt=\"\" class=\"wp-image-3021\" srcset=\"https:\/\/wordpress.nibis.de\/gsscharn\/files\/Sandra-899x1024.jpg 899w, https:\/\/wordpress.nibis.de\/gsscharn\/files\/Sandra-263x300.jpg 263w, https:\/\/wordpress.nibis.de\/gsscharn\/files\/Sandra-768x875.jpg 768w, https:\/\/wordpress.nibis.de\/gsscharn\/files\/Sandra-237x270.jpg 237w, https:\/\/wordpress.nibis.de\/gsscharn\/files\/Sandra.jpg 1228w\" sizes=\"auto, (max-width: 899px) 100vw, 899px\" \/><\/a><\/figure>\n<\/div>\n\n\n\n<div class=\"wp-block-column is-layout-flow wp-block-column-is-layout-flow\" style=\"--col-width:80%;flex-basis:80%\">\n<h3 class=\"wp-block-heading has-large-font-size tw-mb-2\">Sandra Hopf<\/h3>\n\n\n\n<p class=\"has-small-font-size\"><strong>Betreuung, Lerncoachies <\/strong><\/p>\n<\/div>\n<\/div>\n\n\n\n<hr class=\"wp-block-separator has-css-opacity tw-mt-6 tw-mb-7\" \/>\n\n\n\n<div class=\"wp-block-columns tw-cols-stack-sm is-layout-flex wp-container-core-columns-is-layout-abceabcf wp-block-columns-is-layout-flex\">\n<div class=\"wp-block-column is-layout-flow wp-block-column-is-layout-flow\" style=\"--col-width:20%;flex-basis:20%\">\n<figure class=\"wp-block-image size-full is-style-rounded\"><a href=\"https:\/\/wordpress.nibis.de\/gsscharn\/files\/user-1808597_640.png\"><img loading=\"lazy\" decoding=\"async\" width=\"640\" height=\"640\" src=\"https:\/\/wordpress.nibis.de\/gsscharn\/files\/user-1808597_640.png\" alt=\"\" class=\"wp-image-2771\" srcset=\"https:\/\/wordpress.nibis.de\/gsscharn\/files\/user-1808597_640.png 640w, https:\/\/wordpress.nibis.de\/gsscharn\/files\/user-1808597_640-300x300.png 300w, https:\/\/wordpress.nibis.de\/gsscharn\/files\/user-1808597_640-150x150.png 150w, https:\/\/wordpress.nibis.de\/gsscharn\/files\/user-1808597_640-270x270.png 270w\" sizes=\"auto, (max-width: 640px) 100vw, 640px\" \/><\/a><\/figure>\n<\/div>\n\n\n\n<div class=\"wp-block-column is-layout-flow wp-block-column-is-layout-flow\" style=\"--col-width:80%;flex-basis:80%\">\n<h3 class=\"wp-block-heading has-large-font-size tw-mb-2\">Julia Tretau<\/h3>\n\n\n\n<p class=\"has-small-font-size\"><strong>Betreuung<\/strong><\/p>\n<\/div>\n<\/div>\n<\/div><\/div>\n\n\n\n<div class=\"wp-block-group alignfull\"><div class=\"wp-block-group__inner-container is-layout-flow wp-block-group-is-layout-flow\">\n<hr class=\"wp-block-separator has-css-opacity tw-mt-6 tw-mb-7\" \/>\n\n\n\n<div class=\"wp-block-columns tw-cols-stack-sm is-layout-flex wp-container-core-columns-is-layout-abceabcf wp-block-columns-is-layout-flex\">\n<div class=\"wp-block-column is-layout-flow wp-block-column-is-layout-flow\" style=\"--col-width:20%;flex-basis:20%\">\n<figure class=\"wp-block-image size-full is-style-rounded\"><a href=\"https:\/\/wordpress.nibis.de\/gsscharn\/files\/Britta.jpeg\"><img loading=\"lazy\" decoding=\"async\" width=\"1016\" height=\"1000\" src=\"https:\/\/wordpress.nibis.de\/gsscharn\/files\/Britta.jpeg\" alt=\"\" class=\"wp-image-2957\" srcset=\"https:\/\/wordpress.nibis.de\/gsscharn\/files\/Britta.jpeg 1016w, https:\/\/wordpress.nibis.de\/gsscharn\/files\/Britta-300x295.jpeg 300w, https:\/\/wordpress.nibis.de\/gsscharn\/files\/Britta-768x756.jpeg 768w, https:\/\/wordpress.nibis.de\/gsscharn\/files\/Britta-274x270.jpeg 274w\" sizes=\"auto, (max-width: 1016px) 100vw, 1016px\" \/><\/a><\/figure>\n<\/div>\n\n\n\n<div class=\"wp-block-column is-layout-flow wp-block-column-is-layout-flow\" style=\"--col-width:80%;flex-basis:80%\">\n<h3 class=\"wp-block-heading has-large-font-size tw-mb-2\">Britta Wei\u00df<\/h3>\n\n\n\n<p class=\"has-small-font-size\"><strong>Betreuung<\/strong><\/p>\n<\/div>\n<\/div>\n<\/div><\/div>\n\n\n\n<hr class=\"wp-block-separator has-css-opacity\" \/>\n\n\n\n<div class=\"wp-block-group alignfull\"><div class=\"wp-block-group__inner-container is-layout-flow wp-block-group-is-layout-flow\">\n<div class=\"wp-block-columns tw-cols-stack-sm is-layout-flex wp-container-core-columns-is-layout-abceabcf wp-block-columns-is-layout-flex\">\n<div class=\"wp-block-column is-layout-flow wp-block-column-is-layout-flow\" style=\"--col-width:20%;flex-basis:20%\">\n<figure class=\"wp-block-image size-full is-style-rounded\"><a href=\"https:\/\/wordpress.nibis.de\/gsscharn\/files\/user-1808597_640.png\"><img loading=\"lazy\" decoding=\"async\" width=\"640\" height=\"640\" src=\"https:\/\/wordpress.nibis.de\/gsscharn\/files\/user-1808597_640.png\" alt=\"\" class=\"wp-image-2771\" srcset=\"https:\/\/wordpress.nibis.de\/gsscharn\/files\/user-1808597_640.png 640w, https:\/\/wordpress.nibis.de\/gsscharn\/files\/user-1808597_640-300x300.png 300w, https:\/\/wordpress.nibis.de\/gsscharn\/files\/user-1808597_640-150x150.png 150w, https:\/\/wordpress.nibis.de\/gsscharn\/files\/user-1808597_640-270x270.png 270w\" sizes=\"auto, (max-width: 640px) 100vw, 640px\" \/><\/a><\/figure>\n<\/div>\n\n\n\n<div class=\"wp-block-column is-layout-flow wp-block-column-is-layout-flow\" style=\"--col-width:80%;flex-basis:80%\">\n<h3 class=\"wp-block-heading has-large-font-size tw-mb-2\">Katja Hansen<\/h3>\n\n\n\n<p class=\"has-small-font-size\"><strong>Betreuung, Vertretungsreserve<\/strong><\/p>\n<\/div>\n<\/div>\n\n\n\n<div class=\"wp-block-columns tw-cols-stack-sm is-layout-flex wp-container-core-columns-is-layout-abceabcf wp-block-columns-is-layout-flex\">\n<div class=\"wp-block-column is-layout-flow wp-block-column-is-layout-flow\" style=\"--col-width:20%;flex-basis:20%\"><\/div>\n\n\n\n<div class=\"wp-block-column is-layout-flow wp-block-column-is-layout-flow\" style=\"--col-width:80%;flex-basis:80%\"><\/div>\n<\/div>\n\n\n\n<div class=\"wp-block-columns tw-cols-stack-sm is-layout-flex wp-container-core-columns-is-layout-abceabcf wp-block-columns-is-layout-flex\">\n<div class=\"wp-block-column is-layout-flow wp-block-column-is-layout-flow\" style=\"--col-width:20%;flex-basis:20%\"><\/div>\n\n\n\n<div class=\"wp-block-column is-layout-flow wp-block-column-is-layout-flow\" style=\"--col-width:80%;flex-basis:80%\"><\/div>\n<\/div>\n<\/div><\/div>\n\n\n\n\n","protected":false},"excerpt":{"rendered":"<p>Die p\u00e4dagogischen Mitarbeiterinnen und Mitarbeiter gew\u00e4hrleisten die Verl\u00e4sslichkeit f\u00fcr die ersten und zweiten Klassen. Derzeit gibt es je Klasse eine Betreuungsgruppe. Anja Bette Betreuung Silke Detloff-Pohl Betreuung, Vertretungsreserve Ich bin gerne p\u00e4dagogische Mitarbeiterin, weil mir die Kinder Spa\u00df machen und sie mich jung halten. Sandra Hopf Betreuung, Lerncoachies Julia Tretau Betreuung Britta Wei\u00df Betreuung Katja Hansen Betreuung, Vertretungsreserve<\/p>\n","protected":false},"author":9194032,"featured_media":0,"parent":0,"menu_order":0,"comment_status":"closed","ping_status":"closed","template":"","meta":{"footnotes":""},"class_list":["post-2383","page","type-page","status-publish","hentry"],"_links":{"self":[{"href":"https:\/\/wordpress.nibis.de\/gsscharn\/wp-json\/wp\/v2\/pages\/2383","targetHints":{"allow":["GET"]}}],"collection":[{"href":"https:\/\/wordpress.nibis.de\/gsscharn\/wp-json\/wp\/v2\/pages"}],"about":[{"href":"https:\/\/wordpress.nibis.de\/gsscharn\/wp-json\/wp\/v2\/types\/page"}],"author":[{"embeddable":true,"href":"https:\/\/wordpress.nibis.de\/gsscharn\/wp-json\/wp\/v2\/users\/9194032"}],"replies":[{"embeddable":true,"href":"https:\/\/wordpress.nibis.de\/gsscharn\/wp-json\/wp\/v2\/comments?post=2383"}],"version-history":[{"count":13,"href":"https:\/\/wordpress.nibis.de\/gsscharn\/wp-json\/wp\/v2\/pages\/2383\/revisions"}],"predecessor-version":[{"id":3063,"href":"https:\/\/wordpress.nibis.de\/gsscharn\/wp-json\/wp\/v2\/pages\/2383\/revisions\/3063"}],"wp:attachment":[{"href":"https:\/\/wordpress.nibis.de\/gsscharn\/wp-json\/wp\/v2\/media?parent=2383"}],"curies":[{"name":"wp","href":"https:\/\/api.w.org\/{rel}","templated":true}]}}