{"id":2387,"date":"2023-03-31T12:16:21","date_gmt":"2023-03-31T11:16:21","guid":{"rendered":"https:\/\/wordpress.nibis.de\/gsscharn\/?page_id=2387"},"modified":"2023-08-25T13:08:05","modified_gmt":"2023-08-25T12:08:05","slug":"schulsekraeterin","status":"publish","type":"page","link":"https:\/\/wordpress.nibis.de\/gsscharn\/schulsekraeterin\/","title":{"rendered":"Schulsekr\u00e4terin und Hausmeister"},"content":{"rendered":"\n<div class=\"wp-block-group alignfull\"><div class=\"wp-block-group__inner-container is-layout-flow wp-block-group-is-layout-flow\">\n<div class=\"wp-block-media-text alignwide is-stacked-on-mobile tw-stack-md\" style=\"grid-template-columns:49% auto\"><figure class=\"wp-block-media-text__media\"><img loading=\"lazy\" decoding=\"async\" width=\"721\" height=\"1024\" src=\"https:\/\/wordpress.nibis.de\/gsscharn\/files\/Christin-721x1024.jpeg\" alt=\"\" class=\"wp-image-2775 size-full\" srcset=\"https:\/\/wordpress.nibis.de\/gsscharn\/files\/Christin-721x1024.jpeg 721w, https:\/\/wordpress.nibis.de\/gsscharn\/files\/Christin-211x300.jpeg 211w, https:\/\/wordpress.nibis.de\/gsscharn\/files\/Christin-768x1091.jpeg 768w, https:\/\/wordpress.nibis.de\/gsscharn\/files\/Christin-190x270.jpeg 190w, https:\/\/wordpress.nibis.de\/gsscharn\/files\/Christin.jpeg 1045w\" sizes=\"auto, (max-width: 721px) 100vw, 721px\" \/><\/figure><div class=\"wp-block-media-text__content\">\n<h3 class=\"tw-mb-2 wp-block-heading\">Christin Reimers<\/h3>\n\n\n\n<p class=\"tw-mb-4 has-small-font-size\"><strong>Schulsekret\u00e4rin<\/strong><\/p>\n\n\n\n<p>Christin Reimers unterst\u00fctzt die Schulleitung und das Kollegium im Sekretariat.<\/p>\n\n\n\n<p>Sie k\u00fcmmert sich u.a. um die Sch\u00fclerverwaltung und den Schuletat der Samtgemeinde.<\/p>\n<\/div><\/div>\n\n\n\n<p>Das Sekretariat ist montags bis donnerstags von 8.00 &#8211; 12 Uhr unter &#105;n&#x66;o&#x40;&#103;&#x73;&#115;&#x63;&#104;a&#x72;n&#x65;&#98;&#x65;&#99;&#x6b;&#46;&#x64;&#101; oder 04136 &#8211; 7127 erreichbar.<\/p>\n\n\n\n<div class=\"wp-block-media-text alignwide has-media-on-the-right is-stacked-on-mobile tw-stack-md\" style=\"grid-template-columns:auto 49%\"><figure class=\"wp-block-media-text__media\"><img loading=\"lazy\" decoding=\"async\" width=\"640\" height=\"640\" src=\"https:\/\/wordpress.nibis.de\/gsscharn\/files\/user-1808597_640.png\" alt=\"\" class=\"wp-image-2771 size-full\" srcset=\"https:\/\/wordpress.nibis.de\/gsscharn\/files\/user-1808597_640.png 640w, https:\/\/wordpress.nibis.de\/gsscharn\/files\/user-1808597_640-300x300.png 300w, https:\/\/wordpress.nibis.de\/gsscharn\/files\/user-1808597_640-150x150.png 150w, https:\/\/wordpress.nibis.de\/gsscharn\/files\/user-1808597_640-270x270.png 270w\" sizes=\"auto, (max-width: 640px) 100vw, 640px\" \/><\/figure><div class=\"wp-block-media-text__content\">\n<h3 class=\"tw-mb-2 wp-block-heading\">Sergej Altergott<\/h3>\n\n\n\n<p class=\"tw-mb-4 has-small-font-size\"><strong>Hausmeister <\/strong><\/p>\n\n\n\n<p>Sergej Altergott k\u00fcmmert sich um das Geb\u00e4ude und das Au\u00dfengel\u00e4nde der Schule.<\/p>\n\n\n\n<p>Er ist \u00fcber das Sekretariat zu erreichen.<\/p>\n<\/div><\/div>\n<\/div><\/div>\n\n\n","protected":false},"excerpt":{"rendered":"<p>Christin Reimers Schulsekret\u00e4rin Christin Reimers unterst\u00fctzt die Schulleitung und das Kollegium im Sekretariat. Sie k\u00fcmmert sich u.a. um die Sch\u00fclerverwaltung und den Schuletat der Samtgemeinde. Das Sekretariat ist montags bis donnerstags von 8.00 &#8211; 12 Uhr unter i&#110;&#x66;&#x6f;&#64;&#103;&#115;&#x73;&#x63;h&#97;&#114;&#x6e;&#x65;b&#101;&#x63;&#x6b;&#x2e;d&#101; oder 04136 &#8211; 7127 erreichbar. Sergej Altergott Hausmeister Sergej Altergott k\u00fcmmert sich um das Geb\u00e4ude und das Au\u00dfengel\u00e4nde der Schule. Er ist \u00fcber das Sekretariat zu erreichen.<\/p>\n","protected":false},"author":9194032,"featured_media":0,"parent":0,"menu_order":0,"comment_status":"closed","ping_status":"closed","template":"","meta":{"footnotes":""},"class_list":["post-2387","page","type-page","status-publish","hentry"],"_links":{"self":[{"href":"https:\/\/wordpress.nibis.de\/gsscharn\/wp-json\/wp\/v2\/pages\/2387","targetHints":{"allow":["GET"]}}],"collection":[{"href":"https:\/\/wordpress.nibis.de\/gsscharn\/wp-json\/wp\/v2\/pages"}],"about":[{"href":"https:\/\/wordpress.nibis.de\/gsscharn\/wp-json\/wp\/v2\/types\/page"}],"author":[{"embeddable":true,"href":"https:\/\/wordpress.nibis.de\/gsscharn\/wp-json\/wp\/v2\/users\/9194032"}],"replies":[{"embeddable":true,"href":"https:\/\/wordpress.nibis.de\/gsscharn\/wp-json\/wp\/v2\/comments?post=2387"}],"version-history":[{"count":8,"href":"https:\/\/wordpress.nibis.de\/gsscharn\/wp-json\/wp\/v2\/pages\/2387\/revisions"}],"predecessor-version":[{"id":2777,"href":"https:\/\/wordpress.nibis.de\/gsscharn\/wp-json\/wp\/v2\/pages\/2387\/revisions\/2777"}],"wp:attachment":[{"href":"https:\/\/wordpress.nibis.de\/gsscharn\/wp-json\/wp\/v2\/media?parent=2387"}],"curies":[{"name":"wp","href":"https:\/\/api.w.org\/{rel}","templated":true}]}}