{"id":2388,"date":"2023-03-31T12:16:22","date_gmt":"2023-03-31T11:16:22","guid":{"rendered":"https:\/\/wordpress.nibis.de\/gsscharn\/?page_id=2388"},"modified":"2023-09-21T08:54:23","modified_gmt":"2023-09-21T07:54:23","slug":"schulsozialarbeit-2","status":"publish","type":"page","link":"https:\/\/wordpress.nibis.de\/gsscharn\/schulsozialarbeit-2\/","title":{"rendered":"Schulsozialarbeit"},"content":{"rendered":"\n<p>Mein Name ist Miriam Maleyka und ich bin seit Sommer 2020 Schulsozialarbeiterin hier an der Grundschule Scharnebeck. Angestellt bin ich bei dem Kinder- und Jugendhilfetr\u00e4ger P\u00e4dIn e.V.<\/p>\n\n\n\n<div class=\"wp-block-image\"><figure class=\"aligncenter size-large is-resized\"><a href=\"https:\/\/wordpress.nibis.de\/gsscharn\/files\/Miriam.jpg\"><img loading=\"lazy\" decoding=\"async\" src=\"https:\/\/wordpress.nibis.de\/gsscharn\/files\/Miriam-898x1024.jpg\" alt=\"\" class=\"wp-image-2848\" width=\"261\" height=\"297\" srcset=\"https:\/\/wordpress.nibis.de\/gsscharn\/files\/Miriam-898x1024.jpg 898w, https:\/\/wordpress.nibis.de\/gsscharn\/files\/Miriam-263x300.jpg 263w, https:\/\/wordpress.nibis.de\/gsscharn\/files\/Miriam-768x876.jpg 768w, https:\/\/wordpress.nibis.de\/gsscharn\/files\/Miriam-237x270.jpg 237w, https:\/\/wordpress.nibis.de\/gsscharn\/files\/Miriam.jpg 1031w\" sizes=\"auto, (max-width: 261px) 100vw, 261px\" \/><\/a><\/figure><\/div>\n\n\n\n<h2 class=\"has-text-align-center wp-block-heading\">Kontakt: <\/h2>\n\n\n\n<div class=\"wp-block-buttons is-content-justification-center is-layout-flex wp-container-core-buttons-is-layout-16018d1d wp-block-buttons-is-layout-flex\">\n<div class=\"wp-block-button is-style-outline is-style-outline--1\"><a class=\"wp-block-button__link\">Telefonnummer: 0176- 45922561<\/a><\/div>\n<\/div>\n\n\n\n<p><\/p>\n\n\n\n<div class=\"wp-block-buttons is-content-justification-center is-layout-flex wp-container-core-buttons-is-layout-16018d1d wp-block-buttons-is-layout-flex\">\n<div class=\"wp-block-button is-style-outline is-style-outline--2\"><a class=\"wp-block-button__link\">E-Mail: &#x6d;&#x2e;&#x6d;&#x61;&#x6c;&#x65;&#x79;&#x6b;&#x61;&#x40;&#x70;&#x61;&#x65;&#x64;&#x69;&#x6e;&#x2e;&#x64;&#x65;<\/a><\/div>\n<\/div>\n\n\n\n<h2 class=\"wp-block-heading\">Aufgaben<\/h2>\n\n\n\n<div class=\"wp-block-group\"><div class=\"wp-block-group__inner-container is-layout-flow wp-block-group-is-layout-flow\">\n<p>Ich biete f\u00fcr Sch\u00fcler:innen, Eltern und Lehrern bei Fragen, Sorgen oder Schwierigkeiten in schulischen, privaten oder famili\u00e4ren Angelegenheiten meine Unterst\u00fctzung an. Diese Beratung ist vertraulich und auf freiwilliger Basis.<\/p>\n<p>Ziel meiner Arbeit ist es, die Pers\u00f6nlichkeitsentwicklung der Kinder zu f\u00f6rdern und mit ihnen soziale Kompetenzen zu erarbeiten und\/ oder zu st\u00e4rken.<\/p>\n<p>Ich m\u00f6chte daf\u00fcr sorgen, dass alle Sch\u00fclerinnen und Sch\u00fcler gute Voraussetzungen zum Lernen in der Schule haben und sich in ihren Klassen wohl f\u00fchlen.<\/p>\n<p>\u00a0<\/p>\n<\/div><\/div>\n\n\n\n<h2 class=\"wp-block-heading\">Angebote<\/h2>\n\n\n\n<ul class=\"wp-block-list\"><li>Hospitation und Begleitung von Unterrichtseinheiten<\/li><li>Beratung und Unterst\u00fctzung z.B. in Konfliktsituationen, bei Erziehungsfragen, in akuten Lebenskrisen oder hinsichtlich Verhaltensauff\u00e4lligkeiten<\/li><li>Begleitung bei Gespr\u00e4chen und Konflikten<\/li><li>pr\u00e4ventive Angebote f\u00fcr Klassen, in Kleingruppen und f\u00fcr einzelne Sch\u00fclerInnen in schwierigen Situationen<\/li><li>Beratung nach dem Bildungs- und Teilhabepaket, Unterst\u00fctzung bei der Antragsstellung<\/li><li>W\u00f6chentliche Sprechstunde f\u00fcr Sch\u00fcler*innen<\/li><li>Projekt FiSch ( Familie in Schule)<\/li><\/ul>\n","protected":false},"excerpt":{"rendered":"<p>Mein Name ist Miriam Maleyka und ich bin seit Sommer 2020 Schulsozialarbeiterin hier an der Grundschule Scharnebeck. Angestellt bin ich bei dem Kinder- und Jugendhilfetr\u00e4ger P\u00e4dIn e.V. Kontakt: Aufgaben Ich biete f\u00fcr Sch\u00fcler:innen, Eltern und Lehrern bei Fragen, Sorgen oder Schwierigkeiten in schulischen, privaten oder famili\u00e4ren Angelegenheiten meine Unterst\u00fctzung an. Diese Beratung ist vertraulich und auf freiwilliger Basis. Ziel meiner Arbeit ist es, die Pers\u00f6nlichkeitsentwicklung der Kinder zu f\u00f6rdern und mit ihnen soziale Kompetenzen zu erarbeiten und\/ oder zu st\u00e4rken&#8230;.<\/p>\n<p class=\"read-more\"><a class=\"btn btn-default\" href=\"https:\/\/wordpress.nibis.de\/gsscharn\/schulsozialarbeit-2\/\">Weiterlesen<span class=\"screen-reader-text\"> Weiterlesen<\/span><\/a><\/p>\n","protected":false},"author":9194032,"featured_media":0,"parent":0,"menu_order":0,"comment_status":"closed","ping_status":"closed","template":"","meta":{"footnotes":""},"class_list":["post-2388","page","type-page","status-publish","hentry"],"_links":{"self":[{"href":"https:\/\/wordpress.nibis.de\/gsscharn\/wp-json\/wp\/v2\/pages\/2388","targetHints":{"allow":["GET"]}}],"collection":[{"href":"https:\/\/wordpress.nibis.de\/gsscharn\/wp-json\/wp\/v2\/pages"}],"about":[{"href":"https:\/\/wordpress.nibis.de\/gsscharn\/wp-json\/wp\/v2\/types\/page"}],"author":[{"embeddable":true,"href":"https:\/\/wordpress.nibis.de\/gsscharn\/wp-json\/wp\/v2\/users\/9194032"}],"replies":[{"embeddable":true,"href":"https:\/\/wordpress.nibis.de\/gsscharn\/wp-json\/wp\/v2\/comments?post=2388"}],"version-history":[{"count":9,"href":"https:\/\/wordpress.nibis.de\/gsscharn\/wp-json\/wp\/v2\/pages\/2388\/revisions"}],"predecessor-version":[{"id":2856,"href":"https:\/\/wordpress.nibis.de\/gsscharn\/wp-json\/wp\/v2\/pages\/2388\/revisions\/2856"}],"wp:attachment":[{"href":"https:\/\/wordpress.nibis.de\/gsscharn\/wp-json\/wp\/v2\/media?parent=2388"}],"curies":[{"name":"wp","href":"https:\/\/api.w.org\/{rel}","templated":true}]}}