{"id":2389,"date":"2023-03-31T12:16:22","date_gmt":"2023-03-31T11:16:22","guid":{"rendered":"https:\/\/wordpress.nibis.de\/gsscharn\/?page_id=2389"},"modified":"2023-07-12T10:12:30","modified_gmt":"2023-07-12T09:12:30","slug":"eltern-und-erziehungsberechtigte","status":"publish","type":"page","link":"https:\/\/wordpress.nibis.de\/gsscharn\/eltern-und-erziehungsberechtigte\/","title":{"rendered":"Eltern und Erziehungsberechtigte"},"content":{"rendered":"\n<p>Alle Klassen w\u00e4hlen im ersten und im dritten Schuljahr jeweils eine:n Elternvertreter:in und eine:n Stellvertreter:in.<\/p>\n<p>Die Elternvertretungen sind erste Ansprechpartner:innen der Schulleitung und der Klassenlehrkr\u00e4fte, wenn es im Schulalltag dazu kommt, dass Angelegenheiten der Klasse besonderen Kl\u00e4rungsbedarf haben. Umgekehrt sammeln sie die Anliegen der Klassenelternschaft, um sie mit der Schulleitung oder der Klassenlehrkraft zu besprechen.<\/p>\n<p>Die Elternvertretungen laden in Absprache mit den Klassenlehrkr\u00e4ften zu den Elternabenden ein.<\/p>\n<p>Die Elternvertretungen sind Mitglieder im Schulelternrat.<\/p>\n<p>Aus der Schulelternschaft werden vier Vertretunginnen oder Vertreter f\u00fcr den Schulvorstand gew\u00e4hlt.<\/p>\n<p>Wir freuen uns au\u00dferdem \u00fcber Eltern, Gro\u00dfeltern, Paten&#8230; die Lust haben unser B\u00fccherei-Team zu verst\u00e4rken, mit wir die B\u00fccherei f\u00fcr die Kinder in allen Pausen ge\u00f6ffnet haben k\u00f6nnen.<\/p>\n<p>Auch als Schulweglotsen sind Sie herzlich willkommen, um den Weg zu Schule besonders f\u00fcr die Erstkl\u00e4ssler:innen sicher zu gestalten. Melden Sie sich bei Interesse gerne unter:<\/p>\n<p><a href=\"&#109;&#x61;&#105;&#x6c;t&#x6f;:&#105;&#x6e;&#102;&#x6f;&#64;&#x67;s&#115;&#x63;&#104;&#x61;r&#x6e;e&#98;&#x65;&#99;&#x6b;&#46;&#x64;e\">&#x69;&#x6e;&#x66;&#x6f;&#x40;&#x67;&#x73;&#x73;&#x63;&#x68;&#x61;&#x72;&#x6e;&#x65;&#x62;&#x65;&#x63;&#x6b;&#x2e;&#x64;&#x65;<\/a><\/p>\n\n\n\n<div class=\"wp-block-buttons is-layout-flex wp-block-buttons-is-layout-flex\"><\/div>\n\n\n\n<p><\/p>\n","protected":false},"excerpt":{"rendered":"<p>Alle Klassen w\u00e4hlen im ersten und im dritten Schuljahr jeweils eine:n Elternvertreter:in und eine:n Stellvertreter:in. Die Elternvertretungen sind erste Ansprechpartner:innen der Schulleitung und der Klassenlehrkr\u00e4fte, wenn es im Schulalltag dazu kommt, dass Angelegenheiten der Klasse besonderen Kl\u00e4rungsbedarf haben. Umgekehrt sammeln sie die Anliegen der Klassenelternschaft, um sie mit der Schulleitung oder der Klassenlehrkraft zu besprechen. Die Elternvertretungen laden in Absprache mit den Klassenlehrkr\u00e4ften zu den Elternabenden ein. Die Elternvertretungen sind Mitglieder im Schulelternrat. Aus der Schulelternschaft werden vier Vertretunginnen oder&#8230;<\/p>\n<p class=\"read-more\"><a class=\"btn btn-default\" href=\"https:\/\/wordpress.nibis.de\/gsscharn\/eltern-und-erziehungsberechtigte\/\">Weiterlesen<span class=\"screen-reader-text\"> Weiterlesen<\/span><\/a><\/p>\n","protected":false},"author":9194032,"featured_media":0,"parent":0,"menu_order":0,"comment_status":"closed","ping_status":"closed","template":"","meta":{"footnotes":""},"class_list":["post-2389","page","type-page","status-publish","hentry"],"_links":{"self":[{"href":"https:\/\/wordpress.nibis.de\/gsscharn\/wp-json\/wp\/v2\/pages\/2389","targetHints":{"allow":["GET"]}}],"collection":[{"href":"https:\/\/wordpress.nibis.de\/gsscharn\/wp-json\/wp\/v2\/pages"}],"about":[{"href":"https:\/\/wordpress.nibis.de\/gsscharn\/wp-json\/wp\/v2\/types\/page"}],"author":[{"embeddable":true,"href":"https:\/\/wordpress.nibis.de\/gsscharn\/wp-json\/wp\/v2\/users\/9194032"}],"replies":[{"embeddable":true,"href":"https:\/\/wordpress.nibis.de\/gsscharn\/wp-json\/wp\/v2\/comments?post=2389"}],"version-history":[{"count":10,"href":"https:\/\/wordpress.nibis.de\/gsscharn\/wp-json\/wp\/v2\/pages\/2389\/revisions"}],"predecessor-version":[{"id":2748,"href":"https:\/\/wordpress.nibis.de\/gsscharn\/wp-json\/wp\/v2\/pages\/2389\/revisions\/2748"}],"wp:attachment":[{"href":"https:\/\/wordpress.nibis.de\/gsscharn\/wp-json\/wp\/v2\/media?parent=2389"}],"curies":[{"name":"wp","href":"https:\/\/api.w.org\/{rel}","templated":true}]}}