{"id":2420,"date":"2023-03-31T12:20:53","date_gmt":"2023-03-31T11:20:53","guid":{"rendered":"https:\/\/wordpress.nibis.de\/gsscharn\/?page_id=2420"},"modified":"2025-09-11T08:37:10","modified_gmt":"2025-09-11T07:37:10","slug":"faecher","status":"publish","type":"page","link":"https:\/\/wordpress.nibis.de\/gsscharn\/faecher\/","title":{"rendered":"F\u00e4cher"},"content":{"rendered":"\n<p>Laut &#8218;Erlass f\u00fcr die Arbeit an der Grundschule&#8216; vom 01.08.2020 werden folgende F\u00e4cher unterrichtet:<\/p>\n\n\n\n<figure class=\"wp-block-image size-full\"><a href=\"https:\/\/wordpress.nibis.de\/gsscharn\/files\/Stundentafel-Grundschule-Scharnebeck.png\"><img loading=\"lazy\" decoding=\"async\" width=\"967\" height=\"616\" src=\"https:\/\/wordpress.nibis.de\/gsscharn\/files\/Stundentafel-Grundschule-Scharnebeck.png\" alt=\"\" class=\"wp-image-3044\" srcset=\"https:\/\/wordpress.nibis.de\/gsscharn\/files\/Stundentafel-Grundschule-Scharnebeck.png 967w, https:\/\/wordpress.nibis.de\/gsscharn\/files\/Stundentafel-Grundschule-Scharnebeck-300x191.png 300w, https:\/\/wordpress.nibis.de\/gsscharn\/files\/Stundentafel-Grundschule-Scharnebeck-768x489.png 768w, https:\/\/wordpress.nibis.de\/gsscharn\/files\/Stundentafel-Grundschule-Scharnebeck-424x270.png 424w\" sizes=\"auto, (max-width: 967px) 100vw, 967px\" \/><\/a><\/figure>\n\n\n\nhttps:\/\/www.mk.niedersachsen.de\/download\/4495\/Die_Arbeit_in_der_Grundschule_-_Informationen_fuer_Erziehungsberechtigte.pdf\n\n\n\n\n\n<p>Die Stundentafel in der Infobrosch\u00fcre ist derzeit noch nicht um die Stunden f\u00fcr &#8218;Sichere Basis&#8216; erg\u00e4nzt. <\/p>\n","protected":false},"excerpt":{"rendered":"<p>Laut &#8218;Erlass f\u00fcr die Arbeit an der Grundschule&#8216; vom 01.08.2020 werden folgende F\u00e4cher unterrichtet: https:\/\/www.mk.niedersachsen.de\/download\/4495\/Die_Arbeit_in_der_Grundschule_-_Informationen_fuer_Erziehungsberechtigte.pdf Die Stundentafel in der Infobrosch\u00fcre ist derzeit noch nicht um die Stunden f\u00fcr &#8218;Sichere Basis&#8216; erg\u00e4nzt.<\/p>\n","protected":false},"author":9194032,"featured_media":0,"parent":0,"menu_order":0,"comment_status":"closed","ping_status":"closed","template":"","meta":{"footnotes":""},"class_list":["post-2420","page","type-page","status-publish","hentry"],"_links":{"self":[{"href":"https:\/\/wordpress.nibis.de\/gsscharn\/wp-json\/wp\/v2\/pages\/2420","targetHints":{"allow":["GET"]}}],"collection":[{"href":"https:\/\/wordpress.nibis.de\/gsscharn\/wp-json\/wp\/v2\/pages"}],"about":[{"href":"https:\/\/wordpress.nibis.de\/gsscharn\/wp-json\/wp\/v2\/types\/page"}],"author":[{"embeddable":true,"href":"https:\/\/wordpress.nibis.de\/gsscharn\/wp-json\/wp\/v2\/users\/9194032"}],"replies":[{"embeddable":true,"href":"https:\/\/wordpress.nibis.de\/gsscharn\/wp-json\/wp\/v2\/comments?post=2420"}],"version-history":[{"count":10,"href":"https:\/\/wordpress.nibis.de\/gsscharn\/wp-json\/wp\/v2\/pages\/2420\/revisions"}],"predecessor-version":[{"id":3048,"href":"https:\/\/wordpress.nibis.de\/gsscharn\/wp-json\/wp\/v2\/pages\/2420\/revisions\/3048"}],"wp:attachment":[{"href":"https:\/\/wordpress.nibis.de\/gsscharn\/wp-json\/wp\/v2\/media?parent=2420"}],"curies":[{"name":"wp","href":"https:\/\/api.w.org\/{rel}","templated":true}]}}