{"id":2439,"date":"2023-03-31T12:26:15","date_gmt":"2023-03-31T11:26:15","guid":{"rendered":"https:\/\/wordpress.nibis.de\/gsscharn\/?page_id=2439"},"modified":"2023-09-16T09:44:25","modified_gmt":"2023-09-16T08:44:25","slug":"praeventionsprojekte","status":"publish","type":"page","link":"https:\/\/wordpress.nibis.de\/gsscharn\/praeventionsprojekte\/","title":{"rendered":"Pr\u00e4ventionsprojekte"},"content":{"rendered":"\n<div class=\"wp-block-group alignfull\"><div class=\"wp-block-group__inner-container is-layout-flow wp-block-group-is-layout-flow\">\n<div class=\"wp-block-columns tw-gutter-large is-layout-flex wp-container-core-columns-is-layout-abceabcf wp-block-columns-is-layout-flex\">\n<div class=\"wp-block-column is-layout-flow wp-block-column-is-layout-flow\">\n<figure class=\"wp-block-image size-full is-resized\"><a href=\"https:\/\/wordpress.nibis.de\/gsscharn\/files\/Faustlos.png\"><img loading=\"lazy\" decoding=\"async\" src=\"https:\/\/wordpress.nibis.de\/gsscharn\/files\/Faustlos.png\" alt=\"\" class=\"wp-image-2576\" width=\"112\" height=\"91\" srcset=\"https:\/\/wordpress.nibis.de\/gsscharn\/files\/Faustlos.png 530w, https:\/\/wordpress.nibis.de\/gsscharn\/files\/Faustlos-300x247.png 300w, https:\/\/wordpress.nibis.de\/gsscharn\/files\/Faustlos-328x270.png 328w\" sizes=\"auto, (max-width: 112px) 100vw, 112px\" \/><\/a><\/figure>\n\n\n\n<p><strong>Faustlos.<\/strong> In den <strong>Schuljahrg\u00e4ngen 1 bis 3<\/strong> wird das Programm \u201eFaustlos\u201c durchgef\u00fchrt.<\/p>\n\n\n\n<p>\u201eFaustlos\u201c ist ein f\u00fcr die Grundschule entwickeltes Lehrprogramm, das aggressives und impulsives Verhalten von 6 \u201310-j\u00e4hrigen Kindern vermindern und ihre sozialen Kompetenzen erh\u00f6hen soll. Es dient der Pr\u00e4vention aggressiven Verhaltens. Dieses aggressive und gewaltbereite Verhalten resultiert nach diesem Ansatz aus einem Mangel an sozialen Kompetenzen, der eine konstruktive Form der Problem- und Konfliktbew\u00e4ltigung nicht zul\u00e4sst.<\/p>\n<\/div>\n\n\n\n<div class=\"wp-block-column is-layout-flow wp-block-column-is-layout-flow\">\n<figure class=\"wp-block-image size-full is-resized\"><a href=\"https:\/\/wordpress.nibis.de\/gsscharn\/files\/erste-Hilfe.png\"><img loading=\"lazy\" decoding=\"async\" src=\"https:\/\/wordpress.nibis.de\/gsscharn\/files\/erste-Hilfe.png\" alt=\"\" class=\"wp-image-2577\" width=\"106\" height=\"88\" srcset=\"https:\/\/wordpress.nibis.de\/gsscharn\/files\/erste-Hilfe.png 640w, https:\/\/wordpress.nibis.de\/gsscharn\/files\/erste-Hilfe-300x251.png 300w, https:\/\/wordpress.nibis.de\/gsscharn\/files\/erste-Hilfe-322x270.png 322w\" sizes=\"auto, (max-width: 106px) 100vw, 106px\" \/><\/a><\/figure>\n\n\n\n<p><strong>Notfalltraining f\u00fcr Kinder. <\/strong>In den <strong>Schuljahrg\u00e4ngen 1 und 3<\/strong> wird im Laufe des Schuljahres das Notfalltraining f\u00fcr Kinder durchgef\u00fchrt. Die Wiederholung in Jahrgang 3 dient der Festigung des im 1. Schuljahr bereits Gelernten.<\/p>\n<\/div>\n<\/div>\n\n\n\n<div class=\"wp-block-columns tw-gutter-large is-layout-flex wp-container-core-columns-is-layout-abceabcf wp-block-columns-is-layout-flex\">\n<div class=\"wp-block-column is-layout-flow wp-block-column-is-layout-flow\">\n<figure class=\"wp-block-image size-large is-resized\"><a href=\"https:\/\/wordpress.nibis.de\/gsscharn\/files\/Praeventionspuppenbuehne.jpg\"><img loading=\"lazy\" decoding=\"async\" src=\"https:\/\/wordpress.nibis.de\/gsscharn\/files\/Praeventionspuppenbuehne-724x1024.jpg\" alt=\"\" class=\"wp-image-2578\" width=\"82\" height=\"115\" srcset=\"https:\/\/wordpress.nibis.de\/gsscharn\/files\/Praeventionspuppenbuehne-724x1024.jpg 724w, https:\/\/wordpress.nibis.de\/gsscharn\/files\/Praeventionspuppenbuehne-212x300.jpg 212w, https:\/\/wordpress.nibis.de\/gsscharn\/files\/Praeventionspuppenbuehne-768x1086.jpg 768w, https:\/\/wordpress.nibis.de\/gsscharn\/files\/Praeventionspuppenbuehne-1086x1536.jpg 1086w, https:\/\/wordpress.nibis.de\/gsscharn\/files\/Praeventionspuppenbuehne-191x270.jpg 191w, https:\/\/wordpress.nibis.de\/gsscharn\/files\/Praeventionspuppenbuehne.jpg 1239w\" sizes=\"auto, (max-width: 82px) 100vw, 82px\" \/><\/a><\/figure>\n\n\n\n<p><strong><strong>Pr\u00e4ventionspuppenb\u00fchne der Polizeidirektion L\u00fcneburg<\/strong>.<\/strong> Mit den <strong>vierten Klassen<\/strong> besuchen wir die Auff\u00fchrungen der Pr\u00e4ventionspuppenb\u00fchne. Das Selbstbewusstsein st\u00e4rken, Empathie (Einf\u00fchlungsverm\u00f6gen) als Grundlage f\u00fcr intra- und interpersonale Konfliktl\u00f6sung und Kl\u00e4rungsgespr\u00e4che verbessern, als Voraussetzung f\u00fcr Empathie, \u00fcber eigene Gef\u00fchle sprechen lernen, die emotionale Kompetenz durch das \u201eBewusstmachen von Gef\u00fchlslagen\u201c st\u00e4rken, Konflikte (Meinungsverschiedenheiten) durch die Verbesserung der sozialen Fertigkeiten fair l\u00f6sen lernen. <\/p>\n<\/div>\n\n\n\n<div class=\"wp-block-column is-layout-flow wp-block-column-is-layout-flow\">\n<figure class=\"wp-block-image size-full is-resized\"><a href=\"https:\/\/wordpress.nibis.de\/gsscharn\/files\/Dunkelziffer.jpg\"><img loading=\"lazy\" decoding=\"async\" src=\"https:\/\/wordpress.nibis.de\/gsscharn\/files\/Dunkelziffer.jpg\" alt=\"\" class=\"wp-image-2579\" width=\"114\" height=\"114\" srcset=\"https:\/\/wordpress.nibis.de\/gsscharn\/files\/Dunkelziffer.jpg 225w, https:\/\/wordpress.nibis.de\/gsscharn\/files\/Dunkelziffer-150x150.jpg 150w\" sizes=\"auto, (max-width: 114px) 100vw, 114px\" \/><\/a><\/figure>\n\n\n\n<p><strong><strong>Mein K\u00f6rper geh\u00f6rt mir (Dunkelziffer e. V.)<\/strong>. <\/strong>Das Pr\u00e4ventionsprojekt \u201eMein K\u00f6rper geh\u00f6rt mir\u201c ist eine Kooperation der theater-p\u00e4dagogischen Werkstatt Osnabr\u00fcck und der Beratungsstelle Dunkelziffer e. V. Hamburg. \u00dcber drei Wochen verteilt kommt das Team von Dunkelziffer in die <strong>dritten Klassen<\/strong>. Begleitend gibt es einen Elternabend. Ziel dieses Projektes ist es, M\u00e4dchen und Jungen vor sexuellem Missbrauch zu sch\u00fctzen. Wir wollen Ihre Kinder st\u00e4rken, ihnen Mut machen, sich bei Problemen Hilfe zu holen, die eigenen Grenzen wahrzunehmen und zu sch\u00fctzen. Die Kinder bekommen Anregungen, wie sie gute und schlechte Geheimnisse unterscheiden k\u00f6nnen und sie lernen auch, dass sie \u00fcber belastende Erfahrungen sprechen d\u00fcrfen.<\/p>\n<\/div>\n<\/div>\n<\/div><\/div>\n\n\n\n<div class=\"wp-block-group alignfull\"><div class=\"wp-block-group__inner-container is-layout-flow wp-block-group-is-layout-flow\">\n<div class=\"wp-block-columns tw-gutter-large is-layout-flex wp-container-core-columns-is-layout-abceabcf wp-block-columns-is-layout-flex\">\n<div class=\"wp-block-column is-layout-flow wp-block-column-is-layout-flow\">\n<figure class=\"wp-block-image size-full is-resized\"><a href=\"https:\/\/wordpress.nibis.de\/gsscharn\/files\/Maedchen.png\"><img loading=\"lazy\" decoding=\"async\" src=\"https:\/\/wordpress.nibis.de\/gsscharn\/files\/Maedchen.png\" alt=\"\" class=\"wp-image-2582\" width=\"87\" height=\"88\" srcset=\"https:\/\/wordpress.nibis.de\/gsscharn\/files\/Maedchen.png 308w, https:\/\/wordpress.nibis.de\/gsscharn\/files\/Maedchen-297x300.png 297w, https:\/\/wordpress.nibis.de\/gsscharn\/files\/Maedchen-150x150.png 150w, https:\/\/wordpress.nibis.de\/gsscharn\/files\/Maedchen-267x270.png 267w\" sizes=\"auto, (max-width: 87px) 100vw, 87px\" \/><\/a><\/figure>\n\n\n\n<p><strong><strong>\u201eStarke M\u00e4dchen\u201c (Ma Donna \u2013 Familienzentrum)<\/strong>.<\/strong> Ziel des Projektes f\u00fcr die <strong>M\u00e4dchen in den vierten Klassen<\/strong> der GS Scharnebeck ist die St\u00e4rkung und Sensibilisierung der M\u00e4dchen, die Erweiterung der individuellen sozialen Kompetenzen und die Entwicklung und Verbesserung des Zusammenhaltes und des Klimas in der Klasse.<\/p>\n<\/div>\n\n\n\n<div class=\"wp-block-column is-layout-flow wp-block-column-is-layout-flow\">\n<figure class=\"wp-block-image size-full is-resized\"><a href=\"https:\/\/wordpress.nibis.de\/gsscharn\/files\/Jungen.png\"><img loading=\"lazy\" decoding=\"async\" src=\"https:\/\/wordpress.nibis.de\/gsscharn\/files\/Jungen.png\" alt=\"\" class=\"wp-image-2583\" width=\"85\" height=\"80\" srcset=\"https:\/\/wordpress.nibis.de\/gsscharn\/files\/Jungen.png 336w, https:\/\/wordpress.nibis.de\/gsscharn\/files\/Jungen-300x286.png 300w, https:\/\/wordpress.nibis.de\/gsscharn\/files\/Jungen-284x270.png 284w\" sizes=\"auto, (max-width: 85px) 100vw, 85px\" \/><\/a><\/figure>\n\n\n\n<p><strong><strong>\u201eCool sein \u2013 cool bleiben\u201c (TEMP-Projekte \u2013 Maik Peyko)<\/strong><\/strong>. Ziele des Projektes f\u00fcr die <strong>Jungen der vierten Klassen<\/strong> der GS Scharnebeck ist die Aufkl\u00e4rung \u00fcber das Thema Gewalt, Handlungsans\u00e4tze aufzeigen, Konfliktl\u00f6sungsstrategien entwickeln, eigene Gef\u00fchle und Grenzen und die der anderen wahrnehmen und respektieren, Verteidigungskonzepte kennenlernen, um einem Konflikt fr\u00fchzeitig aus dem Weg zu gehen, ohne Gewalt eigene Positionen vertreten k\u00f6nnen, effektive Kommunikationsstrukturen kennenlernen, das Selbstbewusstsein st\u00e4rken<\/p>\n<\/div>\n<\/div>\n\n\n\n<div class=\"wp-block-columns tw-gutter-large is-layout-flex wp-container-core-columns-is-layout-abceabcf wp-block-columns-is-layout-flex\">\n<div class=\"wp-block-column is-layout-flow wp-block-column-is-layout-flow\">\n<figure class=\"wp-block-image size-full is-resized\"><a href=\"https:\/\/wordpress.nibis.de\/gsscharn\/files\/du-darfst-es-sagen.jpg\"><img loading=\"lazy\" decoding=\"async\" src=\"https:\/\/wordpress.nibis.de\/gsscharn\/files\/du-darfst-es-sagen.jpg\" alt=\"\" class=\"wp-image-2584\" width=\"213\" height=\"84\" srcset=\"https:\/\/wordpress.nibis.de\/gsscharn\/files\/du-darfst-es-sagen.jpg 1000w, https:\/\/wordpress.nibis.de\/gsscharn\/files\/du-darfst-es-sagen-300x119.jpg 300w, https:\/\/wordpress.nibis.de\/gsscharn\/files\/du-darfst-es-sagen-768x304.jpg 768w, https:\/\/wordpress.nibis.de\/gsscharn\/files\/du-darfst-es-sagen-604x239.jpg 604w\" sizes=\"auto, (max-width: 213px) 100vw, 213px\" \/><\/a><\/figure>\n\n\n\n<p><strong>Du darfst es sagen (Kriminalpr\u00e4ventionsrat L\u00fcneburg). <\/strong>Dieses Angebot f\u00fcr die <strong>zweiten Klassen<\/strong> bietet Hilfen zur individuellen St\u00e4rkung Ihres Kindes und zielt auch darauf ab, von Gewalt betroffenen Kindern Hilfem\u00f6glichkeiten aufzuzeigen.<\/p>\n<\/div>\n\n\n\n<div class=\"wp-block-column is-layout-flow wp-block-column-is-layout-flow\">\n<p><\/p>\n<\/div>\n<\/div>\n<\/div><\/div>\n","protected":false},"excerpt":{"rendered":"<p>Faustlos. In den Schuljahrg\u00e4ngen 1 bis 3 wird das Programm \u201eFaustlos\u201c durchgef\u00fchrt. \u201eFaustlos\u201c ist ein f\u00fcr die Grundschule entwickeltes Lehrprogramm, das aggressives und impulsives Verhalten von 6 \u201310-j\u00e4hrigen Kindern vermindern und ihre sozialen Kompetenzen erh\u00f6hen soll. Es dient der Pr\u00e4vention aggressiven Verhaltens. Dieses aggressive und gewaltbereite Verhalten resultiert nach diesem Ansatz aus einem Mangel an sozialen Kompetenzen, der eine konstruktive Form der Problem- und Konfliktbew\u00e4ltigung nicht zul\u00e4sst. Notfalltraining f\u00fcr Kinder. In den Schuljahrg\u00e4ngen 1 und 3 wird im Laufe des&#8230;<\/p>\n<p class=\"read-more\"><a class=\"btn btn-default\" href=\"https:\/\/wordpress.nibis.de\/gsscharn\/praeventionsprojekte\/\">Weiterlesen<span class=\"screen-reader-text\"> Weiterlesen<\/span><\/a><\/p>\n","protected":false},"author":9194032,"featured_media":0,"parent":0,"menu_order":0,"comment_status":"closed","ping_status":"closed","template":"","meta":{"footnotes":""},"class_list":["post-2439","page","type-page","status-publish","hentry"],"_links":{"self":[{"href":"https:\/\/wordpress.nibis.de\/gsscharn\/wp-json\/wp\/v2\/pages\/2439","targetHints":{"allow":["GET"]}}],"collection":[{"href":"https:\/\/wordpress.nibis.de\/gsscharn\/wp-json\/wp\/v2\/pages"}],"about":[{"href":"https:\/\/wordpress.nibis.de\/gsscharn\/wp-json\/wp\/v2\/types\/page"}],"author":[{"embeddable":true,"href":"https:\/\/wordpress.nibis.de\/gsscharn\/wp-json\/wp\/v2\/users\/9194032"}],"replies":[{"embeddable":true,"href":"https:\/\/wordpress.nibis.de\/gsscharn\/wp-json\/wp\/v2\/comments?post=2439"}],"version-history":[{"count":4,"href":"https:\/\/wordpress.nibis.de\/gsscharn\/wp-json\/wp\/v2\/pages\/2439\/revisions"}],"predecessor-version":[{"id":2821,"href":"https:\/\/wordpress.nibis.de\/gsscharn\/wp-json\/wp\/v2\/pages\/2439\/revisions\/2821"}],"wp:attachment":[{"href":"https:\/\/wordpress.nibis.de\/gsscharn\/wp-json\/wp\/v2\/media?parent=2439"}],"curies":[{"name":"wp","href":"https:\/\/api.w.org\/{rel}","templated":true}]}}