{"id":2646,"date":"2023-07-12T08:01:09","date_gmt":"2023-07-12T07:01:09","guid":{"rendered":"https:\/\/wordpress.nibis.de\/gsscharn\/?page_id=2646"},"modified":"2023-07-12T08:10:28","modified_gmt":"2023-07-12T07:10:28","slug":"mathematik","status":"publish","type":"page","link":"https:\/\/wordpress.nibis.de\/gsscharn\/mathematik\/","title":{"rendered":"Mathematik"},"content":{"rendered":"\n<figure class=\"wp-block-image size-large\"><a href=\"https:\/\/wordpress.nibis.de\/gsscharn\/files\/MatheHomepage-1-scaled.jpg\"><img loading=\"lazy\" decoding=\"async\" width=\"964\" height=\"1024\" src=\"https:\/\/wordpress.nibis.de\/gsscharn\/files\/MatheHomepage-1-964x1024.jpg\" alt=\"\" class=\"wp-image-2685\" srcset=\"https:\/\/wordpress.nibis.de\/gsscharn\/files\/MatheHomepage-1-964x1024.jpg 964w, https:\/\/wordpress.nibis.de\/gsscharn\/files\/MatheHomepage-1-282x300.jpg 282w, https:\/\/wordpress.nibis.de\/gsscharn\/files\/MatheHomepage-1-768x816.jpg 768w, https:\/\/wordpress.nibis.de\/gsscharn\/files\/MatheHomepage-1-1445x1536.jpg 1445w, https:\/\/wordpress.nibis.de\/gsscharn\/files\/MatheHomepage-1-1927x2048.jpg 1927w, https:\/\/wordpress.nibis.de\/gsscharn\/files\/MatheHomepage-1-254x270.jpg 254w\" sizes=\"auto, (max-width: 964px) 100vw, 964px\" \/><\/a><\/figure>\n\n\n\n<p>In der Grundschule werden in Mathematik erst einmal die <strong>Grundrechenarten<\/strong> behandelt. Unter Grundrechenarten versteht man <strong>Addition, Subtraktion, Multiplikation und Division<\/strong> von Zahlen.\u00a0 <\/p>\n\n\n\n<p>Diese Zahlen werden im Anschluss auf verschiedene Art und Weise ge\u00fcbt. Werden die Zahlen gr\u00f6\u00dfer, kommt in der Grundschule das schriftliche Rechnen zum Einsatz. Dies umfasst das halbschriftliche Rechnen, sowie die schriftliche Addition, Subtraktion, Multiplikation und Division. <\/p>\n\n\n\n<p>Meter, Kilometer, Sekunde, Kilogramm, Liter sind Ma\u00dfeinheiten, die bereits in der Grundschule behandelt und umgerechnet werden. <\/p>\n\n\n\n<p>Geometrische Formen werden auf verschiedenste Weise in den Mathematikalltag integriert.<\/p>\n\n\n","protected":false},"excerpt":{"rendered":"<p>In der Grundschule werden in Mathematik erst einmal die Grundrechenarten behandelt. Unter Grundrechenarten versteht man Addition, Subtraktion, Multiplikation und Division von Zahlen.\u00a0 Diese Zahlen werden im Anschluss auf verschiedene Art und Weise ge\u00fcbt. Werden die Zahlen gr\u00f6\u00dfer, kommt in der Grundschule das schriftliche Rechnen zum Einsatz. Dies umfasst das halbschriftliche Rechnen, sowie die schriftliche Addition, Subtraktion, Multiplikation und Division. Meter, Kilometer, Sekunde, Kilogramm, Liter sind Ma\u00dfeinheiten, die bereits in der Grundschule behandelt und umgerechnet werden. Geometrische Formen werden auf verschiedenste&#8230;<\/p>\n<p class=\"read-more\"><a class=\"btn btn-default\" href=\"https:\/\/wordpress.nibis.de\/gsscharn\/mathematik\/\">Weiterlesen<span class=\"screen-reader-text\"> Weiterlesen<\/span><\/a><\/p>\n","protected":false},"author":9194032,"featured_media":0,"parent":0,"menu_order":0,"comment_status":"closed","ping_status":"closed","template":"","meta":{"footnotes":""},"class_list":["post-2646","page","type-page","status-publish","hentry"],"_links":{"self":[{"href":"https:\/\/wordpress.nibis.de\/gsscharn\/wp-json\/wp\/v2\/pages\/2646","targetHints":{"allow":["GET"]}}],"collection":[{"href":"https:\/\/wordpress.nibis.de\/gsscharn\/wp-json\/wp\/v2\/pages"}],"about":[{"href":"https:\/\/wordpress.nibis.de\/gsscharn\/wp-json\/wp\/v2\/types\/page"}],"author":[{"embeddable":true,"href":"https:\/\/wordpress.nibis.de\/gsscharn\/wp-json\/wp\/v2\/users\/9194032"}],"replies":[{"embeddable":true,"href":"https:\/\/wordpress.nibis.de\/gsscharn\/wp-json\/wp\/v2\/comments?post=2646"}],"version-history":[{"count":2,"href":"https:\/\/wordpress.nibis.de\/gsscharn\/wp-json\/wp\/v2\/pages\/2646\/revisions"}],"predecessor-version":[{"id":2687,"href":"https:\/\/wordpress.nibis.de\/gsscharn\/wp-json\/wp\/v2\/pages\/2646\/revisions\/2687"}],"wp:attachment":[{"href":"https:\/\/wordpress.nibis.de\/gsscharn\/wp-json\/wp\/v2\/media?parent=2646"}],"curies":[{"name":"wp","href":"https:\/\/api.w.org\/{rel}","templated":true}]}}